{"id":21246,"date":"2022-05-17T12:12:42","date_gmt":"2022-05-17T10:12:42","guid":{"rendered":"https:\/\/www.clinicarotger.com\/crecer-en-clinica-rotger-hospital-mallorca\/"},"modified":"2025-05-22T13:36:47","modified_gmt":"2025-05-22T11:36:47","slug":"growing-up-at-clinica-rotger-mallorca-hospital","status":"publish","type":"page","link":"https:\/\/www.clinicarotger.com\/en\/growing-up-at-clinica-rotger-mallorca-hospital\/","title":{"rendered":"Growing up at Clinica Rotger"},"content":{"rendered":"\t\t<div data-elementor-type=\"wp-page\" data-elementor-id=\"21246\" class=\"elementor elementor-21246 elementor-21174\">\n\t\t\t\t\t\t<section class=\"elementor-section elementor-top-section elementor-element elementor-element-78445d4 elementor-section-stretched elementor-section-full_width elementor-section-height-default elementor-section-height-default\" data-id=\"78445d4\" data-element_type=\"section\" data-e-type=\"section\" data-settings=\"{&quot;stretch_section&quot;:&quot;section-stretched&quot;,&quot;background_background&quot;:&quot;classic&quot;}\">\n\t\t\t\t\t\t<div class=\"elementor-container elementor-column-gap-default\">\n\t\t\t\t\t<div class=\"elementor-column elementor-col-100 elementor-top-column elementor-element elementor-element-558f38f\" data-id=\"558f38f\" data-element_type=\"column\" data-e-type=\"column\">\n\t\t\t<div class=\"elementor-widget-wrap elementor-element-populated\">\n\t\t\t\t\t\t<section class=\"elementor-section elementor-inner-section elementor-element elementor-element-1ff8166 elementor-section-boxed elementor-section-height-default elementor-section-height-default\" data-id=\"1ff8166\" data-element_type=\"section\" data-e-type=\"section\">\n\t\t\t\t\t\t<div class=\"elementor-container elementor-column-gap-default\">\n\t\t\t\t\t<div class=\"elementor-column elementor-col-33 elementor-inner-column elementor-element elementor-element-6804a04\" data-id=\"6804a04\" data-element_type=\"column\" data-e-type=\"column\">\n\t\t\t<div class=\"elementor-widget-wrap elementor-element-populated\">\n\t\t\t\t\t\t<div class=\"elementor-element elementor-element-f31b07e elementor-widget elementor-widget-text-editor\" data-id=\"f31b07e\" data-element_type=\"widget\" data-e-type=\"widget\" data-widget_type=\"text-editor.default\">\n\t\t\t\t<div class=\"elementor-widget-container\">\n\t\t\t\t\t\t\t\t\t<p><span style=\"color: #e03e52;\"><strong>Escuela de Crianza de Cl\u00ednica Rotger<\/strong><\/span><\/p><h2><span style=\"color: #00a19a;\"><strong>Pr\u00f3ximos Eventos<\/strong><\/span><\/h2><p style=\"text-align: justify;\">El <a href=\"https:\/\/www.clinicarotger.com\/especialidades-clinica-rotger-hospital-mallorca\/pediatria-clinica-rotger\/\" target=\"_blank\" rel=\"noopener\"><strong>Servicio de Pediatr\u00eda de Cl\u00ednica Rotger<\/strong><\/a> presenta la nueva \u201c<strong>Escuela de Crianza<\/strong>\u201d una agenda de eventos, charlas y comunicaciones presenciales y audiovisuales que pretenden resolver todas aquellas dudas o cuestiones relacionadas con la salud de nuestros hijos que nos permite ampliar la informaci\u00f3n que obtenemos en la consulta del pediatra.<\/p><h3 style=\"text-align: justify;\"><strong><span style=\"color: #00a19a;\">Actividades previstas:<\/span><\/strong><\/h3>\t\t\t\t\t\t\t\t<\/div>\n\t\t\t\t<\/div>\n\t\t\t\t<div class=\"elementor-element elementor-element-7bbb356 elementor-view-default elementor-widget elementor-widget-icon\" data-id=\"7bbb356\" data-element_type=\"widget\" data-e-type=\"widget\" data-widget_type=\"icon.default\">\n\t\t\t\t<div class=\"elementor-widget-container\">\n\t\t\t\t\t\t\t<div class=\"elementor-icon-wrapper\">\n\t\t\t<div class=\"elementor-icon\">\n\t\t\t<i aria-hidden=\"true\" class=\"fas fa-arrow-circle-down\"><\/i>\t\t\t<\/div>\n\t\t<\/div>\n\t\t\t\t\t\t<\/div>\n\t\t\t\t<\/div>\n\t\t\t\t\t<\/div>\n\t\t<\/div>\n\t\t\t\t<div class=\"elementor-column elementor-col-33 elementor-inner-column elementor-element elementor-element-00e2d13\" data-id=\"00e2d13\" data-element_type=\"column\" data-e-type=\"column\">\n\t\t\t<div class=\"elementor-widget-wrap elementor-element-populated\">\n\t\t\t\t\t\t<div class=\"elementor-element elementor-element-e959e8d elementor-widget elementor-widget-image\" data-id=\"e959e8d\" data-element_type=\"widget\" data-e-type=\"widget\" data-widget_type=\"image.default\">\n\t\t\t\t<div class=\"elementor-widget-container\">\n\t\t\t\t\t\t\t\t\t\t\t\t\t\t\t<img fetchpriority=\"high\" decoding=\"async\" width=\"1023\" height=\"1024\" src=\"https:\/\/www.clinicarotger.com\/wp-content\/uploads\/2021\/05\/Escuela-de-Proteccion-Solar.jpg\" class=\"attachment-large size-large wp-image-15236\" alt=\"Escuela de Protecci\u00f3n Solar\" \/>\t\t\t\t\t\t\t\t\t\t\t\t\t\t\t<\/div>\n\t\t\t\t<\/div>\n\t\t\t\t<div class=\"elementor-element elementor-element-5efbcb2 elementor-widget elementor-widget-image\" data-id=\"5efbcb2\" data-element_type=\"widget\" data-e-type=\"widget\" data-widget_type=\"image.default\">\n\t\t\t\t<div class=\"elementor-widget-container\">\n\t\t\t\t\t\t\t\t\t\t\t\t\t\t\t<img decoding=\"async\" width=\"281\" height=\"332\" src=\"https:\/\/www.clinicarotger.com\/wp-content\/uploads\/2021\/11\/Simbolo-Clinica-Rotger-Hospital-Mallorca-1.png\" class=\"attachment-large size-large wp-image-17866\" alt=\"S\u00edmbolo-Cl\u00ednica-Rotger-Hospital-Mallorca\" \/>\t\t\t\t\t\t\t\t\t\t\t\t\t\t\t<\/div>\n\t\t\t\t<\/div>\n\t\t\t\t\t<\/div>\n\t\t<\/div>\n\t\t\t\t<div class=\"elementor-column elementor-col-33 elementor-inner-column elementor-element elementor-element-d64dc72\" data-id=\"d64dc72\" data-element_type=\"column\" data-e-type=\"column\">\n\t\t\t<div class=\"elementor-widget-wrap elementor-element-populated\">\n\t\t\t\t\t\t<div class=\"elementor-element elementor-element-04154ca elementor-widget elementor-widget-image\" data-id=\"04154ca\" data-element_type=\"widget\" data-e-type=\"widget\" data-widget_type=\"image.default\">\n\t\t\t\t<div class=\"elementor-widget-container\">\n\t\t\t\t\t\t\t\t\t\t\t\t\t\t\t<img decoding=\"async\" width=\"718\" height=\"1024\" src=\"https:\/\/www.clinicarotger.com\/wp-content\/uploads\/2021\/05\/Dibujo-Urgencias-Pediatricas-Clinica-Roger-Hospital-Quiron-salud-Palmaplanas-24h-718x1024.jpg\" class=\"attachment-large size-large wp-image-15054\" alt=\"\" \/>\t\t\t\t\t\t\t\t\t\t\t\t\t\t\t<\/div>\n\t\t\t\t<\/div>\n\t\t\t\t\t<\/div>\n\t\t<\/div>\n\t\t\t\t\t<\/div>\n\t\t<\/section>\n\t\t\t\t\t<\/div>\n\t\t<\/div>\n\t\t\t\t\t<\/div>\n\t\t<\/section>\n\t\t\t\t<section class=\"elementor-section elementor-top-section elementor-element elementor-element-6f2024a elementor-section-stretched elementor-section-full_width elementor-hidden-desktop elementor-hidden-tablet elementor-hidden-mobile elementor-section-height-default elementor-section-height-default\" data-id=\"6f2024a\" data-element_type=\"section\" data-e-type=\"section\" data-settings=\"{&quot;stretch_section&quot;:&quot;section-stretched&quot;,&quot;background_background&quot;:&quot;classic&quot;}\">\n\t\t\t\t\t\t<div class=\"elementor-container elementor-column-gap-default\">\n\t\t\t\t\t<div class=\"elementor-column elementor-col-100 elementor-top-column elementor-element elementor-element-dfed2a3\" data-id=\"dfed2a3\" data-element_type=\"column\" data-e-type=\"column\">\n\t\t\t<div class=\"elementor-widget-wrap elementor-element-populated\">\n\t\t\t\t\t\t<section class=\"elementor-section elementor-inner-section elementor-element elementor-element-1e3e808 elementor-section-boxed elementor-section-height-default elementor-section-height-default\" data-id=\"1e3e808\" data-element_type=\"section\" data-e-type=\"section\">\n\t\t\t\t\t\t<div class=\"elementor-container elementor-column-gap-default\">\n\t\t\t\t\t<div class=\"elementor-column elementor-col-100 elementor-inner-column elementor-element elementor-element-8351603\" data-id=\"8351603\" data-element_type=\"column\" data-e-type=\"column\">\n\t\t\t<div class=\"elementor-widget-wrap elementor-element-populated\">\n\t\t\t\t\t\t<div class=\"elementor-element elementor-element-1bb0eb9 elementor-widget elementor-widget-video\" data-id=\"1bb0eb9\" data-element_type=\"widget\" data-e-type=\"widget\" data-settings=\"{&quot;youtube_url&quot;:&quot;https:\\\/\\\/www.youtube.com\\\/watch?v=0n39UqKFd9I&quot;,&quot;video_type&quot;:&quot;youtube&quot;,&quot;controls&quot;:&quot;yes&quot;}\" data-widget_type=\"video.default\">\n\t\t\t\t<div class=\"elementor-widget-container\">\n\t\t\t\t\t\t\t<div class=\"elementor-wrapper elementor-open-inline\">\n\t\t\t<div class=\"elementor-video\"><\/div>\t\t<\/div>\n\t\t\t\t\t\t<\/div>\n\t\t\t\t<\/div>\n\t\t\t\t\t<\/div>\n\t\t<\/div>\n\t\t\t\t\t<\/div>\n\t\t<\/section>\n\t\t\t\t\t<\/div>\n\t\t<\/div>\n\t\t\t\t\t<\/div>\n\t\t<\/section>\n\t\t\t\t<section class=\"elementor-section elementor-top-section elementor-element elementor-element-68877c7 elementor-section-stretched elementor-section-full_width elementor-hidden-desktop elementor-hidden-tablet elementor-hidden-mobile elementor-section-height-default elementor-section-height-default\" data-id=\"68877c7\" data-element_type=\"section\" data-e-type=\"section\" data-settings=\"{&quot;stretch_section&quot;:&quot;section-stretched&quot;,&quot;background_background&quot;:&quot;classic&quot;}\">\n\t\t\t\t\t\t<div class=\"elementor-container elementor-column-gap-default\">\n\t\t\t\t\t<div class=\"elementor-column elementor-col-100 elementor-top-column elementor-element elementor-element-2693aa5\" data-id=\"2693aa5\" data-element_type=\"column\" data-e-type=\"column\">\n\t\t\t<div class=\"elementor-widget-wrap elementor-element-populated\">\n\t\t\t\t\t\t<div class=\"elementor-element elementor-element-e9b9dae elementor-widget elementor-widget-text-editor\" data-id=\"e9b9dae\" data-element_type=\"widget\" data-e-type=\"widget\" data-widget_type=\"text-editor.default\">\n\t\t\t\t<div class=\"elementor-widget-container\">\n\t\t\t\t\t\t\t\t\t<h2><strong><span style=\"color: #e03e52;\">Inscripci\u00f3n Actividades<\/span><\/strong><\/h2><h3><strong>Programaci\u00f3n<\/strong><\/h3><h4><span style=\"color: #00a19a;\"><strong>Actividad | &#8220;Curso RCP B\u00e1sica y Maniobras de Desobstrucci\u00f3n&#8221; | <\/strong><\/span><strong>19 de mayo<\/strong>\u00a0<strong>a las 11:30 am\u00a0<\/strong><\/h4>\t\t\t\t\t\t\t\t<\/div>\n\t\t\t\t<\/div>\n\t\t\t\t<section class=\"elementor-section elementor-inner-section elementor-element elementor-element-177e76b elementor-section-boxed elementor-section-height-default elementor-section-height-default\" data-id=\"177e76b\" data-element_type=\"section\" data-e-type=\"section\">\n\t\t\t\t\t\t<div class=\"elementor-container elementor-column-gap-default\">\n\t\t\t\t\t<div class=\"elementor-column elementor-col-100 elementor-inner-column elementor-element elementor-element-5b88ff2\" data-id=\"5b88ff2\" data-element_type=\"column\" data-e-type=\"column\">\n\t\t\t<div class=\"elementor-widget-wrap elementor-element-populated\">\n\t\t\t\t\t\t<div class=\"elementor-element elementor-element-c2f1a0e elementor-widget elementor-widget-spacer\" data-id=\"c2f1a0e\" data-element_type=\"widget\" data-e-type=\"widget\" data-widget_type=\"spacer.default\">\n\t\t\t\t<div class=\"elementor-widget-container\">\n\t\t\t\t\t\t\t<div class=\"elementor-spacer\">\n\t\t\t<div class=\"elementor-spacer-inner\"><\/div>\n\t\t<\/div>\n\t\t\t\t\t\t<\/div>\n\t\t\t\t<\/div>\n\t\t\t\t<div class=\"elementor-element elementor-element-2351081 elementor-widget elementor-widget-shortcode\" data-id=\"2351081\" data-element_type=\"widget\" data-e-type=\"widget\" data-widget_type=\"shortcode.default\">\n\t\t\t\t<div class=\"elementor-widget-container\">\n\t\t\t\t\t\t\t<div class=\"elementor-shortcode\"><p class=\"wpcf7-contact-form-not-found\"><strong>Error:<\/strong> Contact form not found.<\/p><\/div>\n\t\t\t\t\t\t<\/div>\n\t\t\t\t<\/div>\n\t\t\t\t\t<\/div>\n\t\t<\/div>\n\t\t\t\t\t<\/div>\n\t\t<\/section>\n\t\t\t\t\t<\/div>\n\t\t<\/div>\n\t\t\t\t\t<\/div>\n\t\t<\/section>\n\t\t\t\t<\/div>\n\t\t","protected":false},"excerpt":{"rendered":"<p>Escuela de Crianza de Cl\u00ednica Rotger Pr\u00f3ximos Eventos El Servicio de Pediatr\u00eda de Cl\u00ednica Rotger presenta la nueva \u201cEscuela de Crianza\u201d una agenda de eventos, charlas y comunicaciones presenciales y audiovisuales que pretenden resolver todas aquellas dudas o cuestiones relacionadas con la salud de nuestros hijos que nos permite ampliar la informaci\u00f3n que obtenemos en&#8230;<\/p>\n","protected":false},"author":2,"featured_media":21177,"parent":0,"menu_order":0,"comment_status":"closed","ping_status":"closed","template":"","meta":{"_price":"","_stock":"","_tribe_ticket_header":"","_tribe_default_ticket_provider":"","_tribe_ticket_capacity":"0","_ticket_start_date":"","_ticket_end_date":"","_tribe_ticket_show_description":"","_tribe_ticket_show_not_going":false,"_tribe_ticket_use_global_stock":"","_tribe_ticket_global_stock_level":"","_global_stock_mode":"","_global_stock_cap":"","_tribe_rsvp_for_event":"","_tribe_ticket_going_count":"","_tribe_ticket_not_going_count":"","_tribe_tickets_list":"[]","_tribe_ticket_has_attendee_info_fields":false,"footnotes":""},"class_list":["post-21246","page","type-page","status-publish","has-post-thumbnail","hentry"],"yoast_head":"<!-- This site is optimized with the Yoast SEO plugin v26.8 - https:\/\/yoast.com\/product\/yoast-seo-wordpress\/ -->\n<title>Growing up at Clinica Rotger | Hospital Mallorca<\/title>\n<meta name=\"description\" content=\"Growing up at Clinica Rotger\" \/>\n<meta name=\"robots\" content=\"index, follow, max-snippet:-1, max-image-preview:large, max-video-preview:-1\" \/>\n<link rel=\"canonical\" href=\"https:\/\/www.clinicarotger.com\/en\/growing-up-at-clinica-rotger-mallorca-hospital\/\" \/>\n<meta property=\"og:locale\" content=\"en_US\" \/>\n<meta property=\"og:type\" content=\"article\" \/>\n<meta property=\"og:title\" content=\"Growing up at Clinica Rotger | Hospital Mallorca\" \/>\n<meta property=\"og:description\" content=\"Growing up at Clinica Rotger\" \/>\n<meta property=\"og:url\" content=\"https:\/\/www.clinicarotger.com\/en\/growing-up-at-clinica-rotger-mallorca-hospital\/\" \/>\n<meta property=\"og:site_name\" content=\"Cl\u00ednica Rotger\" \/>\n<meta property=\"article:publisher\" content=\"https:\/\/www.facebook.com\/clinica.rotger\/\" \/>\n<meta property=\"article:modified_time\" content=\"2025-05-22T11:36:47+00:00\" \/>\n<meta property=\"og:image\" content=\"https:\/\/www.clinicarotger.com\/wp-content\/uploads\/2022\/05\/Crecer-en-Clinica-Rotger-Hospital-Mallorca.jpg\" \/>\n\t<meta property=\"og:image:width\" content=\"2560\" \/>\n\t<meta property=\"og:image:height\" content=\"854\" \/>\n\t<meta property=\"og:image:type\" content=\"image\/jpeg\" \/>\n<meta name=\"twitter:card\" content=\"summary_large_image\" \/>\n<meta name=\"twitter:site\" content=\"@clinicarotger\" \/>\n<meta name=\"twitter:label1\" content=\"Est. reading time\" \/>\n\t<meta name=\"twitter:data1\" content=\"1 minute\" \/>\n<script type=\"application\/ld+json\" class=\"yoast-schema-graph\">{\"@context\":\"https:\/\/schema.org\",\"@graph\":[{\"@type\":\"WebPage\",\"@id\":\"https:\/\/www.clinicarotger.com\/en\/growing-up-at-clinica-rotger-mallorca-hospital\/\",\"url\":\"https:\/\/www.clinicarotger.com\/en\/growing-up-at-clinica-rotger-mallorca-hospital\/\",\"name\":\"Growing up at Clinica Rotger | Hospital Mallorca\",\"isPartOf\":{\"@id\":\"https:\/\/www.clinicarotger.com\/en\/#website\"},\"primaryImageOfPage\":{\"@id\":\"https:\/\/www.clinicarotger.com\/en\/growing-up-at-clinica-rotger-mallorca-hospital\/#primaryimage\"},\"image\":{\"@id\":\"https:\/\/www.clinicarotger.com\/en\/growing-up-at-clinica-rotger-mallorca-hospital\/#primaryimage\"},\"thumbnailUrl\":\"https:\/\/www.clinicarotger.com\/wp-content\/uploads\/2022\/05\/Crecer-en-Clinica-Rotger-Hospital-Mallorca.jpg\",\"datePublished\":\"2022-05-17T10:12:42+00:00\",\"dateModified\":\"2025-05-22T11:36:47+00:00\",\"description\":\"Growing up at Clinica Rotger\",\"breadcrumb\":{\"@id\":\"https:\/\/www.clinicarotger.com\/en\/growing-up-at-clinica-rotger-mallorca-hospital\/#breadcrumb\"},\"inLanguage\":\"en-US\",\"potentialAction\":[{\"@type\":\"ReadAction\",\"target\":[\"https:\/\/www.clinicarotger.com\/en\/growing-up-at-clinica-rotger-mallorca-hospital\/\"]}]},{\"@type\":\"ImageObject\",\"inLanguage\":\"en-US\",\"@id\":\"https:\/\/www.clinicarotger.com\/en\/growing-up-at-clinica-rotger-mallorca-hospital\/#primaryimage\",\"url\":\"https:\/\/www.clinicarotger.com\/wp-content\/uploads\/2022\/05\/Crecer-en-Clinica-Rotger-Hospital-Mallorca.jpg\",\"contentUrl\":\"https:\/\/www.clinicarotger.com\/wp-content\/uploads\/2022\/05\/Crecer-en-Clinica-Rotger-Hospital-Mallorca.jpg\",\"width\":2560,\"height\":854,\"caption\":\"Child Development and Building Confidence in Children\"},{\"@type\":\"BreadcrumbList\",\"@id\":\"https:\/\/www.clinicarotger.com\/en\/growing-up-at-clinica-rotger-mallorca-hospital\/#breadcrumb\",\"itemListElement\":[{\"@type\":\"ListItem\",\"position\":1,\"name\":\"Inicio\",\"item\":\"https:\/\/www.clinicarotger.com\/en\/\"},{\"@type\":\"ListItem\",\"position\":2,\"name\":\"Growing up at Clinica Rotger\"}]},{\"@type\":\"WebSite\",\"@id\":\"https:\/\/www.clinicarotger.com\/en\/#website\",\"url\":\"https:\/\/www.clinicarotger.com\/en\/\",\"name\":\"Cl\u00ednica Rotger\",\"description\":\"Mallorca Hospital\",\"publisher\":{\"@id\":\"https:\/\/www.clinicarotger.com\/en\/#organization\"},\"potentialAction\":[{\"@type\":\"SearchAction\",\"target\":{\"@type\":\"EntryPoint\",\"urlTemplate\":\"https:\/\/www.clinicarotger.com\/en\/?s={search_term_string}\"},\"query-input\":{\"@type\":\"PropertyValueSpecification\",\"valueRequired\":true,\"valueName\":\"search_term_string\"}}],\"inLanguage\":\"en-US\"},{\"@type\":\"Organization\",\"@id\":\"https:\/\/www.clinicarotger.com\/en\/#organization\",\"name\":\"Cl\u00ednica Rotger\",\"url\":\"https:\/\/www.clinicarotger.com\/en\/\",\"logo\":{\"@type\":\"ImageObject\",\"inLanguage\":\"en-US\",\"@id\":\"https:\/\/www.clinicarotger.com\/en\/#\/schema\/logo\/image\/\",\"url\":\"https:\/\/www.clinicarotger.com\/wp-content\/uploads\/2019\/11\/clinica-rotger-logo-top.png\",\"contentUrl\":\"https:\/\/www.clinicarotger.com\/wp-content\/uploads\/2019\/11\/clinica-rotger-logo-top.png\",\"width\":324,\"height\":104,\"caption\":\"Cl\u00ednica Rotger\"},\"image\":{\"@id\":\"https:\/\/www.clinicarotger.com\/en\/#\/schema\/logo\/image\/\"},\"sameAs\":[\"https:\/\/www.facebook.com\/clinica.rotger\/\",\"https:\/\/x.com\/clinicarotger\",\"https:\/\/twitter.com\/clinicarotger\",\"https:\/\/www.instagram.com\/quironsalud\/\",\"https:\/\/www.youtube.com\/channel\/UC1Xp5xg-r2Au-kQdIorviwg\"]}]}<\/script>\n<!-- \/ Yoast SEO plugin. -->","yoast_head_json":{"title":"Growing up at Clinica Rotger | Hospital Mallorca","description":"Growing up at Clinica Rotger","robots":{"index":"index","follow":"follow","max-snippet":"max-snippet:-1","max-image-preview":"max-image-preview:large","max-video-preview":"max-video-preview:-1"},"canonical":"https:\/\/www.clinicarotger.com\/en\/growing-up-at-clinica-rotger-mallorca-hospital\/","og_locale":"en_US","og_type":"article","og_title":"Growing up at Clinica Rotger | Hospital Mallorca","og_description":"Growing up at Clinica Rotger","og_url":"https:\/\/www.clinicarotger.com\/en\/growing-up-at-clinica-rotger-mallorca-hospital\/","og_site_name":"Cl\u00ednica Rotger","article_publisher":"https:\/\/www.facebook.com\/clinica.rotger\/","article_modified_time":"2025-05-22T11:36:47+00:00","og_image":[{"width":2560,"height":854,"url":"https:\/\/www.clinicarotger.com\/wp-content\/uploads\/2022\/05\/Crecer-en-Clinica-Rotger-Hospital-Mallorca.jpg","type":"image\/jpeg"}],"twitter_card":"summary_large_image","twitter_site":"@clinicarotger","twitter_misc":{"Est. reading time":"1 minute"},"schema":{"@context":"https:\/\/schema.org","@graph":[{"@type":"WebPage","@id":"https:\/\/www.clinicarotger.com\/en\/growing-up-at-clinica-rotger-mallorca-hospital\/","url":"https:\/\/www.clinicarotger.com\/en\/growing-up-at-clinica-rotger-mallorca-hospital\/","name":"Growing up at Clinica Rotger | Hospital Mallorca","isPartOf":{"@id":"https:\/\/www.clinicarotger.com\/en\/#website"},"primaryImageOfPage":{"@id":"https:\/\/www.clinicarotger.com\/en\/growing-up-at-clinica-rotger-mallorca-hospital\/#primaryimage"},"image":{"@id":"https:\/\/www.clinicarotger.com\/en\/growing-up-at-clinica-rotger-mallorca-hospital\/#primaryimage"},"thumbnailUrl":"https:\/\/www.clinicarotger.com\/wp-content\/uploads\/2022\/05\/Crecer-en-Clinica-Rotger-Hospital-Mallorca.jpg","datePublished":"2022-05-17T10:12:42+00:00","dateModified":"2025-05-22T11:36:47+00:00","description":"Growing up at Clinica Rotger","breadcrumb":{"@id":"https:\/\/www.clinicarotger.com\/en\/growing-up-at-clinica-rotger-mallorca-hospital\/#breadcrumb"},"inLanguage":"en-US","potentialAction":[{"@type":"ReadAction","target":["https:\/\/www.clinicarotger.com\/en\/growing-up-at-clinica-rotger-mallorca-hospital\/"]}]},{"@type":"ImageObject","inLanguage":"en-US","@id":"https:\/\/www.clinicarotger.com\/en\/growing-up-at-clinica-rotger-mallorca-hospital\/#primaryimage","url":"https:\/\/www.clinicarotger.com\/wp-content\/uploads\/2022\/05\/Crecer-en-Clinica-Rotger-Hospital-Mallorca.jpg","contentUrl":"https:\/\/www.clinicarotger.com\/wp-content\/uploads\/2022\/05\/Crecer-en-Clinica-Rotger-Hospital-Mallorca.jpg","width":2560,"height":854,"caption":"Child Development and Building Confidence in Children"},{"@type":"BreadcrumbList","@id":"https:\/\/www.clinicarotger.com\/en\/growing-up-at-clinica-rotger-mallorca-hospital\/#breadcrumb","itemListElement":[{"@type":"ListItem","position":1,"name":"Inicio","item":"https:\/\/www.clinicarotger.com\/en\/"},{"@type":"ListItem","position":2,"name":"Growing up at Clinica Rotger"}]},{"@type":"WebSite","@id":"https:\/\/www.clinicarotger.com\/en\/#website","url":"https:\/\/www.clinicarotger.com\/en\/","name":"Cl\u00ednica Rotger","description":"Mallorca Hospital","publisher":{"@id":"https:\/\/www.clinicarotger.com\/en\/#organization"},"potentialAction":[{"@type":"SearchAction","target":{"@type":"EntryPoint","urlTemplate":"https:\/\/www.clinicarotger.com\/en\/?s={search_term_string}"},"query-input":{"@type":"PropertyValueSpecification","valueRequired":true,"valueName":"search_term_string"}}],"inLanguage":"en-US"},{"@type":"Organization","@id":"https:\/\/www.clinicarotger.com\/en\/#organization","name":"Cl\u00ednica Rotger","url":"https:\/\/www.clinicarotger.com\/en\/","logo":{"@type":"ImageObject","inLanguage":"en-US","@id":"https:\/\/www.clinicarotger.com\/en\/#\/schema\/logo\/image\/","url":"https:\/\/www.clinicarotger.com\/wp-content\/uploads\/2019\/11\/clinica-rotger-logo-top.png","contentUrl":"https:\/\/www.clinicarotger.com\/wp-content\/uploads\/2019\/11\/clinica-rotger-logo-top.png","width":324,"height":104,"caption":"Cl\u00ednica Rotger"},"image":{"@id":"https:\/\/www.clinicarotger.com\/en\/#\/schema\/logo\/image\/"},"sameAs":["https:\/\/www.facebook.com\/clinica.rotger\/","https:\/\/x.com\/clinicarotger","https:\/\/twitter.com\/clinicarotger","https:\/\/www.instagram.com\/quironsalud\/","https:\/\/www.youtube.com\/channel\/UC1Xp5xg-r2Au-kQdIorviwg"]}]}},"_links":{"self":[{"href":"https:\/\/www.clinicarotger.com\/en\/wp-json\/wp\/v2\/pages\/21246","targetHints":{"allow":["GET"]}}],"collection":[{"href":"https:\/\/www.clinicarotger.com\/en\/wp-json\/wp\/v2\/pages"}],"about":[{"href":"https:\/\/www.clinicarotger.com\/en\/wp-json\/wp\/v2\/types\/page"}],"author":[{"embeddable":true,"href":"https:\/\/www.clinicarotger.com\/en\/wp-json\/wp\/v2\/users\/2"}],"replies":[{"embeddable":true,"href":"https:\/\/www.clinicarotger.com\/en\/wp-json\/wp\/v2\/comments?post=21246"}],"version-history":[{"count":77,"href":"https:\/\/www.clinicarotger.com\/en\/wp-json\/wp\/v2\/pages\/21246\/revisions"}],"predecessor-version":[{"id":34562,"href":"https:\/\/www.clinicarotger.com\/en\/wp-json\/wp\/v2\/pages\/21246\/revisions\/34562"}],"wp:featuredmedia":[{"embeddable":true,"href":"https:\/\/www.clinicarotger.com\/en\/wp-json\/wp\/v2\/media\/21177"}],"wp:attachment":[{"href":"https:\/\/www.clinicarotger.com\/en\/wp-json\/wp\/v2\/media?parent=21246"}],"curies":[{"name":"wp","href":"https:\/\/api.w.org\/{rel}","templated":true}]}}