{"id":8248,"date":"2019-12-18T20:17:21","date_gmt":"2019-12-18T19:17:21","guid":{"rendered":"https:\/\/www.clinicarotger.com\/videoteca-clinica-rotger-hospital-mallorca\/"},"modified":"2020-05-12T11:09:06","modified_gmt":"2020-05-12T09:09:06","slug":"videobibliothek-clinica-rotger-hospital-mallorca","status":"publish","type":"page","link":"https:\/\/www.clinicarotger.com\/de\/videobibliothek-clinica-rotger-hospital-mallorca\/","title":{"rendered":"Videobibliothek"},"content":{"rendered":"","protected":false},"excerpt":{"rendered":"","protected":false},"author":1,"featured_media":0,"parent":0,"menu_order":0,"comment_status":"closed","ping_status":"closed","template":"page-videos.php","meta":{"_price":"","_stock":"","_tribe_ticket_header":"","_tribe_default_ticket_provider":"","_tribe_ticket_capacity":"0","_ticket_start_date":"","_ticket_end_date":"","_tribe_ticket_show_description":"","_tribe_ticket_show_not_going":false,"_tribe_ticket_use_global_stock":"","_tribe_ticket_global_stock_level":"","_global_stock_mode":"","_global_stock_cap":"","_tribe_rsvp_for_event":"","_tribe_ticket_going_count":"","_tribe_ticket_not_going_count":"","_tribe_tickets_list":"[]","_tribe_ticket_has_attendee_info_fields":false,"footnotes":""},"class_list":["post-8248","page","type-page","status-publish","hentry"],"yoast_head":"<!-- This site is optimized with the Yoast SEO plugin v26.8 - https:\/\/yoast.com\/product\/yoast-seo-wordpress\/ -->\n<title>V\u00eddeoteca | Cl\u00ednica Rotger Quir\u00f3nsalud - Hospital Mallorca<\/title>\n<meta name=\"description\" content=\"V\u00eddeoteca:\" \/>\n<meta name=\"robots\" content=\"index, follow, max-snippet:-1, max-image-preview:large, max-video-preview:-1\" \/>\n<link rel=\"canonical\" href=\"https:\/\/www.clinicarotger.com\/de\/videobibliothek-clinica-rotger-hospital-mallorca\/\" \/>\n<meta property=\"og:locale\" content=\"de_DE\" \/>\n<meta property=\"og:type\" content=\"article\" \/>\n<meta property=\"og:title\" content=\"V\u00eddeoteca | Cl\u00ednica Rotger Quir\u00f3nsalud - Hospital Mallorca\" \/>\n<meta property=\"og:description\" content=\"V\u00eddeoteca:\" \/>\n<meta property=\"og:url\" content=\"https:\/\/www.clinicarotger.com\/de\/videobibliothek-clinica-rotger-hospital-mallorca\/\" \/>\n<meta property=\"og:site_name\" content=\"Clinica Rotger\" \/>\n<meta property=\"article:publisher\" content=\"https:\/\/www.facebook.com\/clinica.rotger\/\" \/>\n<meta property=\"article:modified_time\" content=\"2020-05-12T09:09:06+00:00\" \/>\n<meta property=\"og:image\" content=\"https:\/\/www.clinicarotger.com\/wp-content\/uploads\/2020\/05\/Applus-Certification-Hospital-Seguro-Covid-Clinica-Rotger-Quironsalud.jpg\" \/>\n\t<meta property=\"og:image:width\" content=\"1600\" \/>\n\t<meta property=\"og:image:height\" content=\"500\" \/>\n\t<meta property=\"og:image:type\" content=\"image\/jpeg\" \/>\n<meta name=\"twitter:card\" content=\"summary_large_image\" \/>\n<meta name=\"twitter:site\" content=\"@clinicarotger\" \/>\n<script type=\"application\/ld+json\" class=\"yoast-schema-graph\">{\"@context\":\"https:\/\/schema.org\",\"@graph\":[{\"@type\":\"WebPage\",\"@id\":\"https:\/\/www.clinicarotger.com\/de\/videobibliothek-clinica-rotger-hospital-mallorca\/\",\"url\":\"https:\/\/www.clinicarotger.com\/de\/videobibliothek-clinica-rotger-hospital-mallorca\/\",\"name\":\"V\u00eddeoteca | Cl\u00ednica Rotger Quir\u00f3nsalud - Hospital Mallorca\",\"isPartOf\":{\"@id\":\"https:\/\/www.clinicarotger.com\/de\/#website\"},\"datePublished\":\"2019-12-18T19:17:21+00:00\",\"dateModified\":\"2020-05-12T09:09:06+00:00\",\"description\":\"V\u00eddeoteca:\",\"breadcrumb\":{\"@id\":\"https:\/\/www.clinicarotger.com\/de\/videobibliothek-clinica-rotger-hospital-mallorca\/#breadcrumb\"},\"inLanguage\":\"de\",\"potentialAction\":[{\"@type\":\"ReadAction\",\"target\":[\"https:\/\/www.clinicarotger.com\/de\/videobibliothek-clinica-rotger-hospital-mallorca\/\"]}]},{\"@type\":\"BreadcrumbList\",\"@id\":\"https:\/\/www.clinicarotger.com\/de\/videobibliothek-clinica-rotger-hospital-mallorca\/#breadcrumb\",\"itemListElement\":[{\"@type\":\"ListItem\",\"position\":1,\"name\":\"Inicio\",\"item\":\"https:\/\/www.clinicarotger.com\/de\/\"},{\"@type\":\"ListItem\",\"position\":2,\"name\":\"Videobibliothek\"}]},{\"@type\":\"WebSite\",\"@id\":\"https:\/\/www.clinicarotger.com\/de\/#website\",\"url\":\"https:\/\/www.clinicarotger.com\/de\/\",\"name\":\"Clinica Rotger\",\"description\":\"Krankenhaus Mallorca\",\"publisher\":{\"@id\":\"https:\/\/www.clinicarotger.com\/de\/#organization\"},\"potentialAction\":[{\"@type\":\"SearchAction\",\"target\":{\"@type\":\"EntryPoint\",\"urlTemplate\":\"https:\/\/www.clinicarotger.com\/de\/?s={search_term_string}\"},\"query-input\":{\"@type\":\"PropertyValueSpecification\",\"valueRequired\":true,\"valueName\":\"search_term_string\"}}],\"inLanguage\":\"de\"},{\"@type\":\"Organization\",\"@id\":\"https:\/\/www.clinicarotger.com\/de\/#organization\",\"name\":\"Cl\u00ednica Rotger\",\"url\":\"https:\/\/www.clinicarotger.com\/de\/\",\"logo\":{\"@type\":\"ImageObject\",\"inLanguage\":\"de\",\"@id\":\"https:\/\/www.clinicarotger.com\/de\/#\/schema\/logo\/image\/\",\"url\":\"https:\/\/www.clinicarotger.com\/wp-content\/uploads\/2019\/11\/clinica-rotger-logo-top.png\",\"contentUrl\":\"https:\/\/www.clinicarotger.com\/wp-content\/uploads\/2019\/11\/clinica-rotger-logo-top.png\",\"width\":324,\"height\":104,\"caption\":\"Cl\u00ednica Rotger\"},\"image\":{\"@id\":\"https:\/\/www.clinicarotger.com\/de\/#\/schema\/logo\/image\/\"},\"sameAs\":[\"https:\/\/www.facebook.com\/clinica.rotger\/\",\"https:\/\/x.com\/clinicarotger\",\"https:\/\/twitter.com\/clinicarotger\",\"https:\/\/www.instagram.com\/quironsalud\/\",\"https:\/\/www.youtube.com\/channel\/UC1Xp5xg-r2Au-kQdIorviwg\"]}]}<\/script>\n<!-- \/ Yoast SEO plugin. -->","yoast_head_json":{"title":"V\u00eddeoteca | Cl\u00ednica Rotger Quir\u00f3nsalud - Hospital Mallorca","description":"V\u00eddeoteca:","robots":{"index":"index","follow":"follow","max-snippet":"max-snippet:-1","max-image-preview":"max-image-preview:large","max-video-preview":"max-video-preview:-1"},"canonical":"https:\/\/www.clinicarotger.com\/de\/videobibliothek-clinica-rotger-hospital-mallorca\/","og_locale":"de_DE","og_type":"article","og_title":"V\u00eddeoteca | Cl\u00ednica Rotger Quir\u00f3nsalud - Hospital Mallorca","og_description":"V\u00eddeoteca:","og_url":"https:\/\/www.clinicarotger.com\/de\/videobibliothek-clinica-rotger-hospital-mallorca\/","og_site_name":"Clinica Rotger","article_publisher":"https:\/\/www.facebook.com\/clinica.rotger\/","article_modified_time":"2020-05-12T09:09:06+00:00","og_image":[{"width":1600,"height":500,"url":"https:\/\/www.clinicarotger.com\/wp-content\/uploads\/2020\/05\/Applus-Certification-Hospital-Seguro-Covid-Clinica-Rotger-Quironsalud.jpg","type":"image\/jpeg"}],"twitter_card":"summary_large_image","twitter_site":"@clinicarotger","schema":{"@context":"https:\/\/schema.org","@graph":[{"@type":"WebPage","@id":"https:\/\/www.clinicarotger.com\/de\/videobibliothek-clinica-rotger-hospital-mallorca\/","url":"https:\/\/www.clinicarotger.com\/de\/videobibliothek-clinica-rotger-hospital-mallorca\/","name":"V\u00eddeoteca | Cl\u00ednica Rotger Quir\u00f3nsalud - Hospital Mallorca","isPartOf":{"@id":"https:\/\/www.clinicarotger.com\/de\/#website"},"datePublished":"2019-12-18T19:17:21+00:00","dateModified":"2020-05-12T09:09:06+00:00","description":"V\u00eddeoteca:","breadcrumb":{"@id":"https:\/\/www.clinicarotger.com\/de\/videobibliothek-clinica-rotger-hospital-mallorca\/#breadcrumb"},"inLanguage":"de","potentialAction":[{"@type":"ReadAction","target":["https:\/\/www.clinicarotger.com\/de\/videobibliothek-clinica-rotger-hospital-mallorca\/"]}]},{"@type":"BreadcrumbList","@id":"https:\/\/www.clinicarotger.com\/de\/videobibliothek-clinica-rotger-hospital-mallorca\/#breadcrumb","itemListElement":[{"@type":"ListItem","position":1,"name":"Inicio","item":"https:\/\/www.clinicarotger.com\/de\/"},{"@type":"ListItem","position":2,"name":"Videobibliothek"}]},{"@type":"WebSite","@id":"https:\/\/www.clinicarotger.com\/de\/#website","url":"https:\/\/www.clinicarotger.com\/de\/","name":"Clinica Rotger","description":"Krankenhaus Mallorca","publisher":{"@id":"https:\/\/www.clinicarotger.com\/de\/#organization"},"potentialAction":[{"@type":"SearchAction","target":{"@type":"EntryPoint","urlTemplate":"https:\/\/www.clinicarotger.com\/de\/?s={search_term_string}"},"query-input":{"@type":"PropertyValueSpecification","valueRequired":true,"valueName":"search_term_string"}}],"inLanguage":"de"},{"@type":"Organization","@id":"https:\/\/www.clinicarotger.com\/de\/#organization","name":"Cl\u00ednica Rotger","url":"https:\/\/www.clinicarotger.com\/de\/","logo":{"@type":"ImageObject","inLanguage":"de","@id":"https:\/\/www.clinicarotger.com\/de\/#\/schema\/logo\/image\/","url":"https:\/\/www.clinicarotger.com\/wp-content\/uploads\/2019\/11\/clinica-rotger-logo-top.png","contentUrl":"https:\/\/www.clinicarotger.com\/wp-content\/uploads\/2019\/11\/clinica-rotger-logo-top.png","width":324,"height":104,"caption":"Cl\u00ednica Rotger"},"image":{"@id":"https:\/\/www.clinicarotger.com\/de\/#\/schema\/logo\/image\/"},"sameAs":["https:\/\/www.facebook.com\/clinica.rotger\/","https:\/\/x.com\/clinicarotger","https:\/\/twitter.com\/clinicarotger","https:\/\/www.instagram.com\/quironsalud\/","https:\/\/www.youtube.com\/channel\/UC1Xp5xg-r2Au-kQdIorviwg"]}]}},"_links":{"self":[{"href":"https:\/\/www.clinicarotger.com\/de\/wp-json\/wp\/v2\/pages\/8248","targetHints":{"allow":["GET"]}}],"collection":[{"href":"https:\/\/www.clinicarotger.com\/de\/wp-json\/wp\/v2\/pages"}],"about":[{"href":"https:\/\/www.clinicarotger.com\/de\/wp-json\/wp\/v2\/types\/page"}],"author":[{"embeddable":true,"href":"https:\/\/www.clinicarotger.com\/de\/wp-json\/wp\/v2\/users\/1"}],"replies":[{"embeddable":true,"href":"https:\/\/www.clinicarotger.com\/de\/wp-json\/wp\/v2\/comments?post=8248"}],"version-history":[{"count":2,"href":"https:\/\/www.clinicarotger.com\/de\/wp-json\/wp\/v2\/pages\/8248\/revisions"}],"predecessor-version":[{"id":10264,"href":"https:\/\/www.clinicarotger.com\/de\/wp-json\/wp\/v2\/pages\/8248\/revisions\/10264"}],"wp:attachment":[{"href":"https:\/\/www.clinicarotger.com\/de\/wp-json\/wp\/v2\/media?parent=8248"}],"curies":[{"name":"wp","href":"https:\/\/api.w.org\/{rel}","templated":true}]}}