{"id":8238,"date":"2019-12-05T13:19:10","date_gmt":"2019-12-05T12:19:10","guid":{"rendered":"https:\/\/www.clinicarotger.com\/soluciones-medicas-clinica-rotger-hospital-mallorca\/"},"modified":"2020-05-19T21:51:50","modified_gmt":"2020-05-19T19:51:50","slug":"soluciones-medicas-clinica-rotger-hospital-mallorca","status":"publish","type":"page","link":"https:\/\/www.clinicarotger.com\/de\/soluciones-medicas-clinica-rotger-hospital-mallorca\/","title":{"rendered":"Medizinische L\u00f6sungen"},"content":{"rendered":"\t\t<div data-elementor-type=\"wp-page\" data-elementor-id=\"8238\" class=\"elementor elementor-8238 elementor-2931\">\n\t\t\t\t\t\t<section class=\"elementor-section elementor-top-section elementor-element elementor-element-5b232d8 elementor-section-boxed elementor-section-height-default elementor-section-height-default\" data-id=\"5b232d8\" data-element_type=\"section\" data-e-type=\"section\">\n\t\t\t\t\t\t<div class=\"elementor-container elementor-column-gap-default\">\n\t\t\t\t\t<div class=\"elementor-column elementor-col-100 elementor-top-column elementor-element elementor-element-717e092\" data-id=\"717e092\" data-element_type=\"column\" data-e-type=\"column\">\n\t\t\t<div class=\"elementor-widget-wrap elementor-element-populated\">\n\t\t\t\t\t\t<div class=\"elementor-element elementor-element-d7973ff elementor-widget elementor-widget-spacer\" data-id=\"d7973ff\" data-element_type=\"widget\" data-e-type=\"widget\" data-widget_type=\"spacer.default\">\n\t\t\t\t<div class=\"elementor-widget-container\">\n\t\t\t\t\t\t\t<div class=\"elementor-spacer\">\n\t\t\t<div class=\"elementor-spacer-inner\"><\/div>\n\t\t<\/div>\n\t\t\t\t\t\t<\/div>\n\t\t\t\t<\/div>\n\t\t\t\t\t<\/div>\n\t\t<\/div>\n\t\t\t\t\t<\/div>\n\t\t<\/section>\n\t\t\t\t<section class=\"elementor-section elementor-top-section elementor-element elementor-element-d0c3a38 elementor-section-boxed elementor-section-height-default elementor-section-height-default\" data-id=\"d0c3a38\" data-element_type=\"section\" data-e-type=\"section\">\n\t\t\t\t\t\t<div class=\"elementor-container elementor-column-gap-default\">\n\t\t\t\t\t<div class=\"elementor-column elementor-col-100 elementor-top-column elementor-element elementor-element-5e633a7\" data-id=\"5e633a7\" data-element_type=\"column\" data-e-type=\"column\">\n\t\t\t<div class=\"elementor-widget-wrap elementor-element-populated\">\n\t\t\t\t\t\t<section class=\"elementor-section elementor-inner-section elementor-element elementor-element-525fd45 elementor-section-boxed elementor-section-height-default elementor-section-height-default\" data-id=\"525fd45\" data-element_type=\"section\" data-e-type=\"section\">\n\t\t\t\t\t\t<div class=\"elementor-container elementor-column-gap-default\">\n\t\t\t\t\t<div class=\"elementor-column elementor-col-50 elementor-inner-column elementor-element elementor-element-3f606c8\" data-id=\"3f606c8\" data-element_type=\"column\" data-e-type=\"column\">\n\t\t\t<div class=\"elementor-widget-wrap elementor-element-populated\">\n\t\t\t\t\t\t<div class=\"elementor-element elementor-element-fd0a6f9 elementor-widget elementor-widget-text-editor\" data-id=\"fd0a6f9\" data-element_type=\"widget\" data-e-type=\"widget\" data-widget_type=\"text-editor.default\">\n\t\t\t\t<div class=\"elementor-widget-container\">\n\t\t\t\t\t\t\t\t\t<p style=\"text-align: justify;\"><strong>Es ist nicht erforderlich, eine private Krankenversicherung zu haben, um Zugang zu den Dienstleistungen der Clinica Rotger zu haben.<\/strong><\/p><p style=\"text-align: justify;\">Ben\u00f6tigen Sie dringend eine Blutuntersuchung, medizinische Untersuchungen, eine Diagnosestellung oder eine Behandlung, einschliesslich chirurgischer Eingriffe? Dann finden Sie in der <strong>Clinica Rotger<\/strong>\u00a0die L\u00f6sung.<\/p><p style=\"text-align: justify;\">Die beste Gesundheitsversorgung muss in der Lage sein, sich an jedes Familienbudget anzupassen, um ihrem Ziel, der Gesellschaft zu dienen, gerecht zu werden.<\/p><p style=\"text-align: justify;\">Deshalb stellen wir uns an der <strong>Clinica Rotger<\/strong> der Herausforderung, Ihnen die effektivste medizinische Versorgung zu bieten, die Sie und Ihre Angeh\u00f6rigen ben\u00f6tigen.<\/p><p><strong>Kontaktieren Sie uns f\u00fcr weitere Informationen:<\/strong><br \/><strong>unter 971 448 530 (von 8 bis 20 Uhr) oder unter solucionesmedicas@clinicarotger.es<\/strong><\/p>\t\t\t\t\t\t\t\t<\/div>\n\t\t\t\t<\/div>\n\t\t\t\t\t<\/div>\n\t\t<\/div>\n\t\t\t\t<div class=\"elementor-column elementor-col-50 elementor-inner-column elementor-element elementor-element-bd5ddb9\" data-id=\"bd5ddb9\" data-element_type=\"column\" data-e-type=\"column\">\n\t\t\t<div class=\"elementor-widget-wrap elementor-element-populated\">\n\t\t\t\t\t\t<div class=\"elementor-element elementor-element-74844d2 elementor-arrows-position-inside elementor-pagination-position-outside elementor-widget elementor-widget-image-carousel\" data-id=\"74844d2\" data-element_type=\"widget\" data-e-type=\"widget\" data-settings=\"{&quot;slides_to_show&quot;:&quot;1&quot;,&quot;navigation&quot;:&quot;both&quot;,&quot;autoplay&quot;:&quot;yes&quot;,&quot;pause_on_hover&quot;:&quot;yes&quot;,&quot;pause_on_interaction&quot;:&quot;yes&quot;,&quot;autoplay_speed&quot;:5000,&quot;infinite&quot;:&quot;yes&quot;,&quot;effect&quot;:&quot;slide&quot;,&quot;speed&quot;:500}\" data-widget_type=\"image-carousel.default\">\n\t\t\t\t<div class=\"elementor-widget-container\">\n\t\t\t\t\t\t\t<div class=\"elementor-image-carousel-wrapper swiper\" role=\"region\" aria-roledescription=\"carousel\" aria-label=\"Bild Karussell\" dir=\"ltr\">\n\t\t\t<div class=\"elementor-image-carousel swiper-wrapper\" aria-live=\"off\">\n\t\t\t\t\t\t\t\t<div class=\"swiper-slide\" role=\"group\" aria-roledescription=\"slide\" aria-label=\"1 von 4\"><figure class=\"swiper-slide-inner\"><img decoding=\"async\" class=\"swiper-slide-image\" src=\"https:\/\/www.clinicarotger.com\/wp-content\/uploads\/2019\/11\/Analisis-Clinicos-Clinica-Rotger-Hospital-Mallorca-Laboratorio-Molecular-920x450.jpg\" alt=\"An\u00e1lisis-Cl\u00ednicos-Cl\u00ednica-Rotger-Hospital-Mallorca-Laboratorio-Molecular\" \/><\/figure><\/div><div class=\"swiper-slide\" role=\"group\" aria-roledescription=\"slide\" aria-label=\"2 von 4\"><figure class=\"swiper-slide-inner\"><img decoding=\"async\" class=\"swiper-slide-image\" src=\"https:\/\/www.clinicarotger.com\/wp-content\/uploads\/2019\/11\/Clinica-Rotger-Hospital-Mallorca-Laboratorio-Analisis-Clinicos-3-920x450.jpg\" alt=\"Cl\u00ednica-Rotger-Hospital-Mallorca-Laboratorio-An\u00e1lisis-Cl\u00ednicos\" \/><\/figure><\/div><div class=\"swiper-slide\" role=\"group\" aria-roledescription=\"slide\" aria-label=\"3 von 4\"><figure class=\"swiper-slide-inner\"><img decoding=\"async\" class=\"swiper-slide-image\" src=\"https:\/\/www.clinicarotger.com\/wp-content\/uploads\/2019\/12\/Ginecologia-Ecografo-Clinica-Rotger-Hospital-Mallorca-2-920x450.jpg\" alt=\"Ginecolog\u00eda-Ec\u00f3grafo-Cl\u00ednica-Rotger-Hospital-Mallorca\" \/><\/figure><\/div><div class=\"swiper-slide\" role=\"group\" aria-roledescription=\"slide\" aria-label=\"4 von 4\"><figure class=\"swiper-slide-inner\"><img decoding=\"async\" class=\"swiper-slide-image\" src=\"https:\/\/www.clinicarotger.com\/wp-content\/uploads\/2019\/12\/Resonancia-Magnetica-Clinica-Rotger-Hospital-Mallorca-920x450.jpg\" alt=\"Resonancia-Magn\u00e9tica-Cl\u00ednica-Rotger-Hospital-Mallorca\" \/><\/figure><\/div>\t\t\t<\/div>\n\t\t\t\t\t\t\t\t\t\t\t\t<div class=\"elementor-swiper-button elementor-swiper-button-prev\" role=\"button\" tabindex=\"0\">\n\t\t\t\t\t\t<i aria-hidden=\"true\" class=\"eicon-chevron-left\"><\/i>\t\t\t\t\t<\/div>\n\t\t\t\t\t<div class=\"elementor-swiper-button elementor-swiper-button-next\" role=\"button\" tabindex=\"0\">\n\t\t\t\t\t\t<i aria-hidden=\"true\" class=\"eicon-chevron-right\"><\/i>\t\t\t\t\t<\/div>\n\t\t\t\t\n\t\t\t\t\t\t\t\t\t<div class=\"swiper-pagination\"><\/div>\n\t\t\t\t\t\t\t\t\t<\/div>\n\t\t\t\t\t\t<\/div>\n\t\t\t\t<\/div>\n\t\t\t\t\t<\/div>\n\t\t<\/div>\n\t\t\t\t\t<\/div>\n\t\t<\/section>\n\t\t\t\t\t<\/div>\n\t\t<\/div>\n\t\t\t\t\t<\/div>\n\t\t<\/section>\n\t\t\t\t<section class=\"elementor-section elementor-top-section elementor-element elementor-element-1547766 elementor-section-boxed elementor-section-height-default elementor-section-height-default\" data-id=\"1547766\" data-element_type=\"section\" data-e-type=\"section\">\n\t\t\t\t\t\t<div class=\"elementor-container elementor-column-gap-default\">\n\t\t\t\t\t<div class=\"elementor-column elementor-col-100 elementor-top-column elementor-element elementor-element-3b4554a\" data-id=\"3b4554a\" data-element_type=\"column\" data-e-type=\"column\">\n\t\t\t<div class=\"elementor-widget-wrap elementor-element-populated\">\n\t\t\t\t\t\t<div class=\"elementor-element elementor-element-f7ef38d elementor-widget elementor-widget-spacer\" data-id=\"f7ef38d\" data-element_type=\"widget\" data-e-type=\"widget\" data-widget_type=\"spacer.default\">\n\t\t\t\t<div class=\"elementor-widget-container\">\n\t\t\t\t\t\t\t<div class=\"elementor-spacer\">\n\t\t\t<div class=\"elementor-spacer-inner\"><\/div>\n\t\t<\/div>\n\t\t\t\t\t\t<\/div>\n\t\t\t\t<\/div>\n\t\t\t\t\t<\/div>\n\t\t<\/div>\n\t\t\t\t\t<\/div>\n\t\t<\/section>\n\t\t\t\t<section class=\"elementor-section elementor-top-section elementor-element elementor-element-ce2c721 elementor-section-stretched elementor-section-full_width prefooter-buttons elementor-section-height-default elementor-section-height-default\" data-id=\"ce2c721\" data-element_type=\"section\" data-e-type=\"section\" data-settings=\"{&quot;stretch_section&quot;:&quot;section-stretched&quot;}\">\n\t\t\t\t\t\t<div class=\"elementor-container elementor-column-gap-default\">\n\t\t\t\t\t<div class=\"elementor-column elementor-col-50 elementor-top-column elementor-element elementor-element-10b7aff prefooter-btn prefooter-btn-email\" data-id=\"10b7aff\" data-element_type=\"column\" data-e-type=\"column\">\n\t\t\t<div class=\"elementor-widget-wrap elementor-element-populated\">\n\t\t\t\t\t\t<div class=\"elementor-element elementor-element-2861f6d elementor-widget elementor-widget-simple_link\" data-id=\"2861f6d\" data-element_type=\"widget\" data-e-type=\"widget\" data-widget_type=\"simple_link.default\">\n\t\t\t\t<div class=\"elementor-widget-container\">\n\t\t\t\t\t<div class=\"mb-elementor-simple-link\"><a href=\"mailto:solucionesmedicas@clinicarotger.es\"><span>solucionesmedicas@clinicarotger.es<\/span><\/a><\/div>\t\t\t\t<\/div>\n\t\t\t\t<\/div>\n\t\t\t\t\t<\/div>\n\t\t<\/div>\n\t\t\t\t<div class=\"elementor-column elementor-col-50 elementor-top-column elementor-element elementor-element-e97f3f9 prefooter-btn prefooter-btn-telefono\" data-id=\"e97f3f9\" data-element_type=\"column\" data-e-type=\"column\">\n\t\t\t<div class=\"elementor-widget-wrap elementor-element-populated\">\n\t\t\t\t\t\t<div class=\"elementor-element elementor-element-43869d6 elementor-widget elementor-widget-simple_link\" data-id=\"43869d6\" data-element_type=\"widget\" data-e-type=\"widget\" data-widget_type=\"simple_link.default\">\n\t\t\t\t<div class=\"elementor-widget-container\">\n\t\t\t\t\t<div class=\"mb-elementor-simple-link\"><a href=\"tel:971448530\"><span>971 44 85 30 (von 8 bis 20 Uhr)<\/span><\/a><\/div>\t\t\t\t<\/div>\n\t\t\t\t<\/div>\n\t\t\t\t\t<\/div>\n\t\t<\/div>\n\t\t\t\t\t<\/div>\n\t\t<\/section>\n\t\t\t\t<\/div>\n\t\t","protected":false},"excerpt":{"rendered":"<p>Es ist nicht erforderlich, eine private Krankenversicherung zu haben, um Zugang zu den Dienstleistungen der Clinica Rotger zu haben. Ben\u00f6tigen Sie dringend eine Blutuntersuchung, medizinische Untersuchungen, eine Diagnosestellung oder eine Behandlung, einschliesslich chirurgischer Eingriffe? Dann finden Sie in der Clinica Rotger\u00a0die L\u00f6sung. Die beste Gesundheitsversorgung muss in der Lage sein, sich an jedes Familienbudget anzupassen,&#8230;<\/p>\n","protected":false},"author":1,"featured_media":0,"parent":0,"menu_order":0,"comment_status":"closed","ping_status":"closed","template":"","meta":{"_price":"","_stock":"","_tribe_ticket_header":"","_tribe_default_ticket_provider":"","_tribe_ticket_capacity":"0","_ticket_start_date":"","_ticket_end_date":"","_tribe_ticket_show_description":"","_tribe_ticket_show_not_going":false,"_tribe_ticket_use_global_stock":"","_tribe_ticket_global_stock_level":"","_global_stock_mode":"","_global_stock_cap":"","_tribe_rsvp_for_event":"","_tribe_ticket_going_count":"","_tribe_ticket_not_going_count":"","_tribe_tickets_list":"[]","_tribe_ticket_has_attendee_info_fields":false,"footnotes":""},"class_list":["post-8238","page","type-page","status-publish","hentry"],"yoast_head":"<!-- This site is optimized with the Yoast SEO plugin v26.8 - https:\/\/yoast.com\/product\/yoast-seo-wordpress\/ -->\n<title>Medizinische L\u00f6sungen | Cl\u00ednica Rotger - Mallorca Krankenhaus<\/title>\n<meta name=\"description\" content=\"Medizinische L\u00f6sungen: Es ist nicht erforderlich, eine private Krankenversicherung zu haben, um Zugang zu den Dienstleistungen der Clinica...\" \/>\n<meta name=\"robots\" content=\"index, follow, max-snippet:-1, max-image-preview:large, max-video-preview:-1\" \/>\n<link rel=\"canonical\" href=\"https:\/\/www.clinicarotger.com\/de\/soluciones-medicas-clinica-rotger-hospital-mallorca\/\" \/>\n<meta property=\"og:locale\" content=\"de_DE\" \/>\n<meta property=\"og:type\" content=\"article\" \/>\n<meta property=\"og:title\" content=\"Medizinische L\u00f6sungen | Cl\u00ednica Rotger - Mallorca Krankenhaus\" \/>\n<meta property=\"og:description\" content=\"Medizinische L\u00f6sungen: Es ist nicht erforderlich, eine private Krankenversicherung zu haben, um Zugang zu den Dienstleistungen der Clinica...\" \/>\n<meta property=\"og:url\" content=\"https:\/\/www.clinicarotger.com\/de\/soluciones-medicas-clinica-rotger-hospital-mallorca\/\" \/>\n<meta property=\"og:site_name\" content=\"Clinica Rotger\" \/>\n<meta property=\"article:publisher\" content=\"https:\/\/www.facebook.com\/clinica.rotger\/\" \/>\n<meta property=\"article:modified_time\" content=\"2020-05-19T19:51:50+00:00\" \/>\n<meta property=\"og:image\" content=\"https:\/\/www.clinicarotger.com\/wp-content\/uploads\/2019\/11\/Analisis-Clinicos-Clinica-Rotger-Hospital-Mallorca-Laboratorio-Molecular.jpg\" \/>\n<meta name=\"twitter:card\" content=\"summary_large_image\" \/>\n<meta name=\"twitter:site\" content=\"@clinicarotger\" \/>\n<meta name=\"twitter:label1\" content=\"Gesch\u00e4tzte Lesezeit\" \/>\n\t<meta name=\"twitter:data1\" content=\"1\u00a0Minute\" \/>\n<script type=\"application\/ld+json\" class=\"yoast-schema-graph\">{\"@context\":\"https:\/\/schema.org\",\"@graph\":[{\"@type\":\"WebPage\",\"@id\":\"https:\/\/www.clinicarotger.com\/de\/soluciones-medicas-clinica-rotger-hospital-mallorca\/\",\"url\":\"https:\/\/www.clinicarotger.com\/de\/soluciones-medicas-clinica-rotger-hospital-mallorca\/\",\"name\":\"Medizinische L\u00f6sungen | Cl\u00ednica Rotger - Mallorca Krankenhaus\",\"isPartOf\":{\"@id\":\"https:\/\/www.clinicarotger.com\/de\/#website\"},\"primaryImageOfPage\":{\"@id\":\"https:\/\/www.clinicarotger.com\/de\/soluciones-medicas-clinica-rotger-hospital-mallorca\/#primaryimage\"},\"image\":{\"@id\":\"https:\/\/www.clinicarotger.com\/de\/soluciones-medicas-clinica-rotger-hospital-mallorca\/#primaryimage\"},\"thumbnailUrl\":\"https:\/\/www.clinicarotger.com\/wp-content\/uploads\/2019\/11\/Analisis-Clinicos-Clinica-Rotger-Hospital-Mallorca-Laboratorio-Molecular.jpg\",\"datePublished\":\"2019-12-05T12:19:10+00:00\",\"dateModified\":\"2020-05-19T19:51:50+00:00\",\"description\":\"Medizinische L\u00f6sungen: Es ist nicht erforderlich, eine private Krankenversicherung zu haben, um Zugang zu den Dienstleistungen der Clinica...\",\"breadcrumb\":{\"@id\":\"https:\/\/www.clinicarotger.com\/de\/soluciones-medicas-clinica-rotger-hospital-mallorca\/#breadcrumb\"},\"inLanguage\":\"de\",\"potentialAction\":[{\"@type\":\"ReadAction\",\"target\":[\"https:\/\/www.clinicarotger.com\/de\/soluciones-medicas-clinica-rotger-hospital-mallorca\/\"]}]},{\"@type\":\"ImageObject\",\"inLanguage\":\"de\",\"@id\":\"https:\/\/www.clinicarotger.com\/de\/soluciones-medicas-clinica-rotger-hospital-mallorca\/#primaryimage\",\"url\":\"https:\/\/www.clinicarotger.com\/wp-content\/uploads\/2019\/11\/Analisis-Clinicos-Clinica-Rotger-Hospital-Mallorca-Laboratorio-Molecular.jpg\",\"contentUrl\":\"https:\/\/www.clinicarotger.com\/wp-content\/uploads\/2019\/11\/Analisis-Clinicos-Clinica-Rotger-Hospital-Mallorca-Laboratorio-Molecular.jpg\"},{\"@type\":\"BreadcrumbList\",\"@id\":\"https:\/\/www.clinicarotger.com\/de\/soluciones-medicas-clinica-rotger-hospital-mallorca\/#breadcrumb\",\"itemListElement\":[{\"@type\":\"ListItem\",\"position\":1,\"name\":\"Inicio\",\"item\":\"https:\/\/www.clinicarotger.com\/de\/\"},{\"@type\":\"ListItem\",\"position\":2,\"name\":\"Medizinische L\u00f6sungen\"}]},{\"@type\":\"WebSite\",\"@id\":\"https:\/\/www.clinicarotger.com\/de\/#website\",\"url\":\"https:\/\/www.clinicarotger.com\/de\/\",\"name\":\"Clinica Rotger\",\"description\":\"Krankenhaus Mallorca\",\"publisher\":{\"@id\":\"https:\/\/www.clinicarotger.com\/de\/#organization\"},\"potentialAction\":[{\"@type\":\"SearchAction\",\"target\":{\"@type\":\"EntryPoint\",\"urlTemplate\":\"https:\/\/www.clinicarotger.com\/de\/?s={search_term_string}\"},\"query-input\":{\"@type\":\"PropertyValueSpecification\",\"valueRequired\":true,\"valueName\":\"search_term_string\"}}],\"inLanguage\":\"de\"},{\"@type\":\"Organization\",\"@id\":\"https:\/\/www.clinicarotger.com\/de\/#organization\",\"name\":\"Cl\u00ednica Rotger\",\"url\":\"https:\/\/www.clinicarotger.com\/de\/\",\"logo\":{\"@type\":\"ImageObject\",\"inLanguage\":\"de\",\"@id\":\"https:\/\/www.clinicarotger.com\/de\/#\/schema\/logo\/image\/\",\"url\":\"https:\/\/www.clinicarotger.com\/wp-content\/uploads\/2019\/11\/clinica-rotger-logo-top.png\",\"contentUrl\":\"https:\/\/www.clinicarotger.com\/wp-content\/uploads\/2019\/11\/clinica-rotger-logo-top.png\",\"width\":324,\"height\":104,\"caption\":\"Cl\u00ednica Rotger\"},\"image\":{\"@id\":\"https:\/\/www.clinicarotger.com\/de\/#\/schema\/logo\/image\/\"},\"sameAs\":[\"https:\/\/www.facebook.com\/clinica.rotger\/\",\"https:\/\/x.com\/clinicarotger\",\"https:\/\/twitter.com\/clinicarotger\",\"https:\/\/www.instagram.com\/quironsalud\/\",\"https:\/\/www.youtube.com\/channel\/UC1Xp5xg-r2Au-kQdIorviwg\"]}]}<\/script>\n<!-- \/ Yoast SEO plugin. -->","yoast_head_json":{"title":"Medizinische L\u00f6sungen | Cl\u00ednica Rotger - Mallorca Krankenhaus","description":"Medizinische L\u00f6sungen: Es ist nicht erforderlich, eine private Krankenversicherung zu haben, um Zugang zu den Dienstleistungen der Clinica...","robots":{"index":"index","follow":"follow","max-snippet":"max-snippet:-1","max-image-preview":"max-image-preview:large","max-video-preview":"max-video-preview:-1"},"canonical":"https:\/\/www.clinicarotger.com\/de\/soluciones-medicas-clinica-rotger-hospital-mallorca\/","og_locale":"de_DE","og_type":"article","og_title":"Medizinische L\u00f6sungen | Cl\u00ednica Rotger - Mallorca Krankenhaus","og_description":"Medizinische L\u00f6sungen: Es ist nicht erforderlich, eine private Krankenversicherung zu haben, um Zugang zu den Dienstleistungen der Clinica...","og_url":"https:\/\/www.clinicarotger.com\/de\/soluciones-medicas-clinica-rotger-hospital-mallorca\/","og_site_name":"Clinica Rotger","article_publisher":"https:\/\/www.facebook.com\/clinica.rotger\/","article_modified_time":"2020-05-19T19:51:50+00:00","og_image":[{"url":"https:\/\/www.clinicarotger.com\/wp-content\/uploads\/2019\/11\/Analisis-Clinicos-Clinica-Rotger-Hospital-Mallorca-Laboratorio-Molecular.jpg","type":"","width":"","height":""}],"twitter_card":"summary_large_image","twitter_site":"@clinicarotger","twitter_misc":{"Gesch\u00e4tzte Lesezeit":"1\u00a0Minute"},"schema":{"@context":"https:\/\/schema.org","@graph":[{"@type":"WebPage","@id":"https:\/\/www.clinicarotger.com\/de\/soluciones-medicas-clinica-rotger-hospital-mallorca\/","url":"https:\/\/www.clinicarotger.com\/de\/soluciones-medicas-clinica-rotger-hospital-mallorca\/","name":"Medizinische L\u00f6sungen | Cl\u00ednica Rotger - Mallorca Krankenhaus","isPartOf":{"@id":"https:\/\/www.clinicarotger.com\/de\/#website"},"primaryImageOfPage":{"@id":"https:\/\/www.clinicarotger.com\/de\/soluciones-medicas-clinica-rotger-hospital-mallorca\/#primaryimage"},"image":{"@id":"https:\/\/www.clinicarotger.com\/de\/soluciones-medicas-clinica-rotger-hospital-mallorca\/#primaryimage"},"thumbnailUrl":"https:\/\/www.clinicarotger.com\/wp-content\/uploads\/2019\/11\/Analisis-Clinicos-Clinica-Rotger-Hospital-Mallorca-Laboratorio-Molecular.jpg","datePublished":"2019-12-05T12:19:10+00:00","dateModified":"2020-05-19T19:51:50+00:00","description":"Medizinische L\u00f6sungen: Es ist nicht erforderlich, eine private Krankenversicherung zu haben, um Zugang zu den Dienstleistungen der Clinica...","breadcrumb":{"@id":"https:\/\/www.clinicarotger.com\/de\/soluciones-medicas-clinica-rotger-hospital-mallorca\/#breadcrumb"},"inLanguage":"de","potentialAction":[{"@type":"ReadAction","target":["https:\/\/www.clinicarotger.com\/de\/soluciones-medicas-clinica-rotger-hospital-mallorca\/"]}]},{"@type":"ImageObject","inLanguage":"de","@id":"https:\/\/www.clinicarotger.com\/de\/soluciones-medicas-clinica-rotger-hospital-mallorca\/#primaryimage","url":"https:\/\/www.clinicarotger.com\/wp-content\/uploads\/2019\/11\/Analisis-Clinicos-Clinica-Rotger-Hospital-Mallorca-Laboratorio-Molecular.jpg","contentUrl":"https:\/\/www.clinicarotger.com\/wp-content\/uploads\/2019\/11\/Analisis-Clinicos-Clinica-Rotger-Hospital-Mallorca-Laboratorio-Molecular.jpg"},{"@type":"BreadcrumbList","@id":"https:\/\/www.clinicarotger.com\/de\/soluciones-medicas-clinica-rotger-hospital-mallorca\/#breadcrumb","itemListElement":[{"@type":"ListItem","position":1,"name":"Inicio","item":"https:\/\/www.clinicarotger.com\/de\/"},{"@type":"ListItem","position":2,"name":"Medizinische L\u00f6sungen"}]},{"@type":"WebSite","@id":"https:\/\/www.clinicarotger.com\/de\/#website","url":"https:\/\/www.clinicarotger.com\/de\/","name":"Clinica Rotger","description":"Krankenhaus Mallorca","publisher":{"@id":"https:\/\/www.clinicarotger.com\/de\/#organization"},"potentialAction":[{"@type":"SearchAction","target":{"@type":"EntryPoint","urlTemplate":"https:\/\/www.clinicarotger.com\/de\/?s={search_term_string}"},"query-input":{"@type":"PropertyValueSpecification","valueRequired":true,"valueName":"search_term_string"}}],"inLanguage":"de"},{"@type":"Organization","@id":"https:\/\/www.clinicarotger.com\/de\/#organization","name":"Cl\u00ednica Rotger","url":"https:\/\/www.clinicarotger.com\/de\/","logo":{"@type":"ImageObject","inLanguage":"de","@id":"https:\/\/www.clinicarotger.com\/de\/#\/schema\/logo\/image\/","url":"https:\/\/www.clinicarotger.com\/wp-content\/uploads\/2019\/11\/clinica-rotger-logo-top.png","contentUrl":"https:\/\/www.clinicarotger.com\/wp-content\/uploads\/2019\/11\/clinica-rotger-logo-top.png","width":324,"height":104,"caption":"Cl\u00ednica Rotger"},"image":{"@id":"https:\/\/www.clinicarotger.com\/de\/#\/schema\/logo\/image\/"},"sameAs":["https:\/\/www.facebook.com\/clinica.rotger\/","https:\/\/x.com\/clinicarotger","https:\/\/twitter.com\/clinicarotger","https:\/\/www.instagram.com\/quironsalud\/","https:\/\/www.youtube.com\/channel\/UC1Xp5xg-r2Au-kQdIorviwg"]}]}},"_links":{"self":[{"href":"https:\/\/www.clinicarotger.com\/de\/wp-json\/wp\/v2\/pages\/8238","targetHints":{"allow":["GET"]}}],"collection":[{"href":"https:\/\/www.clinicarotger.com\/de\/wp-json\/wp\/v2\/pages"}],"about":[{"href":"https:\/\/www.clinicarotger.com\/de\/wp-json\/wp\/v2\/types\/page"}],"author":[{"embeddable":true,"href":"https:\/\/www.clinicarotger.com\/de\/wp-json\/wp\/v2\/users\/1"}],"replies":[{"embeddable":true,"href":"https:\/\/www.clinicarotger.com\/de\/wp-json\/wp\/v2\/comments?post=8238"}],"version-history":[{"count":5,"href":"https:\/\/www.clinicarotger.com\/de\/wp-json\/wp\/v2\/pages\/8238\/revisions"}],"predecessor-version":[{"id":10533,"href":"https:\/\/www.clinicarotger.com\/de\/wp-json\/wp\/v2\/pages\/8238\/revisions\/10533"}],"wp:attachment":[{"href":"https:\/\/www.clinicarotger.com\/de\/wp-json\/wp\/v2\/media?parent=8238"}],"curies":[{"name":"wp","href":"https:\/\/api.w.org\/{rel}","templated":true}]}}