{"id":8223,"date":"2019-12-13T11:01:33","date_gmt":"2019-12-13T10:01:33","guid":{"rendered":"https:\/\/www.clinicarotger.com\/servicio-de-urgencias-clinica-rotger-hospital-mallorca\/"},"modified":"2021-05-12T10:31:14","modified_gmt":"2021-05-12T08:31:14","slug":"notdienste-clinica-rotger-hospital-mallorca","status":"publish","type":"page","link":"https:\/\/www.clinicarotger.com\/de\/notdienste-clinica-rotger-hospital-mallorca\/","title":{"rendered":"Notdienste"},"content":{"rendered":"<p style=\"text-align: justify;\">24 Stunden-Notaufnahme. Die Clinica Rotger ist das einzige private Zentrum mit Notaufnahme f\u00fcr Erwachsene und Kinder im Zentrum der Stadt, das ganzj\u00e4hrlich t\u00e4glich 24 Stunden ge\u00f6ffnet ist. Es verf\u00fcgt \u00fcber Fach\u00e4rzte der allgemeinen Medizin, Orthop\u00e4die und P\u00e4diatrie, die jederzeit pers\u00f6nlich in den Einrichtungen des Krankenhauses zur Verf\u00fcgung stehen.<\/p>\n","protected":false},"excerpt":{"rendered":"<p>24 Stunden-Notaufnahme. Die Clinica Rotger ist das einzige private Zentrum mit Notaufnahme f\u00fcr Erwachsene und Kinder im Zentrum der Stadt, das ganzj\u00e4hrlich t\u00e4glich 24 Stunden ge\u00f6ffnet ist. Es verf\u00fcgt \u00fcber Fach\u00e4rzte der allgemeinen Medizin, Orthop\u00e4die und P\u00e4diatrie, die jederzeit pers\u00f6nlich in den Einrichtungen des Krankenhauses zur Verf\u00fcgung stehen.<\/p>\n","protected":false},"author":1,"featured_media":4227,"parent":0,"menu_order":0,"comment_status":"closed","ping_status":"closed","template":"page-tipoespecialidad.php","meta":{"_price":"","_stock":"","_tribe_ticket_header":"","_tribe_default_ticket_provider":"","_tribe_ticket_capacity":"0","_ticket_start_date":"","_ticket_end_date":"","_tribe_ticket_show_description":"","_tribe_ticket_show_not_going":false,"_tribe_ticket_use_global_stock":"","_tribe_ticket_global_stock_level":"","_global_stock_mode":"","_global_stock_cap":"","_tribe_rsvp_for_event":"","_tribe_ticket_going_count":"","_tribe_ticket_not_going_count":"","_tribe_tickets_list":"[]","_tribe_ticket_has_attendee_info_fields":false,"footnotes":""},"class_list":["post-8223","page","type-page","status-publish","has-post-thumbnail","hentry"],"yoast_head":"<!-- This site is optimized with the Yoast SEO plugin v26.8 - https:\/\/yoast.com\/product\/yoast-seo-wordpress\/ -->\n<title>Notdienste | Cl\u00ednica Rotger Quironsalud - Mallorca Krankenhaus<\/title>\n<meta name=\"description\" content=\"Notdienste: 24 Stunden-Notaufnahme. Die Clinica Rotger ist das einzige private Zentrum mit Notaufnahme f\u00fcr Erwachsene und Kinder im Zentrum..\" \/>\n<meta name=\"robots\" content=\"index, follow, max-snippet:-1, max-image-preview:large, max-video-preview:-1\" \/>\n<link rel=\"canonical\" href=\"https:\/\/www.clinicarotger.com\/de\/notdienste-clinica-rotger-hospital-mallorca\/\" \/>\n<meta property=\"og:locale\" content=\"de_DE\" \/>\n<meta property=\"og:type\" content=\"article\" \/>\n<meta property=\"og:title\" content=\"Notdienste | Cl\u00ednica Rotger Quironsalud - Mallorca Krankenhaus\" \/>\n<meta property=\"og:description\" content=\"Notdienste: 24 Stunden-Notaufnahme. Die Clinica Rotger ist das einzige private Zentrum mit Notaufnahme f\u00fcr Erwachsene und Kinder im Zentrum..\" \/>\n<meta property=\"og:url\" content=\"https:\/\/www.clinicarotger.com\/de\/notdienste-clinica-rotger-hospital-mallorca\/\" \/>\n<meta property=\"og:site_name\" content=\"Clinica Rotger\" \/>\n<meta property=\"article:publisher\" content=\"https:\/\/www.facebook.com\/clinica.rotger\/\" \/>\n<meta property=\"article:modified_time\" content=\"2021-05-12T08:31:14+00:00\" \/>\n<meta property=\"og:image\" content=\"https:\/\/www.clinicarotger.com\/wp-content\/uploads\/2019\/12\/Clinica-Rotger-Hospital-Mallorca-Urgencias-1.jpg\" \/>\n\t<meta property=\"og:image:width\" content=\"1200\" \/>\n\t<meta property=\"og:image:height\" content=\"500\" \/>\n\t<meta property=\"og:image:type\" content=\"image\/jpeg\" \/>\n<meta name=\"twitter:card\" content=\"summary_large_image\" \/>\n<meta name=\"twitter:site\" content=\"@clinicarotger\" \/>\n<script type=\"application\/ld+json\" class=\"yoast-schema-graph\">{\"@context\":\"https:\/\/schema.org\",\"@graph\":[{\"@type\":\"WebPage\",\"@id\":\"https:\/\/www.clinicarotger.com\/de\/notdienste-clinica-rotger-hospital-mallorca\/\",\"url\":\"https:\/\/www.clinicarotger.com\/de\/notdienste-clinica-rotger-hospital-mallorca\/\",\"name\":\"Notdienste | Cl\u00ednica Rotger Quironsalud - Mallorca Krankenhaus\",\"isPartOf\":{\"@id\":\"https:\/\/www.clinicarotger.com\/de\/#website\"},\"primaryImageOfPage\":{\"@id\":\"https:\/\/www.clinicarotger.com\/de\/notdienste-clinica-rotger-hospital-mallorca\/#primaryimage\"},\"image\":{\"@id\":\"https:\/\/www.clinicarotger.com\/de\/notdienste-clinica-rotger-hospital-mallorca\/#primaryimage\"},\"thumbnailUrl\":\"https:\/\/www.clinicarotger.com\/wp-content\/uploads\/2019\/12\/Clinica-Rotger-Hospital-Mallorca-Urgencias-1.jpg\",\"datePublished\":\"2019-12-13T10:01:33+00:00\",\"dateModified\":\"2021-05-12T08:31:14+00:00\",\"description\":\"Notdienste: 24 Stunden-Notaufnahme. Die Clinica Rotger ist das einzige private Zentrum mit Notaufnahme f\u00fcr Erwachsene und Kinder im Zentrum..\",\"breadcrumb\":{\"@id\":\"https:\/\/www.clinicarotger.com\/de\/notdienste-clinica-rotger-hospital-mallorca\/#breadcrumb\"},\"inLanguage\":\"de\",\"potentialAction\":[{\"@type\":\"ReadAction\",\"target\":[\"https:\/\/www.clinicarotger.com\/de\/notdienste-clinica-rotger-hospital-mallorca\/\"]}]},{\"@type\":\"ImageObject\",\"inLanguage\":\"de\",\"@id\":\"https:\/\/www.clinicarotger.com\/de\/notdienste-clinica-rotger-hospital-mallorca\/#primaryimage\",\"url\":\"https:\/\/www.clinicarotger.com\/wp-content\/uploads\/2019\/12\/Clinica-Rotger-Hospital-Mallorca-Urgencias-1.jpg\",\"contentUrl\":\"https:\/\/www.clinicarotger.com\/wp-content\/uploads\/2019\/12\/Clinica-Rotger-Hospital-Mallorca-Urgencias-1.jpg\",\"width\":1200,\"height\":500,\"caption\":\"Cl\u00ednica-Rotger-Hospital-Mallorca-Urgencias\"},{\"@type\":\"BreadcrumbList\",\"@id\":\"https:\/\/www.clinicarotger.com\/de\/notdienste-clinica-rotger-hospital-mallorca\/#breadcrumb\",\"itemListElement\":[{\"@type\":\"ListItem\",\"position\":1,\"name\":\"Inicio\",\"item\":\"https:\/\/www.clinicarotger.com\/de\/\"},{\"@type\":\"ListItem\",\"position\":2,\"name\":\"Notdienste\"}]},{\"@type\":\"WebSite\",\"@id\":\"https:\/\/www.clinicarotger.com\/de\/#website\",\"url\":\"https:\/\/www.clinicarotger.com\/de\/\",\"name\":\"Clinica Rotger\",\"description\":\"Krankenhaus Mallorca\",\"publisher\":{\"@id\":\"https:\/\/www.clinicarotger.com\/de\/#organization\"},\"potentialAction\":[{\"@type\":\"SearchAction\",\"target\":{\"@type\":\"EntryPoint\",\"urlTemplate\":\"https:\/\/www.clinicarotger.com\/de\/?s={search_term_string}\"},\"query-input\":{\"@type\":\"PropertyValueSpecification\",\"valueRequired\":true,\"valueName\":\"search_term_string\"}}],\"inLanguage\":\"de\"},{\"@type\":\"Organization\",\"@id\":\"https:\/\/www.clinicarotger.com\/de\/#organization\",\"name\":\"Cl\u00ednica Rotger\",\"url\":\"https:\/\/www.clinicarotger.com\/de\/\",\"logo\":{\"@type\":\"ImageObject\",\"inLanguage\":\"de\",\"@id\":\"https:\/\/www.clinicarotger.com\/de\/#\/schema\/logo\/image\/\",\"url\":\"https:\/\/www.clinicarotger.com\/wp-content\/uploads\/2019\/11\/clinica-rotger-logo-top.png\",\"contentUrl\":\"https:\/\/www.clinicarotger.com\/wp-content\/uploads\/2019\/11\/clinica-rotger-logo-top.png\",\"width\":324,\"height\":104,\"caption\":\"Cl\u00ednica Rotger\"},\"image\":{\"@id\":\"https:\/\/www.clinicarotger.com\/de\/#\/schema\/logo\/image\/\"},\"sameAs\":[\"https:\/\/www.facebook.com\/clinica.rotger\/\",\"https:\/\/x.com\/clinicarotger\",\"https:\/\/twitter.com\/clinicarotger\",\"https:\/\/www.instagram.com\/quironsalud\/\",\"https:\/\/www.youtube.com\/channel\/UC1Xp5xg-r2Au-kQdIorviwg\"]}]}<\/script>\n<!-- \/ Yoast SEO plugin. -->","yoast_head_json":{"title":"Notdienste | Cl\u00ednica Rotger Quironsalud - Mallorca Krankenhaus","description":"Notdienste: 24 Stunden-Notaufnahme. Die Clinica Rotger ist das einzige private Zentrum mit Notaufnahme f\u00fcr Erwachsene und Kinder im Zentrum..","robots":{"index":"index","follow":"follow","max-snippet":"max-snippet:-1","max-image-preview":"max-image-preview:large","max-video-preview":"max-video-preview:-1"},"canonical":"https:\/\/www.clinicarotger.com\/de\/notdienste-clinica-rotger-hospital-mallorca\/","og_locale":"de_DE","og_type":"article","og_title":"Notdienste | Cl\u00ednica Rotger Quironsalud - Mallorca Krankenhaus","og_description":"Notdienste: 24 Stunden-Notaufnahme. Die Clinica Rotger ist das einzige private Zentrum mit Notaufnahme f\u00fcr Erwachsene und Kinder im Zentrum..","og_url":"https:\/\/www.clinicarotger.com\/de\/notdienste-clinica-rotger-hospital-mallorca\/","og_site_name":"Clinica Rotger","article_publisher":"https:\/\/www.facebook.com\/clinica.rotger\/","article_modified_time":"2021-05-12T08:31:14+00:00","og_image":[{"width":1200,"height":500,"url":"https:\/\/www.clinicarotger.com\/wp-content\/uploads\/2019\/12\/Clinica-Rotger-Hospital-Mallorca-Urgencias-1.jpg","type":"image\/jpeg"}],"twitter_card":"summary_large_image","twitter_site":"@clinicarotger","schema":{"@context":"https:\/\/schema.org","@graph":[{"@type":"WebPage","@id":"https:\/\/www.clinicarotger.com\/de\/notdienste-clinica-rotger-hospital-mallorca\/","url":"https:\/\/www.clinicarotger.com\/de\/notdienste-clinica-rotger-hospital-mallorca\/","name":"Notdienste | Cl\u00ednica Rotger Quironsalud - Mallorca Krankenhaus","isPartOf":{"@id":"https:\/\/www.clinicarotger.com\/de\/#website"},"primaryImageOfPage":{"@id":"https:\/\/www.clinicarotger.com\/de\/notdienste-clinica-rotger-hospital-mallorca\/#primaryimage"},"image":{"@id":"https:\/\/www.clinicarotger.com\/de\/notdienste-clinica-rotger-hospital-mallorca\/#primaryimage"},"thumbnailUrl":"https:\/\/www.clinicarotger.com\/wp-content\/uploads\/2019\/12\/Clinica-Rotger-Hospital-Mallorca-Urgencias-1.jpg","datePublished":"2019-12-13T10:01:33+00:00","dateModified":"2021-05-12T08:31:14+00:00","description":"Notdienste: 24 Stunden-Notaufnahme. Die Clinica Rotger ist das einzige private Zentrum mit Notaufnahme f\u00fcr Erwachsene und Kinder im Zentrum..","breadcrumb":{"@id":"https:\/\/www.clinicarotger.com\/de\/notdienste-clinica-rotger-hospital-mallorca\/#breadcrumb"},"inLanguage":"de","potentialAction":[{"@type":"ReadAction","target":["https:\/\/www.clinicarotger.com\/de\/notdienste-clinica-rotger-hospital-mallorca\/"]}]},{"@type":"ImageObject","inLanguage":"de","@id":"https:\/\/www.clinicarotger.com\/de\/notdienste-clinica-rotger-hospital-mallorca\/#primaryimage","url":"https:\/\/www.clinicarotger.com\/wp-content\/uploads\/2019\/12\/Clinica-Rotger-Hospital-Mallorca-Urgencias-1.jpg","contentUrl":"https:\/\/www.clinicarotger.com\/wp-content\/uploads\/2019\/12\/Clinica-Rotger-Hospital-Mallorca-Urgencias-1.jpg","width":1200,"height":500,"caption":"Cl\u00ednica-Rotger-Hospital-Mallorca-Urgencias"},{"@type":"BreadcrumbList","@id":"https:\/\/www.clinicarotger.com\/de\/notdienste-clinica-rotger-hospital-mallorca\/#breadcrumb","itemListElement":[{"@type":"ListItem","position":1,"name":"Inicio","item":"https:\/\/www.clinicarotger.com\/de\/"},{"@type":"ListItem","position":2,"name":"Notdienste"}]},{"@type":"WebSite","@id":"https:\/\/www.clinicarotger.com\/de\/#website","url":"https:\/\/www.clinicarotger.com\/de\/","name":"Clinica Rotger","description":"Krankenhaus Mallorca","publisher":{"@id":"https:\/\/www.clinicarotger.com\/de\/#organization"},"potentialAction":[{"@type":"SearchAction","target":{"@type":"EntryPoint","urlTemplate":"https:\/\/www.clinicarotger.com\/de\/?s={search_term_string}"},"query-input":{"@type":"PropertyValueSpecification","valueRequired":true,"valueName":"search_term_string"}}],"inLanguage":"de"},{"@type":"Organization","@id":"https:\/\/www.clinicarotger.com\/de\/#organization","name":"Cl\u00ednica Rotger","url":"https:\/\/www.clinicarotger.com\/de\/","logo":{"@type":"ImageObject","inLanguage":"de","@id":"https:\/\/www.clinicarotger.com\/de\/#\/schema\/logo\/image\/","url":"https:\/\/www.clinicarotger.com\/wp-content\/uploads\/2019\/11\/clinica-rotger-logo-top.png","contentUrl":"https:\/\/www.clinicarotger.com\/wp-content\/uploads\/2019\/11\/clinica-rotger-logo-top.png","width":324,"height":104,"caption":"Cl\u00ednica Rotger"},"image":{"@id":"https:\/\/www.clinicarotger.com\/de\/#\/schema\/logo\/image\/"},"sameAs":["https:\/\/www.facebook.com\/clinica.rotger\/","https:\/\/x.com\/clinicarotger","https:\/\/twitter.com\/clinicarotger","https:\/\/www.instagram.com\/quironsalud\/","https:\/\/www.youtube.com\/channel\/UC1Xp5xg-r2Au-kQdIorviwg"]}]}},"_links":{"self":[{"href":"https:\/\/www.clinicarotger.com\/de\/wp-json\/wp\/v2\/pages\/8223","targetHints":{"allow":["GET"]}}],"collection":[{"href":"https:\/\/www.clinicarotger.com\/de\/wp-json\/wp\/v2\/pages"}],"about":[{"href":"https:\/\/www.clinicarotger.com\/de\/wp-json\/wp\/v2\/types\/page"}],"author":[{"embeddable":true,"href":"https:\/\/www.clinicarotger.com\/de\/wp-json\/wp\/v2\/users\/1"}],"replies":[{"embeddable":true,"href":"https:\/\/www.clinicarotger.com\/de\/wp-json\/wp\/v2\/comments?post=8223"}],"version-history":[{"count":3,"href":"https:\/\/www.clinicarotger.com\/de\/wp-json\/wp\/v2\/pages\/8223\/revisions"}],"predecessor-version":[{"id":10257,"href":"https:\/\/www.clinicarotger.com\/de\/wp-json\/wp\/v2\/pages\/8223\/revisions\/10257"}],"wp:featuredmedia":[{"embeddable":true,"href":"https:\/\/www.clinicarotger.com\/de\/wp-json\/wp\/v2\/media\/4227"}],"wp:attachment":[{"href":"https:\/\/www.clinicarotger.com\/de\/wp-json\/wp\/v2\/media?parent=8223"}],"curies":[{"name":"wp","href":"https:\/\/api.w.org\/{rel}","templated":true}]}}