{"id":8213,"date":"2019-12-13T00:18:44","date_gmt":"2019-12-12T23:18:44","guid":{"rendered":"https:\/\/www.clinicarotger.com\/rehabilitacion-clinica-rotger-hospital-mallorca\/"},"modified":"2021-10-13T11:16:39","modified_gmt":"2021-10-13T09:16:39","slug":"rehabilitacion-clinica-rotger-hospital-mallorca","status":"publish","type":"page","link":"https:\/\/www.clinicarotger.com\/de\/rehabilitacion-clinica-rotger-hospital-mallorca\/","title":{"rendered":"Rehabilitation"},"content":{"rendered":"<p>Die Rehabilitationsabteilung der Clinica Rotger wird von Dr. Francisca Mas, einer Rehabilitations\u00e4rztin, koordiniert. Sie verf\u00fcgt \u00fcber ein Team, das aus 9 Physiotherapeuten und 10 Assistenten besteht.<\/p>\n","protected":false},"excerpt":{"rendered":"<p>Die Rehabilitationsabteilung der Clinica Rotger wird von Dr. Francisca Mas, einer Rehabilitations\u00e4rztin, koordiniert. Sie verf\u00fcgt \u00fcber ein Team, das aus 9 Physiotherapeuten und 10 Assistenten besteht.<\/p>\n","protected":false},"author":1,"featured_media":4442,"parent":0,"menu_order":0,"comment_status":"closed","ping_status":"closed","template":"page-tipoespecialidad.php","meta":{"_price":"","_stock":"","_tribe_ticket_header":"","_tribe_default_ticket_provider":"","_tribe_ticket_capacity":"0","_ticket_start_date":"","_ticket_end_date":"","_tribe_ticket_show_description":"","_tribe_ticket_show_not_going":false,"_tribe_ticket_use_global_stock":"","_tribe_ticket_global_stock_level":"","_global_stock_mode":"","_global_stock_cap":"","_tribe_rsvp_for_event":"","_tribe_ticket_going_count":"","_tribe_ticket_not_going_count":"","_tribe_tickets_list":"[]","_tribe_ticket_has_attendee_info_fields":false,"footnotes":""},"class_list":["post-8213","page","type-page","status-publish","has-post-thumbnail","hentry"],"yoast_head":"<!-- This site is optimized with the Yoast SEO plugin v26.8 - https:\/\/yoast.com\/product\/yoast-seo-wordpress\/ -->\n<title>Die Rehabilitationsabteilung der Clinica Rotger | Mallorca Krankenhaus<\/title>\n<meta name=\"description\" content=\"Die Rehabilitationsabteilung der Clinica Rotger wird von Dr. Francisca Mas, einer Rehabilitations\u00e4rztin, koordiniert.\" \/>\n<meta name=\"robots\" content=\"index, follow, max-snippet:-1, max-image-preview:large, max-video-preview:-1\" \/>\n<link rel=\"canonical\" href=\"https:\/\/www.clinicarotger.com\/de\/rehabilitacion-clinica-rotger-hospital-mallorca\/\" \/>\n<meta property=\"og:locale\" content=\"de_DE\" \/>\n<meta property=\"og:type\" content=\"article\" \/>\n<meta property=\"og:title\" content=\"Die Rehabilitationsabteilung der Clinica Rotger | Mallorca Krankenhaus\" \/>\n<meta property=\"og:description\" content=\"Die Rehabilitationsabteilung der Clinica Rotger wird von Dr. Francisca Mas, einer Rehabilitations\u00e4rztin, koordiniert.\" \/>\n<meta property=\"og:url\" content=\"https:\/\/www.clinicarotger.com\/de\/rehabilitacion-clinica-rotger-hospital-mallorca\/\" \/>\n<meta property=\"og:site_name\" content=\"Clinica Rotger\" \/>\n<meta property=\"article:publisher\" content=\"https:\/\/www.facebook.com\/clinica.rotger\/\" \/>\n<meta property=\"article:modified_time\" content=\"2021-10-13T09:16:39+00:00\" \/>\n<meta property=\"og:image\" content=\"https:\/\/www.clinicarotger.com\/wp-content\/uploads\/2019\/11\/Rehabilitacion-Clinica-Rotger-Hospital-Mallorca-1.jpg\" \/>\n\t<meta property=\"og:image:width\" content=\"1200\" \/>\n\t<meta property=\"og:image:height\" content=\"500\" \/>\n\t<meta property=\"og:image:type\" content=\"image\/jpeg\" \/>\n<meta name=\"twitter:card\" content=\"summary_large_image\" \/>\n<meta name=\"twitter:site\" content=\"@clinicarotger\" \/>\n<script type=\"application\/ld+json\" class=\"yoast-schema-graph\">{\"@context\":\"https:\/\/schema.org\",\"@graph\":[{\"@type\":\"WebPage\",\"@id\":\"https:\/\/www.clinicarotger.com\/de\/rehabilitacion-clinica-rotger-hospital-mallorca\/\",\"url\":\"https:\/\/www.clinicarotger.com\/de\/rehabilitacion-clinica-rotger-hospital-mallorca\/\",\"name\":\"Die Rehabilitationsabteilung der Clinica Rotger | Mallorca Krankenhaus\",\"isPartOf\":{\"@id\":\"https:\/\/www.clinicarotger.com\/de\/#website\"},\"primaryImageOfPage\":{\"@id\":\"https:\/\/www.clinicarotger.com\/de\/rehabilitacion-clinica-rotger-hospital-mallorca\/#primaryimage\"},\"image\":{\"@id\":\"https:\/\/www.clinicarotger.com\/de\/rehabilitacion-clinica-rotger-hospital-mallorca\/#primaryimage\"},\"thumbnailUrl\":\"https:\/\/www.clinicarotger.com\/wp-content\/uploads\/2019\/11\/Rehabilitacion-Clinica-Rotger-Hospital-Mallorca-1.jpg\",\"datePublished\":\"2019-12-12T23:18:44+00:00\",\"dateModified\":\"2021-10-13T09:16:39+00:00\",\"description\":\"Die Rehabilitationsabteilung der Clinica Rotger wird von Dr. Francisca Mas, einer Rehabilitations\u00e4rztin, koordiniert.\",\"breadcrumb\":{\"@id\":\"https:\/\/www.clinicarotger.com\/de\/rehabilitacion-clinica-rotger-hospital-mallorca\/#breadcrumb\"},\"inLanguage\":\"de\",\"potentialAction\":[{\"@type\":\"ReadAction\",\"target\":[\"https:\/\/www.clinicarotger.com\/de\/rehabilitacion-clinica-rotger-hospital-mallorca\/\"]}]},{\"@type\":\"ImageObject\",\"inLanguage\":\"de\",\"@id\":\"https:\/\/www.clinicarotger.com\/de\/rehabilitacion-clinica-rotger-hospital-mallorca\/#primaryimage\",\"url\":\"https:\/\/www.clinicarotger.com\/wp-content\/uploads\/2019\/11\/Rehabilitacion-Clinica-Rotger-Hospital-Mallorca-1.jpg\",\"contentUrl\":\"https:\/\/www.clinicarotger.com\/wp-content\/uploads\/2019\/11\/Rehabilitacion-Clinica-Rotger-Hospital-Mallorca-1.jpg\",\"width\":1200,\"height\":500,\"caption\":\"Rehabilitaci\u00f3n-Cl\u00ednica-Rotger-Hospital-Mallorca\"},{\"@type\":\"BreadcrumbList\",\"@id\":\"https:\/\/www.clinicarotger.com\/de\/rehabilitacion-clinica-rotger-hospital-mallorca\/#breadcrumb\",\"itemListElement\":[{\"@type\":\"ListItem\",\"position\":1,\"name\":\"Inicio\",\"item\":\"https:\/\/www.clinicarotger.com\/de\/\"},{\"@type\":\"ListItem\",\"position\":2,\"name\":\"Rehabilitation\"}]},{\"@type\":\"WebSite\",\"@id\":\"https:\/\/www.clinicarotger.com\/de\/#website\",\"url\":\"https:\/\/www.clinicarotger.com\/de\/\",\"name\":\"Clinica Rotger\",\"description\":\"Krankenhaus Mallorca\",\"publisher\":{\"@id\":\"https:\/\/www.clinicarotger.com\/de\/#organization\"},\"potentialAction\":[{\"@type\":\"SearchAction\",\"target\":{\"@type\":\"EntryPoint\",\"urlTemplate\":\"https:\/\/www.clinicarotger.com\/de\/?s={search_term_string}\"},\"query-input\":{\"@type\":\"PropertyValueSpecification\",\"valueRequired\":true,\"valueName\":\"search_term_string\"}}],\"inLanguage\":\"de\"},{\"@type\":\"Organization\",\"@id\":\"https:\/\/www.clinicarotger.com\/de\/#organization\",\"name\":\"Cl\u00ednica Rotger\",\"url\":\"https:\/\/www.clinicarotger.com\/de\/\",\"logo\":{\"@type\":\"ImageObject\",\"inLanguage\":\"de\",\"@id\":\"https:\/\/www.clinicarotger.com\/de\/#\/schema\/logo\/image\/\",\"url\":\"https:\/\/www.clinicarotger.com\/wp-content\/uploads\/2019\/11\/clinica-rotger-logo-top.png\",\"contentUrl\":\"https:\/\/www.clinicarotger.com\/wp-content\/uploads\/2019\/11\/clinica-rotger-logo-top.png\",\"width\":324,\"height\":104,\"caption\":\"Cl\u00ednica Rotger\"},\"image\":{\"@id\":\"https:\/\/www.clinicarotger.com\/de\/#\/schema\/logo\/image\/\"},\"sameAs\":[\"https:\/\/www.facebook.com\/clinica.rotger\/\",\"https:\/\/x.com\/clinicarotger\",\"https:\/\/twitter.com\/clinicarotger\",\"https:\/\/www.instagram.com\/quironsalud\/\",\"https:\/\/www.youtube.com\/channel\/UC1Xp5xg-r2Au-kQdIorviwg\"]}]}<\/script>\n<!-- \/ Yoast SEO plugin. -->","yoast_head_json":{"title":"Die Rehabilitationsabteilung der Clinica Rotger | Mallorca Krankenhaus","description":"Die Rehabilitationsabteilung der Clinica Rotger wird von Dr. Francisca Mas, einer Rehabilitations\u00e4rztin, koordiniert.","robots":{"index":"index","follow":"follow","max-snippet":"max-snippet:-1","max-image-preview":"max-image-preview:large","max-video-preview":"max-video-preview:-1"},"canonical":"https:\/\/www.clinicarotger.com\/de\/rehabilitacion-clinica-rotger-hospital-mallorca\/","og_locale":"de_DE","og_type":"article","og_title":"Die Rehabilitationsabteilung der Clinica Rotger | Mallorca Krankenhaus","og_description":"Die Rehabilitationsabteilung der Clinica Rotger wird von Dr. Francisca Mas, einer Rehabilitations\u00e4rztin, koordiniert.","og_url":"https:\/\/www.clinicarotger.com\/de\/rehabilitacion-clinica-rotger-hospital-mallorca\/","og_site_name":"Clinica Rotger","article_publisher":"https:\/\/www.facebook.com\/clinica.rotger\/","article_modified_time":"2021-10-13T09:16:39+00:00","og_image":[{"width":1200,"height":500,"url":"https:\/\/www.clinicarotger.com\/wp-content\/uploads\/2019\/11\/Rehabilitacion-Clinica-Rotger-Hospital-Mallorca-1.jpg","type":"image\/jpeg"}],"twitter_card":"summary_large_image","twitter_site":"@clinicarotger","schema":{"@context":"https:\/\/schema.org","@graph":[{"@type":"WebPage","@id":"https:\/\/www.clinicarotger.com\/de\/rehabilitacion-clinica-rotger-hospital-mallorca\/","url":"https:\/\/www.clinicarotger.com\/de\/rehabilitacion-clinica-rotger-hospital-mallorca\/","name":"Die Rehabilitationsabteilung der Clinica Rotger | Mallorca Krankenhaus","isPartOf":{"@id":"https:\/\/www.clinicarotger.com\/de\/#website"},"primaryImageOfPage":{"@id":"https:\/\/www.clinicarotger.com\/de\/rehabilitacion-clinica-rotger-hospital-mallorca\/#primaryimage"},"image":{"@id":"https:\/\/www.clinicarotger.com\/de\/rehabilitacion-clinica-rotger-hospital-mallorca\/#primaryimage"},"thumbnailUrl":"https:\/\/www.clinicarotger.com\/wp-content\/uploads\/2019\/11\/Rehabilitacion-Clinica-Rotger-Hospital-Mallorca-1.jpg","datePublished":"2019-12-12T23:18:44+00:00","dateModified":"2021-10-13T09:16:39+00:00","description":"Die Rehabilitationsabteilung der Clinica Rotger wird von Dr. Francisca Mas, einer Rehabilitations\u00e4rztin, koordiniert.","breadcrumb":{"@id":"https:\/\/www.clinicarotger.com\/de\/rehabilitacion-clinica-rotger-hospital-mallorca\/#breadcrumb"},"inLanguage":"de","potentialAction":[{"@type":"ReadAction","target":["https:\/\/www.clinicarotger.com\/de\/rehabilitacion-clinica-rotger-hospital-mallorca\/"]}]},{"@type":"ImageObject","inLanguage":"de","@id":"https:\/\/www.clinicarotger.com\/de\/rehabilitacion-clinica-rotger-hospital-mallorca\/#primaryimage","url":"https:\/\/www.clinicarotger.com\/wp-content\/uploads\/2019\/11\/Rehabilitacion-Clinica-Rotger-Hospital-Mallorca-1.jpg","contentUrl":"https:\/\/www.clinicarotger.com\/wp-content\/uploads\/2019\/11\/Rehabilitacion-Clinica-Rotger-Hospital-Mallorca-1.jpg","width":1200,"height":500,"caption":"Rehabilitaci\u00f3n-Cl\u00ednica-Rotger-Hospital-Mallorca"},{"@type":"BreadcrumbList","@id":"https:\/\/www.clinicarotger.com\/de\/rehabilitacion-clinica-rotger-hospital-mallorca\/#breadcrumb","itemListElement":[{"@type":"ListItem","position":1,"name":"Inicio","item":"https:\/\/www.clinicarotger.com\/de\/"},{"@type":"ListItem","position":2,"name":"Rehabilitation"}]},{"@type":"WebSite","@id":"https:\/\/www.clinicarotger.com\/de\/#website","url":"https:\/\/www.clinicarotger.com\/de\/","name":"Clinica Rotger","description":"Krankenhaus Mallorca","publisher":{"@id":"https:\/\/www.clinicarotger.com\/de\/#organization"},"potentialAction":[{"@type":"SearchAction","target":{"@type":"EntryPoint","urlTemplate":"https:\/\/www.clinicarotger.com\/de\/?s={search_term_string}"},"query-input":{"@type":"PropertyValueSpecification","valueRequired":true,"valueName":"search_term_string"}}],"inLanguage":"de"},{"@type":"Organization","@id":"https:\/\/www.clinicarotger.com\/de\/#organization","name":"Cl\u00ednica Rotger","url":"https:\/\/www.clinicarotger.com\/de\/","logo":{"@type":"ImageObject","inLanguage":"de","@id":"https:\/\/www.clinicarotger.com\/de\/#\/schema\/logo\/image\/","url":"https:\/\/www.clinicarotger.com\/wp-content\/uploads\/2019\/11\/clinica-rotger-logo-top.png","contentUrl":"https:\/\/www.clinicarotger.com\/wp-content\/uploads\/2019\/11\/clinica-rotger-logo-top.png","width":324,"height":104,"caption":"Cl\u00ednica Rotger"},"image":{"@id":"https:\/\/www.clinicarotger.com\/de\/#\/schema\/logo\/image\/"},"sameAs":["https:\/\/www.facebook.com\/clinica.rotger\/","https:\/\/x.com\/clinicarotger","https:\/\/twitter.com\/clinicarotger","https:\/\/www.instagram.com\/quironsalud\/","https:\/\/www.youtube.com\/channel\/UC1Xp5xg-r2Au-kQdIorviwg"]}]}},"_links":{"self":[{"href":"https:\/\/www.clinicarotger.com\/de\/wp-json\/wp\/v2\/pages\/8213","targetHints":{"allow":["GET"]}}],"collection":[{"href":"https:\/\/www.clinicarotger.com\/de\/wp-json\/wp\/v2\/pages"}],"about":[{"href":"https:\/\/www.clinicarotger.com\/de\/wp-json\/wp\/v2\/types\/page"}],"author":[{"embeddable":true,"href":"https:\/\/www.clinicarotger.com\/de\/wp-json\/wp\/v2\/users\/1"}],"replies":[{"embeddable":true,"href":"https:\/\/www.clinicarotger.com\/de\/wp-json\/wp\/v2\/comments?post=8213"}],"version-history":[{"count":3,"href":"https:\/\/www.clinicarotger.com\/de\/wp-json\/wp\/v2\/pages\/8213\/revisions"}],"predecessor-version":[{"id":10226,"href":"https:\/\/www.clinicarotger.com\/de\/wp-json\/wp\/v2\/pages\/8213\/revisions\/10226"}],"wp:featuredmedia":[{"embeddable":true,"href":"https:\/\/www.clinicarotger.com\/de\/wp-json\/wp\/v2\/media\/4442"}],"wp:attachment":[{"href":"https:\/\/www.clinicarotger.com\/de\/wp-json\/wp\/v2\/media?parent=8213"}],"curies":[{"name":"wp","href":"https:\/\/api.w.org\/{rel}","templated":true}]}}