{"id":8203,"date":"2019-11-12T17:18:28","date_gmt":"2019-11-12T16:18:28","guid":{"rendered":"https:\/\/www.clinicarotger.com\/preguntas-frecuentes\/"},"modified":"2021-07-22T10:18:02","modified_gmt":"2021-07-22T08:18:02","slug":"faqs-clinica-rotger-mallorca-krankenhaus","status":"publish","type":"page","link":"https:\/\/www.clinicarotger.com\/de\/faqs-clinica-rotger-mallorca-krankenhaus\/","title":{"rendered":"FAQ&#8217;s"},"content":{"rendered":"\t\t<div data-elementor-type=\"wp-page\" data-elementor-id=\"8203\" class=\"elementor elementor-8203 elementor-21\">\n\t\t\t\t\t\t<section class=\"elementor-section elementor-top-section elementor-element elementor-element-5520fdf elementor-section-boxed elementor-section-height-default elementor-section-height-default\" data-id=\"5520fdf\" data-element_type=\"section\" data-e-type=\"section\">\n\t\t\t\t\t\t<div class=\"elementor-container elementor-column-gap-default\">\n\t\t\t\t\t<div class=\"elementor-column elementor-col-100 elementor-top-column elementor-element elementor-element-1f05a61\" data-id=\"1f05a61\" data-element_type=\"column\" data-e-type=\"column\">\n\t\t\t<div class=\"elementor-widget-wrap elementor-element-populated\">\n\t\t\t\t\t\t<div class=\"elementor-element elementor-element-cbe615a elementor-widget elementor-widget-spacer\" data-id=\"cbe615a\" data-element_type=\"widget\" data-e-type=\"widget\" data-widget_type=\"spacer.default\">\n\t\t\t\t<div class=\"elementor-widget-container\">\n\t\t\t\t\t\t\t<div class=\"elementor-spacer\">\n\t\t\t<div class=\"elementor-spacer-inner\"><\/div>\n\t\t<\/div>\n\t\t\t\t\t\t<\/div>\n\t\t\t\t<\/div>\n\t\t\t\t\t<\/div>\n\t\t<\/div>\n\t\t\t\t\t<\/div>\n\t\t<\/section>\n\t\t\t\t<section class=\"elementor-section elementor-top-section elementor-element elementor-element-e9dcc55 elementor-section-boxed elementor-section-height-default elementor-section-height-default\" data-id=\"e9dcc55\" data-element_type=\"section\" data-e-type=\"section\">\n\t\t\t\t\t\t<div class=\"elementor-container elementor-column-gap-default\">\n\t\t\t\t\t<div class=\"elementor-column elementor-col-100 elementor-top-column elementor-element elementor-element-90ab211\" data-id=\"90ab211\" data-element_type=\"column\" data-e-type=\"column\">\n\t\t\t<div class=\"elementor-widget-wrap elementor-element-populated\">\n\t\t\t\t\t\t<section class=\"elementor-section elementor-inner-section elementor-element elementor-element-3f2f64a elementor-section-boxed elementor-section-height-default elementor-section-height-default\" data-id=\"3f2f64a\" data-element_type=\"section\" data-e-type=\"section\">\n\t\t\t\t\t\t<div class=\"elementor-container elementor-column-gap-default\">\n\t\t\t\t\t<div class=\"elementor-column elementor-col-50 elementor-inner-column elementor-element elementor-element-909669a\" data-id=\"909669a\" data-element_type=\"column\" data-e-type=\"column\">\n\t\t\t<div class=\"elementor-widget-wrap elementor-element-populated\">\n\t\t\t\t\t\t<div class=\"elementor-element elementor-element-659b086 elementor-widget elementor-widget-text-editor\" data-id=\"659b086\" data-element_type=\"widget\" data-e-type=\"widget\" data-widget_type=\"text-editor.default\">\n\t\t\t\t<div class=\"elementor-widget-container\">\n\t\t\t\t\t\t\t\t\t<p style=\"text-align: justify;\"><strong>Wo befindet sich die Klinik?<\/strong><br \/>Sie befindet sich in einem historischen Geb\u00e4ude im Zentrum von Palma, mit Eing\u00e4ngen von der Via Roma 3 (ohne bautechnischen Barrieren) und der Calle Santiago Russi\u00f1ol 9. In Santiago Russi\u00f1ol 11 befindet sich der Eingang zur Notaufnahme f\u00fcr Fahrzeuge und Fu\u00dfg\u00e4nger. Nur wenige Meter entfernt gibt es einen \u00f6ffentlichen Parkplatz.<\/p><p style=\"text-align: justify;\"><strong>Ist es ein \u00f6ffentliches oder privates Gesundheitszentrum?<\/strong><\/p><p style=\"text-align: justify;\">Seit der Gr\u00fcndung 1944 ist die Clinica Rotger eine Privatklinik.<\/p><p style=\"text-align: justify;\"><strong>Mit welchen Krankenkassen arbeiten Sie zusammen?<\/strong><\/p><p style=\"text-align: justify;\">Mit allen nationalen und internationalen privaten Kranken- und Reiseversicherungen. Sie k\u00f6nnen die Liste der wichtigsten Gesellschaften auf dieser Seite einsehen. Bei R\u00fcckfragen stehen wir Ihnen gerne zur Verf\u00fcgung.<\/p><p style=\"text-align: justify;\"><strong>Ich bin nicht krankenversichert. Kann ich in die Klinik kommen?<\/strong><\/p><p style=\"text-align: justify;\">Nat\u00fcrlich k\u00f6nnen Sie das. Z\u00f6gern Sie nicht, uns zu kontaktieren. Wir werden sicher einen Weg finden, Ihre Bed\u00fcrfnisse durch unser Medical Solutions Programm zu erf\u00fcllen. Fordern Sie einen unverbindlichen Kostenvoranschlag an.<\/p><p style=\"text-align: justify;\"><strong>Wie kann ich einen Termin vereinbaren?<\/strong><\/p><p style=\"text-align: justify;\">Durch einen direkten Anruf bei der Telefonnummer der jeweiligen Fachabteilung oder bei der Telefonzentrale unter der Nummer 971 448 500. Wenn es sich um einen Arztbesuch handelt, empfehlen wir Ihnen das Patientenportal zu nutzen, wo Sie nicht nur Ihre Termine verwalten, sondern auch Ergebnisse und Berichte einsehen k\u00f6nnen.<\/p><p style=\"text-align: justify;\"><strong>Wie sind die \u00d6ffnungszeiten der Klinik?<\/strong><\/p><p style=\"text-align: justify;\">Die Klinik ist ohne Unterbrechung ge\u00f6ffnet. Die \u00d6ffnungszeiten der verschiedenen Abteilungen und Sprechstunden finden Sie im Abschnitt FACHBEREICHE auf dieser Website.<\/p><p style=\"text-align: justify;\"><strong>Wie sind die \u00d6ffnungszeiten der Notaufnahme?<\/strong><\/p><p style=\"text-align: justify;\">Unsere Notaufnahme ist 24 Stunden am Tag und 365 Tage im Jahr mit einem multidisziplin\u00e4ren Team ge\u00f6ffnet, das sich um Notf\u00e4lle in den Bereichen Allgemeinmedizin, P\u00e4diatrie und Traumatologie k\u00fcmmert. Auch Spezialisten aus anderen Gebieten sind st\u00e4ndig vor Ort, f\u00fcr den Fall, dass ihr Eingreifen erforderlich ist. Zudem besteht die st\u00e4ndige Unterst\u00fctzung der R\u00f6ntgenabteilung und des Labors f\u00fcr klinische Analysen.<\/p><p style=\"text-align: justify;\"><strong>Kann ich die Ergebnisse meiner klinischen Analysen im Internet einsehen?<\/strong><\/p><p style=\"text-align: justify;\">Ja, Sie k\u00f6nnen sie im Patientenportal konsultieren, wo Sie auch Ihre Termine verwalten k\u00f6nnen.<\/p><p style=\"text-align: justify;\"><strong>Welche Unterlagen muss ich f\u00fcr einen station\u00e4ren Klinikaufenthalt mitbringen?<\/strong><\/p><p style=\"text-align: justify;\">Die Genehmigung der Krankenkasse, Ihre Krankenversicherungskarte, Ihren Ausweis, die pr\u00e4operativen Tests und die unterzeichnete Einverst\u00e4ndniserkl\u00e4rung, falls Ihr Arzt dies angewiesen hat.<\/p><p style=\"text-align: justify;\"><strong>Welche pers\u00f6nlichen Gegenst\u00e4nde sollte ich f\u00fcr einen station\u00e4ren Klinikaufenthalt mitbringen?<\/strong><\/p><p style=\"text-align: justify;\">Einen Schlafanzug, einen Bademantel, Hausschuhe, Ihre pers\u00f6nlichen Gegenst\u00e4nde und Ihre \u00fcblichen Medikamente.<\/p>\t\t\t\t\t\t\t\t<\/div>\n\t\t\t\t<\/div>\n\t\t\t\t\t<\/div>\n\t\t<\/div>\n\t\t\t\t<div class=\"elementor-column elementor-col-50 elementor-inner-column elementor-element elementor-element-9ad4967\" data-id=\"9ad4967\" data-element_type=\"column\" data-e-type=\"column\">\n\t\t\t<div class=\"elementor-widget-wrap elementor-element-populated\">\n\t\t\t\t\t\t<div class=\"elementor-element elementor-element-eef55b5 elementor-widget elementor-widget-text-editor\" data-id=\"eef55b5\" data-element_type=\"widget\" data-e-type=\"widget\" data-widget_type=\"text-editor.default\">\n\t\t\t\t<div class=\"elementor-widget-container\">\n\t\t\t\t\t\t\t\t\t<p style=\"text-align: justify;\"><strong>Wie sind die Patientenbesuchszeiten?<\/strong><\/p><p style=\"text-align: justify;\">In den Zimmern ist die Besuchszeit frei, es sei denn, es besteht eine medizinische Einschr\u00e4nkung. Es wird jedoch empfohlen, Besuche vor 9 Uhr morgens und nach 21 Uhr abends zu vermeiden, um die Ruhe der Patienten zu wahren. Aus demselben Grund raten wir Ihnen auch, die Anzahl der Begleitpersonen w\u00e4hrend des Tages zu begrenzen, um Gedr\u00e4nge und L\u00e4rm zu vermeiden.<\/p><p style=\"text-align: justify;\">Dieses allgemeine Prinzip wird durch die Ma\u03b2nahmen aufgrund der Pandemie eingeschr\u00e4nkt.<\/p><p><strong>Weitere Informationen finden Sie unter <\/strong><u><\/u><br \/><span style=\"color: #33cccc;\"><strong><u>&#8220;<a href=\"https:\/\/www.clinicarotger.com\/de\/neue-kriterien-fuer-begleitpersonen-und-besuche-rotger-klinic-mallorca-krankenhaus\/\">Kriterien f\u00fcr Patientenbegleitung und Besuche&#8221;.<\/a><\/u><\/strong><\/span><\/p><p><strong>Ich werde in Ihrer Klinik entbinden. Welche Kleidung soll ich f\u00fcr das Baby mitbringen?<\/strong><\/p><p>Wenn es sich um eine nat\u00fcrliche Geburt handelt, sollten Sie 6 Ganzk\u00f6rperanz\u00fcge, 4 Pyjamas mitbringen, sowie Kleidung, um sp\u00e4ter die Klinik zu verlassen.<\/p><p>Wenn es sich um eine Kaiserschnittentbindung handelt, raten wir Ihnen, die Anzahl der Bodysuits und Pyjamas zu erh\u00f6hen, da Sie l\u00e4nger in der Klinik bleiben.<\/p><p>Windeln, Badeutensilien, Flaschen usw. werden direkt von unserer S\u00e4uglingsbetreuung bereitgestellt.<\/p><p><strong>Gibt es Einschr\u00e4nkungen bei der Benutzung von Mobiltelefonen oder anderen elektronischen Ger\u00e4ten?<\/strong><\/p><p>Es gibt keine Einschr\u00e4nkungen, au\u00dfer in den technischen Bereichen, aber wir bitten Sie, stets die Ruhe der Patienten im Auge zu behalten.<\/p><p><strong>Sind alle Zimmer mit TV und Wi-Fi ausgestattet?<\/strong><\/p><p>Ja, alle Zimmer verf\u00fcgen \u00fcber Satellitenfernsehen mit Kan\u00e4len in mehreren Sprachen und kostenloses Wi-Fi. Wenn Sie interessiert sind, fragen Sie bitte bei der Aufnahmeabteilung nach weiteren Informationen.<\/p><p><strong>Welche anderen Dienstleistungen bietet die Klinik an?<\/strong><\/p><p>Kostenlose Tagespresse, ein Cafe-Restaurant, ein Kinderspielbereich, einen Sitzungssaal und eine Kapelle.<\/p><p><strong>Haben Sie Dolmetscher in der Klinik?<\/strong><\/p><p>Ja, wir verf\u00fcgen \u00fcber mehrsprachiges Personal, das 24 Stunden am Tag zur Verf\u00fcgung steht, die internationalen Patienten bei allen Verfahren unterst\u00fctzt und als Kontaktperson f\u00fcr das Gesundheitspersonal fungiert. Wir verf\u00fcgen auch \u00fcber einen Simultan\u00fcbersetzungsdienst f\u00fcr Konferenzen in mehr als 50 Sprachen.<\/p><p><strong>Wann sollte ich das Zimmer verlassen, wenn ich entlassen werde?<\/strong><\/p><p>Bitte verlassen Sie das Zimmer innerhalb der ersten Stunde nach der Entlassung, um die Aufnahme neuer Patienten zu erm\u00f6glichen.<\/p>\t\t\t\t\t\t\t\t<\/div>\n\t\t\t\t<\/div>\n\t\t\t\t\t<\/div>\n\t\t<\/div>\n\t\t\t\t\t<\/div>\n\t\t<\/section>\n\t\t\t\t\t<\/div>\n\t\t<\/div>\n\t\t\t\t\t<\/div>\n\t\t<\/section>\n\t\t\t\t<section class=\"elementor-section elementor-top-section elementor-element elementor-element-635771f elementor-section-boxed elementor-section-height-default elementor-section-height-default\" data-id=\"635771f\" data-element_type=\"section\" data-e-type=\"section\">\n\t\t\t\t\t\t<div class=\"elementor-container elementor-column-gap-default\">\n\t\t\t\t\t<div class=\"elementor-column elementor-col-100 elementor-top-column elementor-element elementor-element-d1a6c3c\" data-id=\"d1a6c3c\" data-element_type=\"column\" data-e-type=\"column\">\n\t\t\t<div class=\"elementor-widget-wrap elementor-element-populated\">\n\t\t\t\t\t\t<div class=\"elementor-element elementor-element-6b3c33a elementor-widget elementor-widget-spacer\" data-id=\"6b3c33a\" data-element_type=\"widget\" data-e-type=\"widget\" data-widget_type=\"spacer.default\">\n\t\t\t\t<div class=\"elementor-widget-container\">\n\t\t\t\t\t\t\t<div class=\"elementor-spacer\">\n\t\t\t<div class=\"elementor-spacer-inner\"><\/div>\n\t\t<\/div>\n\t\t\t\t\t\t<\/div>\n\t\t\t\t<\/div>\n\t\t\t\t\t<\/div>\n\t\t<\/div>\n\t\t\t\t\t<\/div>\n\t\t<\/section>\n\t\t\t\t<\/div>\n\t\t","protected":false},"excerpt":{"rendered":"<p>Wo befindet sich die Klinik?Sie befindet sich in einem historischen Geb\u00e4ude im Zentrum von Palma, mit Eing\u00e4ngen von der Via Roma 3 (ohne bautechnischen Barrieren) und der Calle Santiago Russi\u00f1ol 9. In Santiago Russi\u00f1ol 11 befindet sich der Eingang zur Notaufnahme f\u00fcr Fahrzeuge und Fu\u00dfg\u00e4nger. Nur wenige Meter entfernt gibt es einen \u00f6ffentlichen Parkplatz. Ist&#8230;<\/p>\n","protected":false},"author":1,"featured_media":2904,"parent":0,"menu_order":0,"comment_status":"closed","ping_status":"closed","template":"","meta":{"_price":"","_stock":"","_tribe_ticket_header":"","_tribe_default_ticket_provider":"","_tribe_ticket_capacity":"0","_ticket_start_date":"","_ticket_end_date":"","_tribe_ticket_show_description":"","_tribe_ticket_show_not_going":false,"_tribe_ticket_use_global_stock":"","_tribe_ticket_global_stock_level":"","_global_stock_mode":"","_global_stock_cap":"","_tribe_rsvp_for_event":"","_tribe_ticket_going_count":"","_tribe_ticket_not_going_count":"","_tribe_tickets_list":"[]","_tribe_ticket_has_attendee_info_fields":false,"footnotes":""},"class_list":["post-8203","page","type-page","status-publish","has-post-thumbnail","hentry"],"yoast_head":"<!-- This site is optimized with the Yoast SEO plugin v26.8 - https:\/\/yoast.com\/product\/yoast-seo-wordpress\/ -->\n<title>FAQ&#039;s | Cl\u00ednica Rotger Quir\u00f3nsalud - Mallorca Krankenhaus<\/title>\n<meta name=\"description\" content=\"FAQ&#039;s: Wo befindet sich die Klinik?, Ist es ein \u00f6ffentliches oder privates Gesundheitszentrum?, Mit welchen Krankenkassen...\" \/>\n<meta name=\"robots\" content=\"index, follow, max-snippet:-1, max-image-preview:large, max-video-preview:-1\" \/>\n<link rel=\"canonical\" href=\"https:\/\/www.clinicarotger.com\/de\/faqs-clinica-rotger-mallorca-krankenhaus\/\" \/>\n<meta property=\"og:locale\" content=\"de_DE\" \/>\n<meta property=\"og:type\" content=\"article\" \/>\n<meta property=\"og:title\" content=\"FAQ&#039;s | Cl\u00ednica Rotger Quir\u00f3nsalud - Mallorca Krankenhaus\" \/>\n<meta property=\"og:description\" content=\"FAQ&#039;s: Wo befindet sich die Klinik?, Ist es ein \u00f6ffentliches oder privates Gesundheitszentrum?, Mit welchen Krankenkassen...\" \/>\n<meta property=\"og:url\" content=\"https:\/\/www.clinicarotger.com\/de\/faqs-clinica-rotger-mallorca-krankenhaus\/\" \/>\n<meta property=\"og:site_name\" content=\"Clinica Rotger\" \/>\n<meta property=\"article:publisher\" content=\"https:\/\/www.facebook.com\/clinica.rotger\/\" \/>\n<meta property=\"article:modified_time\" content=\"2021-07-22T08:18:02+00:00\" \/>\n<meta property=\"og:image\" content=\"https:\/\/www.clinicarotger.com\/wp-content\/uploads\/2019\/11\/Implantes-Capilares-Clinica-Rotger-Hospital-Mallorca-Equipo.jpg\" \/>\n\t<meta property=\"og:image:width\" content=\"1600\" \/>\n\t<meta property=\"og:image:height\" content=\"791\" \/>\n\t<meta property=\"og:image:type\" content=\"image\/jpeg\" \/>\n<meta name=\"twitter:card\" content=\"summary_large_image\" \/>\n<meta name=\"twitter:site\" content=\"@clinicarotger\" \/>\n<meta name=\"twitter:label1\" content=\"Gesch\u00e4tzte Lesezeit\" \/>\n\t<meta name=\"twitter:data1\" content=\"4\u00a0Minuten\" \/>\n<script type=\"application\/ld+json\" class=\"yoast-schema-graph\">{\"@context\":\"https:\/\/schema.org\",\"@graph\":[{\"@type\":\"WebPage\",\"@id\":\"https:\/\/www.clinicarotger.com\/de\/faqs-clinica-rotger-mallorca-krankenhaus\/\",\"url\":\"https:\/\/www.clinicarotger.com\/de\/faqs-clinica-rotger-mallorca-krankenhaus\/\",\"name\":\"FAQ's | Cl\u00ednica Rotger Quir\u00f3nsalud - Mallorca Krankenhaus\",\"isPartOf\":{\"@id\":\"https:\/\/www.clinicarotger.com\/de\/#website\"},\"primaryImageOfPage\":{\"@id\":\"https:\/\/www.clinicarotger.com\/de\/faqs-clinica-rotger-mallorca-krankenhaus\/#primaryimage\"},\"image\":{\"@id\":\"https:\/\/www.clinicarotger.com\/de\/faqs-clinica-rotger-mallorca-krankenhaus\/#primaryimage\"},\"thumbnailUrl\":\"https:\/\/www.clinicarotger.com\/wp-content\/uploads\/2019\/11\/Implantes-Capilares-Clinica-Rotger-Hospital-Mallorca-Equipo.jpg\",\"datePublished\":\"2019-11-12T16:18:28+00:00\",\"dateModified\":\"2021-07-22T08:18:02+00:00\",\"description\":\"FAQ's: Wo befindet sich die Klinik?, Ist es ein \u00f6ffentliches oder privates Gesundheitszentrum?, Mit welchen Krankenkassen...\",\"breadcrumb\":{\"@id\":\"https:\/\/www.clinicarotger.com\/de\/faqs-clinica-rotger-mallorca-krankenhaus\/#breadcrumb\"},\"inLanguage\":\"de\",\"potentialAction\":[{\"@type\":\"ReadAction\",\"target\":[\"https:\/\/www.clinicarotger.com\/de\/faqs-clinica-rotger-mallorca-krankenhaus\/\"]}]},{\"@type\":\"ImageObject\",\"inLanguage\":\"de\",\"@id\":\"https:\/\/www.clinicarotger.com\/de\/faqs-clinica-rotger-mallorca-krankenhaus\/#primaryimage\",\"url\":\"https:\/\/www.clinicarotger.com\/wp-content\/uploads\/2019\/11\/Implantes-Capilares-Clinica-Rotger-Hospital-Mallorca-Equipo.jpg\",\"contentUrl\":\"https:\/\/www.clinicarotger.com\/wp-content\/uploads\/2019\/11\/Implantes-Capilares-Clinica-Rotger-Hospital-Mallorca-Equipo.jpg\",\"width\":1600,\"height\":791,\"caption\":\"Implantes-Capilares-Cl\u00ednica-Rotger-Hospital-Mallorca-Equipo\"},{\"@type\":\"BreadcrumbList\",\"@id\":\"https:\/\/www.clinicarotger.com\/de\/faqs-clinica-rotger-mallorca-krankenhaus\/#breadcrumb\",\"itemListElement\":[{\"@type\":\"ListItem\",\"position\":1,\"name\":\"Inicio\",\"item\":\"https:\/\/www.clinicarotger.com\/de\/\"},{\"@type\":\"ListItem\",\"position\":2,\"name\":\"FAQ&#8217;s\"}]},{\"@type\":\"WebSite\",\"@id\":\"https:\/\/www.clinicarotger.com\/de\/#website\",\"url\":\"https:\/\/www.clinicarotger.com\/de\/\",\"name\":\"Clinica Rotger\",\"description\":\"Krankenhaus Mallorca\",\"publisher\":{\"@id\":\"https:\/\/www.clinicarotger.com\/de\/#organization\"},\"potentialAction\":[{\"@type\":\"SearchAction\",\"target\":{\"@type\":\"EntryPoint\",\"urlTemplate\":\"https:\/\/www.clinicarotger.com\/de\/?s={search_term_string}\"},\"query-input\":{\"@type\":\"PropertyValueSpecification\",\"valueRequired\":true,\"valueName\":\"search_term_string\"}}],\"inLanguage\":\"de\"},{\"@type\":\"Organization\",\"@id\":\"https:\/\/www.clinicarotger.com\/de\/#organization\",\"name\":\"Cl\u00ednica Rotger\",\"url\":\"https:\/\/www.clinicarotger.com\/de\/\",\"logo\":{\"@type\":\"ImageObject\",\"inLanguage\":\"de\",\"@id\":\"https:\/\/www.clinicarotger.com\/de\/#\/schema\/logo\/image\/\",\"url\":\"https:\/\/www.clinicarotger.com\/wp-content\/uploads\/2019\/11\/clinica-rotger-logo-top.png\",\"contentUrl\":\"https:\/\/www.clinicarotger.com\/wp-content\/uploads\/2019\/11\/clinica-rotger-logo-top.png\",\"width\":324,\"height\":104,\"caption\":\"Cl\u00ednica Rotger\"},\"image\":{\"@id\":\"https:\/\/www.clinicarotger.com\/de\/#\/schema\/logo\/image\/\"},\"sameAs\":[\"https:\/\/www.facebook.com\/clinica.rotger\/\",\"https:\/\/x.com\/clinicarotger\",\"https:\/\/twitter.com\/clinicarotger\",\"https:\/\/www.instagram.com\/quironsalud\/\",\"https:\/\/www.youtube.com\/channel\/UC1Xp5xg-r2Au-kQdIorviwg\"]}]}<\/script>\n<!-- \/ Yoast SEO plugin. -->","yoast_head_json":{"title":"FAQ's | Cl\u00ednica Rotger Quir\u00f3nsalud - Mallorca Krankenhaus","description":"FAQ's: Wo befindet sich die Klinik?, Ist es ein \u00f6ffentliches oder privates Gesundheitszentrum?, Mit welchen Krankenkassen...","robots":{"index":"index","follow":"follow","max-snippet":"max-snippet:-1","max-image-preview":"max-image-preview:large","max-video-preview":"max-video-preview:-1"},"canonical":"https:\/\/www.clinicarotger.com\/de\/faqs-clinica-rotger-mallorca-krankenhaus\/","og_locale":"de_DE","og_type":"article","og_title":"FAQ's | Cl\u00ednica Rotger Quir\u00f3nsalud - Mallorca Krankenhaus","og_description":"FAQ's: Wo befindet sich die Klinik?, Ist es ein \u00f6ffentliches oder privates Gesundheitszentrum?, Mit welchen Krankenkassen...","og_url":"https:\/\/www.clinicarotger.com\/de\/faqs-clinica-rotger-mallorca-krankenhaus\/","og_site_name":"Clinica Rotger","article_publisher":"https:\/\/www.facebook.com\/clinica.rotger\/","article_modified_time":"2021-07-22T08:18:02+00:00","og_image":[{"width":1600,"height":791,"url":"https:\/\/www.clinicarotger.com\/wp-content\/uploads\/2019\/11\/Implantes-Capilares-Clinica-Rotger-Hospital-Mallorca-Equipo.jpg","type":"image\/jpeg"}],"twitter_card":"summary_large_image","twitter_site":"@clinicarotger","twitter_misc":{"Gesch\u00e4tzte Lesezeit":"4\u00a0Minuten"},"schema":{"@context":"https:\/\/schema.org","@graph":[{"@type":"WebPage","@id":"https:\/\/www.clinicarotger.com\/de\/faqs-clinica-rotger-mallorca-krankenhaus\/","url":"https:\/\/www.clinicarotger.com\/de\/faqs-clinica-rotger-mallorca-krankenhaus\/","name":"FAQ's | Cl\u00ednica Rotger Quir\u00f3nsalud - Mallorca Krankenhaus","isPartOf":{"@id":"https:\/\/www.clinicarotger.com\/de\/#website"},"primaryImageOfPage":{"@id":"https:\/\/www.clinicarotger.com\/de\/faqs-clinica-rotger-mallorca-krankenhaus\/#primaryimage"},"image":{"@id":"https:\/\/www.clinicarotger.com\/de\/faqs-clinica-rotger-mallorca-krankenhaus\/#primaryimage"},"thumbnailUrl":"https:\/\/www.clinicarotger.com\/wp-content\/uploads\/2019\/11\/Implantes-Capilares-Clinica-Rotger-Hospital-Mallorca-Equipo.jpg","datePublished":"2019-11-12T16:18:28+00:00","dateModified":"2021-07-22T08:18:02+00:00","description":"FAQ's: Wo befindet sich die Klinik?, Ist es ein \u00f6ffentliches oder privates Gesundheitszentrum?, Mit welchen Krankenkassen...","breadcrumb":{"@id":"https:\/\/www.clinicarotger.com\/de\/faqs-clinica-rotger-mallorca-krankenhaus\/#breadcrumb"},"inLanguage":"de","potentialAction":[{"@type":"ReadAction","target":["https:\/\/www.clinicarotger.com\/de\/faqs-clinica-rotger-mallorca-krankenhaus\/"]}]},{"@type":"ImageObject","inLanguage":"de","@id":"https:\/\/www.clinicarotger.com\/de\/faqs-clinica-rotger-mallorca-krankenhaus\/#primaryimage","url":"https:\/\/www.clinicarotger.com\/wp-content\/uploads\/2019\/11\/Implantes-Capilares-Clinica-Rotger-Hospital-Mallorca-Equipo.jpg","contentUrl":"https:\/\/www.clinicarotger.com\/wp-content\/uploads\/2019\/11\/Implantes-Capilares-Clinica-Rotger-Hospital-Mallorca-Equipo.jpg","width":1600,"height":791,"caption":"Implantes-Capilares-Cl\u00ednica-Rotger-Hospital-Mallorca-Equipo"},{"@type":"BreadcrumbList","@id":"https:\/\/www.clinicarotger.com\/de\/faqs-clinica-rotger-mallorca-krankenhaus\/#breadcrumb","itemListElement":[{"@type":"ListItem","position":1,"name":"Inicio","item":"https:\/\/www.clinicarotger.com\/de\/"},{"@type":"ListItem","position":2,"name":"FAQ&#8217;s"}]},{"@type":"WebSite","@id":"https:\/\/www.clinicarotger.com\/de\/#website","url":"https:\/\/www.clinicarotger.com\/de\/","name":"Clinica Rotger","description":"Krankenhaus Mallorca","publisher":{"@id":"https:\/\/www.clinicarotger.com\/de\/#organization"},"potentialAction":[{"@type":"SearchAction","target":{"@type":"EntryPoint","urlTemplate":"https:\/\/www.clinicarotger.com\/de\/?s={search_term_string}"},"query-input":{"@type":"PropertyValueSpecification","valueRequired":true,"valueName":"search_term_string"}}],"inLanguage":"de"},{"@type":"Organization","@id":"https:\/\/www.clinicarotger.com\/de\/#organization","name":"Cl\u00ednica Rotger","url":"https:\/\/www.clinicarotger.com\/de\/","logo":{"@type":"ImageObject","inLanguage":"de","@id":"https:\/\/www.clinicarotger.com\/de\/#\/schema\/logo\/image\/","url":"https:\/\/www.clinicarotger.com\/wp-content\/uploads\/2019\/11\/clinica-rotger-logo-top.png","contentUrl":"https:\/\/www.clinicarotger.com\/wp-content\/uploads\/2019\/11\/clinica-rotger-logo-top.png","width":324,"height":104,"caption":"Cl\u00ednica Rotger"},"image":{"@id":"https:\/\/www.clinicarotger.com\/de\/#\/schema\/logo\/image\/"},"sameAs":["https:\/\/www.facebook.com\/clinica.rotger\/","https:\/\/x.com\/clinicarotger","https:\/\/twitter.com\/clinicarotger","https:\/\/www.instagram.com\/quironsalud\/","https:\/\/www.youtube.com\/channel\/UC1Xp5xg-r2Au-kQdIorviwg"]}]}},"_links":{"self":[{"href":"https:\/\/www.clinicarotger.com\/de\/wp-json\/wp\/v2\/pages\/8203","targetHints":{"allow":["GET"]}}],"collection":[{"href":"https:\/\/www.clinicarotger.com\/de\/wp-json\/wp\/v2\/pages"}],"about":[{"href":"https:\/\/www.clinicarotger.com\/de\/wp-json\/wp\/v2\/types\/page"}],"author":[{"embeddable":true,"href":"https:\/\/www.clinicarotger.com\/de\/wp-json\/wp\/v2\/users\/1"}],"replies":[{"embeddable":true,"href":"https:\/\/www.clinicarotger.com\/de\/wp-json\/wp\/v2\/comments?post=8203"}],"version-history":[{"count":24,"href":"https:\/\/www.clinicarotger.com\/de\/wp-json\/wp\/v2\/pages\/8203\/revisions"}],"predecessor-version":[{"id":16520,"href":"https:\/\/www.clinicarotger.com\/de\/wp-json\/wp\/v2\/pages\/8203\/revisions\/16520"}],"wp:featuredmedia":[{"embeddable":true,"href":"https:\/\/www.clinicarotger.com\/de\/wp-json\/wp\/v2\/media\/2904"}],"wp:attachment":[{"href":"https:\/\/www.clinicarotger.com\/de\/wp-json\/wp\/v2\/media?parent=8203"}],"curies":[{"name":"wp","href":"https:\/\/api.w.org\/{rel}","templated":true}]}}