{"id":8193,"date":"2020-01-08T12:05:18","date_gmt":"2020-01-08T11:05:18","guid":{"rendered":"https:\/\/www.clinicarotger.com\/politica-de-cookies-clinica-rotger-quironsalud-hospital-mallorca\/"},"modified":"2021-04-12T15:21:12","modified_gmt":"2021-04-12T13:21:12","slug":"cookie-richtlinie","status":"publish","type":"page","link":"https:\/\/www.clinicarotger.com\/de\/cookie-richtlinie\/","title":{"rendered":"Cookie-Richtlinie"},"content":{"rendered":"\t\t<div data-elementor-type=\"wp-page\" data-elementor-id=\"8193\" class=\"elementor elementor-8193 elementor-6050\">\n\t\t\t\t\t\t<section class=\"elementor-section elementor-top-section elementor-element elementor-element-3f3740e elementor-section-boxed elementor-section-height-default elementor-section-height-default\" data-id=\"3f3740e\" data-element_type=\"section\" data-e-type=\"section\">\n\t\t\t\t\t\t<div class=\"elementor-container elementor-column-gap-default\">\n\t\t\t\t\t<div class=\"elementor-column elementor-col-100 elementor-top-column elementor-element elementor-element-51614ba\" data-id=\"51614ba\" data-element_type=\"column\" data-e-type=\"column\">\n\t\t\t<div class=\"elementor-widget-wrap elementor-element-populated\">\n\t\t\t\t\t\t<div class=\"elementor-element elementor-element-6ddd115 elementor-widget elementor-widget-spacer\" data-id=\"6ddd115\" data-element_type=\"widget\" data-e-type=\"widget\" data-widget_type=\"spacer.default\">\n\t\t\t\t<div class=\"elementor-widget-container\">\n\t\t\t\t\t\t\t<div class=\"elementor-spacer\">\n\t\t\t<div class=\"elementor-spacer-inner\"><\/div>\n\t\t<\/div>\n\t\t\t\t\t\t<\/div>\n\t\t\t\t<\/div>\n\t\t\t\t<div class=\"elementor-element elementor-element-a40f05a elementor-widget elementor-widget-text-editor\" data-id=\"a40f05a\" data-element_type=\"widget\" data-e-type=\"widget\" data-widget_type=\"text-editor.default\">\n\t\t\t\t<div class=\"elementor-widget-container\">\n\t\t\t\t\t\t\t\t\t<p style=\"text-align: justify;\"><strong>Quir\u00f3nsalud provides information on the use of cookies in its websites.<\/strong><\/p>\n<p style=\"text-align: justify;\">Cookies are files that may be downloaded to one&#8217;s computer through a website. They are essential tools for providing a number of services for the information society. Cookies allow a website to store information on the search habits of a particular user or computer so that the information may be recovered. Depending on the information obtained, cookies may be used to identify the user and improve the service offered.<\/p>\n<p style=\"text-align: justify;\"><strong>Types of cookies<\/strong>\nTwo types of cookies exist depending on the entity that manages the domain from which the cookies are sent and the entity that processes the data obtained from the domain: first-party cookies and third-party cookies.<\/p>\n<p style=\"text-align: justify;\">There exists another system for classifying cookies based on the length of time the cookies remain in the client&#8217;s browser. According to this classification, there are two types of cookies: session cookies or persistent cookies.<\/p>\n<p style=\"text-align: justify;\">Lastly, quir\u00f3nsalud uses cookies for the following purposes: technical features, personalization, analysis, advertising, and behavioral advertising.<\/p>\n<p style=\"text-align: justify;\">For more information on these issues, consult the Spanish Data Protection Agency&#8217;s Guide to the Use of Cookies (in Spanish) This link opens in a popup window<\/p>\n<p style=\"text-align: justify;\"><strong>Cookies used by the website<\/strong>\nThe following is a description of the cookies used by this website, including their type and function:<\/p>\n<p style=\"text-align: justify;\">quir\u00f3nsalud websites use Google Analytics, a service provided by Google to analyze web access. This service allows for browsing of the websites to be measured and analyzed. According to the above-mentioned type, these are first-party session cookies used for analysis. You may find additional information on cookies and learn how to disable use of these cookies by clicking on the following link:<\/p>\n<p style=\"text-align: justify;\"><a href=\"https:\/\/www.google.es\/intl\/es\/analytics\/privacyoverview.html\" target=\"_blank\" rel=\"noopener\">www.google.es\/intl\/es\/analytics\/privacyoverview.html<\/a><\/p>\n<p style=\"text-align: justify;\">This analysis provides information on the number of users who access the website, the number of page views, the frequency of visits and repeat visits, duration of site visits, the browser used, the ISP used, the language, the computer used, or the city where the system IP is registered. This information makes it possible for the website to provide better and more appropriate service.<\/p>\n<p style=\"text-align: justify;\">The quir\u00f3nsalud website also uses a first-person cookie to identify the session information. This is used to maintain the user&#8217;s session within the web browser. This cookie is used to ensure the page is running properly.<\/p>\n<p style=\"text-align: justify;\"><strong>Changing cookie settings<\/strong>\nYou may restrict, block, or delete the cookies of quir\u00f3nsalud or any other website by using your search engine. Every search engine is different, and the &#8220;Help&#8221; function will guide you through the process.<\/p>\n\n<ul>\n \t<li><strong>Internet Explorer:<\/strong> <a href=\"https:\/\/support.microsoft.com\/es-es\/topic\/eliminar-y-administrar-cookies-168dab11-0753-043d-7c16-ede5947fc64d#ie=ie-10\" target=\"_blank\" rel=\"noopener\">windows.microsoft.com\/es-xl\/internet-explorer\/delete-manage-cookies#ie=ie-10\u00a0<\/a><\/li>\n \t<li><strong>FireFox:<\/strong> <a href=\"https:\/\/support.mozilla.org\/es\/kb\/Borrar%20cookies\" target=\"_blank\" rel=\"noopener\">support.mozilla.org\/es\/kb\/Borrar%20cookies\u00a0<\/a><\/li>\n \t<li><strong>Chrome:<\/strong> <a href=\"https:\/\/support.google.com\/chrome\/answer\/95647?hl=es\" target=\"_blank\" rel=\"noopener\">support.google.com\/chrome\/answer\/95647?hl=es<\/a><\/li>\n \t<li><strong>Safari:<\/strong> <a href=\"https:\/\/www.apple.com\/legal\/privacy\/es\/cookies\/\">www.apple.com\/es\/privacy\/use-of-cookies\/\u00a0<\/a><\/li>\n<\/ul>\nYou may also manage cookie storage in your browser by using tools such as the following:\n<ul>\n \t<li style=\"text-align: left;\"><strong>Ghostery:<\/strong> <a href=\"https:\/\/www.ghostery.com\/\" target=\"_blank\" rel=\"noopener\">www.ghostery.com\/<\/a><\/li>\n \t<li style=\"text-align: left;\"><strong>Your online choices:<\/strong> <a href=\"https:\/\/www.youronlinechoices.com\/es\/\" target=\"_blank\" rel=\"noopener\">www.youronlinechoices.com\/es\/<\/a><\/li>\n<\/ul>\t\t\t\t\t\t\t\t<\/div>\n\t\t\t\t<\/div>\n\t\t\t\t\t<\/div>\n\t\t<\/div>\n\t\t\t\t\t<\/div>\n\t\t<\/section>\n\t\t\t\t<section class=\"elementor-section elementor-top-section elementor-element elementor-element-367c4d7 elementor-section-boxed elementor-section-height-default elementor-section-height-default\" data-id=\"367c4d7\" data-element_type=\"section\" data-e-type=\"section\">\n\t\t\t\t\t\t<div class=\"elementor-container elementor-column-gap-default\">\n\t\t\t\t\t<div class=\"elementor-column elementor-col-100 elementor-top-column elementor-element elementor-element-e169069\" data-id=\"e169069\" data-element_type=\"column\" data-e-type=\"column\">\n\t\t\t<div class=\"elementor-widget-wrap elementor-element-populated\">\n\t\t\t\t\t\t<div class=\"elementor-element elementor-element-97cf818 elementor-widget elementor-widget-html\" data-id=\"97cf818\" data-element_type=\"widget\" data-e-type=\"widget\" data-widget_type=\"html.default\">\n\t\t\t\t<div class=\"elementor-widget-container\">\n\t\t\t\t\t<!-- Inicio de la lista de cookies de OneTrust -->\n\n<div id=\"ot-sdk-cookie-policy\"><\/div>\n\n<!-- Fin de la lista de cookies de OneTrust -->\n\n \n\n<!-- Bot\u00f3n de configuraci\u00f3n de cookies de OneTrust - Comienzo -->\n\n<button id=\"ot-sdk-btn\" class=\"ot-sdk-show-settings\">Ajustes de cookies<\/button>\n\n<!-- Bot\u00f3n de configuraci\u00f3n de cookies de OneTrust - Finalizaci\u00f3n -->\t\t\t\t<\/div>\n\t\t\t\t<\/div>\n\t\t\t\t<div class=\"elementor-element elementor-element-482f453 elementor-widget elementor-widget-spacer\" data-id=\"482f453\" data-element_type=\"widget\" data-e-type=\"widget\" data-widget_type=\"spacer.default\">\n\t\t\t\t<div class=\"elementor-widget-container\">\n\t\t\t\t\t\t\t<div class=\"elementor-spacer\">\n\t\t\t<div class=\"elementor-spacer-inner\"><\/div>\n\t\t<\/div>\n\t\t\t\t\t\t<\/div>\n\t\t\t\t<\/div>\n\t\t\t\t\t<\/div>\n\t\t<\/div>\n\t\t\t\t\t<\/div>\n\t\t<\/section>\n\t\t\t\t<\/div>\n\t\t","protected":false},"excerpt":{"rendered":"<p>Quir\u00f3nsalud provides information on the use of cookies in its websites. Cookies are files that may be downloaded to one&#8217;s computer through a website. They are essential tools for providing a number of services for the information society. Cookies allow a website to store information on the search habits of a particular user or computer&#8230;<\/p>\n","protected":false},"author":2,"featured_media":0,"parent":0,"menu_order":0,"comment_status":"closed","ping_status":"closed","template":"","meta":{"_price":"","_stock":"","_tribe_ticket_header":"","_tribe_default_ticket_provider":"","_tribe_ticket_capacity":"0","_ticket_start_date":"","_ticket_end_date":"","_tribe_ticket_show_description":"","_tribe_ticket_show_not_going":false,"_tribe_ticket_use_global_stock":"","_tribe_ticket_global_stock_level":"","_global_stock_mode":"","_global_stock_cap":"","_tribe_rsvp_for_event":"","_tribe_ticket_going_count":"","_tribe_ticket_not_going_count":"","_tribe_tickets_list":"[]","_tribe_ticket_has_attendee_info_fields":false,"footnotes":""},"class_list":["post-8193","page","type-page","status-publish","hentry"],"yoast_head":"<!-- This site is optimized with the Yoast SEO plugin v26.8 - https:\/\/yoast.com\/product\/yoast-seo-wordpress\/ -->\n<title>Cookie-Richtlinie - Clinica Rotger<\/title>\n<meta name=\"description\" content=\"Quir\u00f3nsalud provides information on the use of cookies in its websites. Cookies are files that may be downloaded to one&#039;s computer through a website. They\" \/>\n<meta name=\"robots\" content=\"index, follow, max-snippet:-1, max-image-preview:large, max-video-preview:-1\" \/>\n<link rel=\"canonical\" href=\"https:\/\/www.clinicarotger.com\/de\/cookie-richtlinie\/\" \/>\n<meta property=\"og:locale\" content=\"de_DE\" \/>\n<meta property=\"og:type\" content=\"article\" \/>\n<meta property=\"og:title\" content=\"Cookie-Richtlinie - Clinica Rotger\" \/>\n<meta property=\"og:description\" content=\"Quir\u00f3nsalud provides information on the use of cookies in its websites. Cookies are files that may be downloaded to one&#039;s computer through a website. They\" \/>\n<meta property=\"og:url\" content=\"https:\/\/www.clinicarotger.com\/de\/cookie-richtlinie\/\" \/>\n<meta property=\"og:site_name\" content=\"Clinica Rotger\" \/>\n<meta property=\"article:publisher\" content=\"https:\/\/www.facebook.com\/clinica.rotger\/\" \/>\n<meta property=\"article:modified_time\" content=\"2021-04-12T13:21:12+00:00\" \/>\n<meta property=\"og:image\" content=\"https:\/\/www.clinicarotger.com\/wp-content\/uploads\/2020\/05\/Applus-Certification-Hospital-Seguro-Covid-Clinica-Rotger-Quironsalud.jpg\" \/>\n\t<meta property=\"og:image:width\" content=\"1600\" \/>\n\t<meta property=\"og:image:height\" content=\"500\" \/>\n\t<meta property=\"og:image:type\" content=\"image\/jpeg\" \/>\n<meta name=\"twitter:card\" content=\"summary_large_image\" \/>\n<meta name=\"twitter:site\" content=\"@clinicarotger\" \/>\n<meta name=\"twitter:label1\" content=\"Gesch\u00e4tzte Lesezeit\" \/>\n\t<meta name=\"twitter:data1\" content=\"2\u00a0Minuten\" \/>\n<script type=\"application\/ld+json\" class=\"yoast-schema-graph\">{\"@context\":\"https:\/\/schema.org\",\"@graph\":[{\"@type\":\"WebPage\",\"@id\":\"https:\/\/www.clinicarotger.com\/de\/cookie-richtlinie\/\",\"url\":\"https:\/\/www.clinicarotger.com\/de\/cookie-richtlinie\/\",\"name\":\"Cookie-Richtlinie - Clinica Rotger\",\"isPartOf\":{\"@id\":\"https:\/\/www.clinicarotger.com\/de\/#website\"},\"datePublished\":\"2020-01-08T11:05:18+00:00\",\"dateModified\":\"2021-04-12T13:21:12+00:00\",\"description\":\"Quir\u00f3nsalud provides information on the use of cookies in its websites. Cookies are files that may be downloaded to one's computer through a website. They\",\"breadcrumb\":{\"@id\":\"https:\/\/www.clinicarotger.com\/de\/cookie-richtlinie\/#breadcrumb\"},\"inLanguage\":\"de\",\"potentialAction\":[{\"@type\":\"ReadAction\",\"target\":[\"https:\/\/www.clinicarotger.com\/de\/cookie-richtlinie\/\"]}]},{\"@type\":\"BreadcrumbList\",\"@id\":\"https:\/\/www.clinicarotger.com\/de\/cookie-richtlinie\/#breadcrumb\",\"itemListElement\":[{\"@type\":\"ListItem\",\"position\":1,\"name\":\"Inicio\",\"item\":\"https:\/\/www.clinicarotger.com\/de\/\"},{\"@type\":\"ListItem\",\"position\":2,\"name\":\"Cookie-Richtlinie\"}]},{\"@type\":\"WebSite\",\"@id\":\"https:\/\/www.clinicarotger.com\/de\/#website\",\"url\":\"https:\/\/www.clinicarotger.com\/de\/\",\"name\":\"Clinica Rotger\",\"description\":\"Krankenhaus Mallorca\",\"publisher\":{\"@id\":\"https:\/\/www.clinicarotger.com\/de\/#organization\"},\"potentialAction\":[{\"@type\":\"SearchAction\",\"target\":{\"@type\":\"EntryPoint\",\"urlTemplate\":\"https:\/\/www.clinicarotger.com\/de\/?s={search_term_string}\"},\"query-input\":{\"@type\":\"PropertyValueSpecification\",\"valueRequired\":true,\"valueName\":\"search_term_string\"}}],\"inLanguage\":\"de\"},{\"@type\":\"Organization\",\"@id\":\"https:\/\/www.clinicarotger.com\/de\/#organization\",\"name\":\"Cl\u00ednica Rotger\",\"url\":\"https:\/\/www.clinicarotger.com\/de\/\",\"logo\":{\"@type\":\"ImageObject\",\"inLanguage\":\"de\",\"@id\":\"https:\/\/www.clinicarotger.com\/de\/#\/schema\/logo\/image\/\",\"url\":\"https:\/\/www.clinicarotger.com\/wp-content\/uploads\/2019\/11\/clinica-rotger-logo-top.png\",\"contentUrl\":\"https:\/\/www.clinicarotger.com\/wp-content\/uploads\/2019\/11\/clinica-rotger-logo-top.png\",\"width\":324,\"height\":104,\"caption\":\"Cl\u00ednica Rotger\"},\"image\":{\"@id\":\"https:\/\/www.clinicarotger.com\/de\/#\/schema\/logo\/image\/\"},\"sameAs\":[\"https:\/\/www.facebook.com\/clinica.rotger\/\",\"https:\/\/x.com\/clinicarotger\",\"https:\/\/twitter.com\/clinicarotger\",\"https:\/\/www.instagram.com\/quironsalud\/\",\"https:\/\/www.youtube.com\/channel\/UC1Xp5xg-r2Au-kQdIorviwg\"]}]}<\/script>\n<!-- \/ Yoast SEO plugin. -->","yoast_head_json":{"title":"Cookie-Richtlinie - Clinica Rotger","description":"Quir\u00f3nsalud provides information on the use of cookies in its websites. Cookies are files that may be downloaded to one's computer through a website. They","robots":{"index":"index","follow":"follow","max-snippet":"max-snippet:-1","max-image-preview":"max-image-preview:large","max-video-preview":"max-video-preview:-1"},"canonical":"https:\/\/www.clinicarotger.com\/de\/cookie-richtlinie\/","og_locale":"de_DE","og_type":"article","og_title":"Cookie-Richtlinie - Clinica Rotger","og_description":"Quir\u00f3nsalud provides information on the use of cookies in its websites. Cookies are files that may be downloaded to one's computer through a website. They","og_url":"https:\/\/www.clinicarotger.com\/de\/cookie-richtlinie\/","og_site_name":"Clinica Rotger","article_publisher":"https:\/\/www.facebook.com\/clinica.rotger\/","article_modified_time":"2021-04-12T13:21:12+00:00","og_image":[{"width":1600,"height":500,"url":"https:\/\/www.clinicarotger.com\/wp-content\/uploads\/2020\/05\/Applus-Certification-Hospital-Seguro-Covid-Clinica-Rotger-Quironsalud.jpg","type":"image\/jpeg"}],"twitter_card":"summary_large_image","twitter_site":"@clinicarotger","twitter_misc":{"Gesch\u00e4tzte Lesezeit":"2\u00a0Minuten"},"schema":{"@context":"https:\/\/schema.org","@graph":[{"@type":"WebPage","@id":"https:\/\/www.clinicarotger.com\/de\/cookie-richtlinie\/","url":"https:\/\/www.clinicarotger.com\/de\/cookie-richtlinie\/","name":"Cookie-Richtlinie - Clinica Rotger","isPartOf":{"@id":"https:\/\/www.clinicarotger.com\/de\/#website"},"datePublished":"2020-01-08T11:05:18+00:00","dateModified":"2021-04-12T13:21:12+00:00","description":"Quir\u00f3nsalud provides information on the use of cookies in its websites. Cookies are files that may be downloaded to one's computer through a website. They","breadcrumb":{"@id":"https:\/\/www.clinicarotger.com\/de\/cookie-richtlinie\/#breadcrumb"},"inLanguage":"de","potentialAction":[{"@type":"ReadAction","target":["https:\/\/www.clinicarotger.com\/de\/cookie-richtlinie\/"]}]},{"@type":"BreadcrumbList","@id":"https:\/\/www.clinicarotger.com\/de\/cookie-richtlinie\/#breadcrumb","itemListElement":[{"@type":"ListItem","position":1,"name":"Inicio","item":"https:\/\/www.clinicarotger.com\/de\/"},{"@type":"ListItem","position":2,"name":"Cookie-Richtlinie"}]},{"@type":"WebSite","@id":"https:\/\/www.clinicarotger.com\/de\/#website","url":"https:\/\/www.clinicarotger.com\/de\/","name":"Clinica Rotger","description":"Krankenhaus Mallorca","publisher":{"@id":"https:\/\/www.clinicarotger.com\/de\/#organization"},"potentialAction":[{"@type":"SearchAction","target":{"@type":"EntryPoint","urlTemplate":"https:\/\/www.clinicarotger.com\/de\/?s={search_term_string}"},"query-input":{"@type":"PropertyValueSpecification","valueRequired":true,"valueName":"search_term_string"}}],"inLanguage":"de"},{"@type":"Organization","@id":"https:\/\/www.clinicarotger.com\/de\/#organization","name":"Cl\u00ednica Rotger","url":"https:\/\/www.clinicarotger.com\/de\/","logo":{"@type":"ImageObject","inLanguage":"de","@id":"https:\/\/www.clinicarotger.com\/de\/#\/schema\/logo\/image\/","url":"https:\/\/www.clinicarotger.com\/wp-content\/uploads\/2019\/11\/clinica-rotger-logo-top.png","contentUrl":"https:\/\/www.clinicarotger.com\/wp-content\/uploads\/2019\/11\/clinica-rotger-logo-top.png","width":324,"height":104,"caption":"Cl\u00ednica Rotger"},"image":{"@id":"https:\/\/www.clinicarotger.com\/de\/#\/schema\/logo\/image\/"},"sameAs":["https:\/\/www.facebook.com\/clinica.rotger\/","https:\/\/x.com\/clinicarotger","https:\/\/twitter.com\/clinicarotger","https:\/\/www.instagram.com\/quironsalud\/","https:\/\/www.youtube.com\/channel\/UC1Xp5xg-r2Au-kQdIorviwg"]}]}},"_links":{"self":[{"href":"https:\/\/www.clinicarotger.com\/de\/wp-json\/wp\/v2\/pages\/8193","targetHints":{"allow":["GET"]}}],"collection":[{"href":"https:\/\/www.clinicarotger.com\/de\/wp-json\/wp\/v2\/pages"}],"about":[{"href":"https:\/\/www.clinicarotger.com\/de\/wp-json\/wp\/v2\/types\/page"}],"author":[{"embeddable":true,"href":"https:\/\/www.clinicarotger.com\/de\/wp-json\/wp\/v2\/users\/2"}],"replies":[{"embeddable":true,"href":"https:\/\/www.clinicarotger.com\/de\/wp-json\/wp\/v2\/comments?post=8193"}],"version-history":[{"count":9,"href":"https:\/\/www.clinicarotger.com\/de\/wp-json\/wp\/v2\/pages\/8193\/revisions"}],"predecessor-version":[{"id":14060,"href":"https:\/\/www.clinicarotger.com\/de\/wp-json\/wp\/v2\/pages\/8193\/revisions\/14060"}],"wp:attachment":[{"href":"https:\/\/www.clinicarotger.com\/de\/wp-json\/wp\/v2\/media?parent=8193"}],"curies":[{"name":"wp","href":"https:\/\/api.w.org\/{rel}","templated":true}]}}