{"id":8173,"date":"2019-12-13T11:00:28","date_gmt":"2019-12-13T10:00:28","guid":{"rendered":"https:\/\/www.clinicarotger.com\/laboratorio-clinica-rotger-hospital-mallorca\/"},"modified":"2025-06-20T12:48:57","modified_gmt":"2025-06-20T10:48:57","slug":"labor-clinica-rotger-hospital-mallorca","status":"publish","type":"page","link":"https:\/\/www.clinicarotger.com\/de\/labor-clinica-rotger-hospital-mallorca\/","title":{"rendered":"Labor"},"content":{"rendered":"<p style=\"text-align: justify;\">In der Clinica Rotger bieten wir klinische Untersuchungen mit fortschrittlicher Technologie an, um hoch komplexe fachspezifische Untersuchungen durchzuf\u00fchren und eine schnelle und zuverl\u00e4ssige Lieferung der Ergebnisse zu gew\u00e4hrleisten. Durch die zentrale Lage, die gute Erreichbarkeit, die gro\u00dfz\u00fcgigen \u00d6ffnungszeiten, die schnelle und pers\u00f6nliche Betreuung\u00a0 und den komfortablen Zugang zu den Ergebnissen \u00fcber die Applikation des Patientenportals der Quironsalud, ist das Labor eine hervorragende Unterst\u00fctzung in der\u00a0 Vorsorge, der Fr\u00fcherkennung und der Nachsorge bei Krankheiten.<\/p>\n","protected":false},"excerpt":{"rendered":"<p>In der Clinica Rotger bieten wir klinische Untersuchungen mit fortschrittlicher Technologie an, um hoch komplexe fachspezifische Untersuchungen durchzuf\u00fchren und eine schnelle und zuverl\u00e4ssige Lieferung der Ergebnisse zu gew\u00e4hrleisten. Durch die zentrale Lage, die gute Erreichbarkeit, die gro\u00dfz\u00fcgigen \u00d6ffnungszeiten, die schnelle und pers\u00f6nliche Betreuung\u00a0 und den komfortablen Zugang zu den Ergebnissen \u00fcber die Applikation des Patientenportals&#8230;<\/p>\n","protected":false},"author":1,"featured_media":4579,"parent":0,"menu_order":0,"comment_status":"closed","ping_status":"closed","template":"page-tipoespecialidad.php","meta":{"_price":"","_stock":"","_tribe_ticket_header":"","_tribe_default_ticket_provider":"","_tribe_ticket_capacity":"0","_ticket_start_date":"","_ticket_end_date":"","_tribe_ticket_show_description":"","_tribe_ticket_show_not_going":false,"_tribe_ticket_use_global_stock":"","_tribe_ticket_global_stock_level":"","_global_stock_mode":"","_global_stock_cap":"","_tribe_rsvp_for_event":"","_tribe_ticket_going_count":"","_tribe_ticket_not_going_count":"","_tribe_tickets_list":"[]","_tribe_ticket_has_attendee_info_fields":false,"footnotes":""},"class_list":["post-8173","page","type-page","status-publish","has-post-thumbnail","hentry"],"yoast_head":"<!-- This site is optimized with the Yoast SEO plugin v26.8 - https:\/\/yoast.com\/product\/yoast-seo-wordpress\/ -->\n<title>Labor | Clinica Rotger Quir\u00f3nsalud - Mallorca Krankenhaus<\/title>\n<meta name=\"description\" content=\"Labor: Durch die zentrale Lage, die gute Erreichbarkeit, die gro\u00dfz\u00fcgigen \u00d6ffnungszeiten, die schnelle und pers\u00f6nliche Betreuung und...\" \/>\n<meta name=\"robots\" content=\"index, follow, max-snippet:-1, max-image-preview:large, max-video-preview:-1\" \/>\n<link rel=\"canonical\" href=\"https:\/\/www.clinicarotger.com\/de\/labor-clinica-rotger-hospital-mallorca\/\" \/>\n<meta property=\"og:locale\" content=\"de_DE\" \/>\n<meta property=\"og:type\" content=\"article\" \/>\n<meta property=\"og:title\" content=\"Labor | Clinica Rotger Quir\u00f3nsalud - Mallorca Krankenhaus\" \/>\n<meta property=\"og:description\" content=\"Labor: Durch die zentrale Lage, die gute Erreichbarkeit, die gro\u00dfz\u00fcgigen \u00d6ffnungszeiten, die schnelle und pers\u00f6nliche Betreuung und...\" \/>\n<meta property=\"og:url\" content=\"https:\/\/www.clinicarotger.com\/de\/labor-clinica-rotger-hospital-mallorca\/\" \/>\n<meta property=\"og:site_name\" content=\"Clinica Rotger\" \/>\n<meta property=\"article:publisher\" content=\"https:\/\/www.facebook.com\/clinica.rotger\/\" \/>\n<meta property=\"article:modified_time\" content=\"2025-06-20T10:48:57+00:00\" \/>\n<meta property=\"og:image\" content=\"https:\/\/www.clinicarotger.com\/wp-content\/uploads\/2019\/12\/Clinica-Rotger-Hospital-Mallorca-Laboratorio-Analisis-Clinicos-4.jpg\" \/>\n\t<meta property=\"og:image:width\" content=\"1200\" \/>\n\t<meta property=\"og:image:height\" content=\"500\" \/>\n\t<meta property=\"og:image:type\" content=\"image\/jpeg\" \/>\n<meta name=\"twitter:card\" content=\"summary_large_image\" \/>\n<meta name=\"twitter:site\" content=\"@clinicarotger\" \/>\n<meta name=\"twitter:label1\" content=\"Gesch\u00e4tzte Lesezeit\" \/>\n\t<meta name=\"twitter:data1\" content=\"1\u00a0Minute\" \/>\n<script type=\"application\/ld+json\" class=\"yoast-schema-graph\">{\"@context\":\"https:\/\/schema.org\",\"@graph\":[{\"@type\":\"WebPage\",\"@id\":\"https:\/\/www.clinicarotger.com\/de\/labor-clinica-rotger-hospital-mallorca\/\",\"url\":\"https:\/\/www.clinicarotger.com\/de\/labor-clinica-rotger-hospital-mallorca\/\",\"name\":\"Labor | Clinica Rotger Quir\u00f3nsalud - Mallorca Krankenhaus\",\"isPartOf\":{\"@id\":\"https:\/\/www.clinicarotger.com\/de\/#website\"},\"primaryImageOfPage\":{\"@id\":\"https:\/\/www.clinicarotger.com\/de\/labor-clinica-rotger-hospital-mallorca\/#primaryimage\"},\"image\":{\"@id\":\"https:\/\/www.clinicarotger.com\/de\/labor-clinica-rotger-hospital-mallorca\/#primaryimage\"},\"thumbnailUrl\":\"https:\/\/www.clinicarotger.com\/wp-content\/uploads\/2019\/12\/Clinica-Rotger-Hospital-Mallorca-Laboratorio-Analisis-Clinicos-4.jpg\",\"datePublished\":\"2019-12-13T10:00:28+00:00\",\"dateModified\":\"2025-06-20T10:48:57+00:00\",\"description\":\"Labor: Durch die zentrale Lage, die gute Erreichbarkeit, die gro\u00dfz\u00fcgigen \u00d6ffnungszeiten, die schnelle und pers\u00f6nliche Betreuung und...\",\"breadcrumb\":{\"@id\":\"https:\/\/www.clinicarotger.com\/de\/labor-clinica-rotger-hospital-mallorca\/#breadcrumb\"},\"inLanguage\":\"de\",\"potentialAction\":[{\"@type\":\"ReadAction\",\"target\":[\"https:\/\/www.clinicarotger.com\/de\/labor-clinica-rotger-hospital-mallorca\/\"]}]},{\"@type\":\"ImageObject\",\"inLanguage\":\"de\",\"@id\":\"https:\/\/www.clinicarotger.com\/de\/labor-clinica-rotger-hospital-mallorca\/#primaryimage\",\"url\":\"https:\/\/www.clinicarotger.com\/wp-content\/uploads\/2019\/12\/Clinica-Rotger-Hospital-Mallorca-Laboratorio-Analisis-Clinicos-4.jpg\",\"contentUrl\":\"https:\/\/www.clinicarotger.com\/wp-content\/uploads\/2019\/12\/Clinica-Rotger-Hospital-Mallorca-Laboratorio-Analisis-Clinicos-4.jpg\",\"width\":1200,\"height\":500,\"caption\":\"Cl\u00ednica-Rotger-Hospital-Mallorca-Laboratorio-An\u00e1lisis-Cl\u00ednicos\"},{\"@type\":\"BreadcrumbList\",\"@id\":\"https:\/\/www.clinicarotger.com\/de\/labor-clinica-rotger-hospital-mallorca\/#breadcrumb\",\"itemListElement\":[{\"@type\":\"ListItem\",\"position\":1,\"name\":\"Inicio\",\"item\":\"https:\/\/www.clinicarotger.com\/de\/\"},{\"@type\":\"ListItem\",\"position\":2,\"name\":\"Labor\"}]},{\"@type\":\"WebSite\",\"@id\":\"https:\/\/www.clinicarotger.com\/de\/#website\",\"url\":\"https:\/\/www.clinicarotger.com\/de\/\",\"name\":\"Clinica Rotger\",\"description\":\"Krankenhaus Mallorca\",\"publisher\":{\"@id\":\"https:\/\/www.clinicarotger.com\/de\/#organization\"},\"potentialAction\":[{\"@type\":\"SearchAction\",\"target\":{\"@type\":\"EntryPoint\",\"urlTemplate\":\"https:\/\/www.clinicarotger.com\/de\/?s={search_term_string}\"},\"query-input\":{\"@type\":\"PropertyValueSpecification\",\"valueRequired\":true,\"valueName\":\"search_term_string\"}}],\"inLanguage\":\"de\"},{\"@type\":\"Organization\",\"@id\":\"https:\/\/www.clinicarotger.com\/de\/#organization\",\"name\":\"Cl\u00ednica Rotger\",\"url\":\"https:\/\/www.clinicarotger.com\/de\/\",\"logo\":{\"@type\":\"ImageObject\",\"inLanguage\":\"de\",\"@id\":\"https:\/\/www.clinicarotger.com\/de\/#\/schema\/logo\/image\/\",\"url\":\"https:\/\/www.clinicarotger.com\/wp-content\/uploads\/2019\/11\/clinica-rotger-logo-top.png\",\"contentUrl\":\"https:\/\/www.clinicarotger.com\/wp-content\/uploads\/2019\/11\/clinica-rotger-logo-top.png\",\"width\":324,\"height\":104,\"caption\":\"Cl\u00ednica Rotger\"},\"image\":{\"@id\":\"https:\/\/www.clinicarotger.com\/de\/#\/schema\/logo\/image\/\"},\"sameAs\":[\"https:\/\/www.facebook.com\/clinica.rotger\/\",\"https:\/\/x.com\/clinicarotger\",\"https:\/\/twitter.com\/clinicarotger\",\"https:\/\/www.instagram.com\/quironsalud\/\",\"https:\/\/www.youtube.com\/channel\/UC1Xp5xg-r2Au-kQdIorviwg\"]}]}<\/script>\n<!-- \/ Yoast SEO plugin. -->","yoast_head_json":{"title":"Labor | Clinica Rotger Quir\u00f3nsalud - Mallorca Krankenhaus","description":"Labor: Durch die zentrale Lage, die gute Erreichbarkeit, die gro\u00dfz\u00fcgigen \u00d6ffnungszeiten, die schnelle und pers\u00f6nliche Betreuung und...","robots":{"index":"index","follow":"follow","max-snippet":"max-snippet:-1","max-image-preview":"max-image-preview:large","max-video-preview":"max-video-preview:-1"},"canonical":"https:\/\/www.clinicarotger.com\/de\/labor-clinica-rotger-hospital-mallorca\/","og_locale":"de_DE","og_type":"article","og_title":"Labor | Clinica Rotger Quir\u00f3nsalud - Mallorca Krankenhaus","og_description":"Labor: Durch die zentrale Lage, die gute Erreichbarkeit, die gro\u00dfz\u00fcgigen \u00d6ffnungszeiten, die schnelle und pers\u00f6nliche Betreuung und...","og_url":"https:\/\/www.clinicarotger.com\/de\/labor-clinica-rotger-hospital-mallorca\/","og_site_name":"Clinica Rotger","article_publisher":"https:\/\/www.facebook.com\/clinica.rotger\/","article_modified_time":"2025-06-20T10:48:57+00:00","og_image":[{"width":1200,"height":500,"url":"https:\/\/www.clinicarotger.com\/wp-content\/uploads\/2019\/12\/Clinica-Rotger-Hospital-Mallorca-Laboratorio-Analisis-Clinicos-4.jpg","type":"image\/jpeg"}],"twitter_card":"summary_large_image","twitter_site":"@clinicarotger","twitter_misc":{"Gesch\u00e4tzte Lesezeit":"1\u00a0Minute"},"schema":{"@context":"https:\/\/schema.org","@graph":[{"@type":"WebPage","@id":"https:\/\/www.clinicarotger.com\/de\/labor-clinica-rotger-hospital-mallorca\/","url":"https:\/\/www.clinicarotger.com\/de\/labor-clinica-rotger-hospital-mallorca\/","name":"Labor | Clinica Rotger Quir\u00f3nsalud - Mallorca Krankenhaus","isPartOf":{"@id":"https:\/\/www.clinicarotger.com\/de\/#website"},"primaryImageOfPage":{"@id":"https:\/\/www.clinicarotger.com\/de\/labor-clinica-rotger-hospital-mallorca\/#primaryimage"},"image":{"@id":"https:\/\/www.clinicarotger.com\/de\/labor-clinica-rotger-hospital-mallorca\/#primaryimage"},"thumbnailUrl":"https:\/\/www.clinicarotger.com\/wp-content\/uploads\/2019\/12\/Clinica-Rotger-Hospital-Mallorca-Laboratorio-Analisis-Clinicos-4.jpg","datePublished":"2019-12-13T10:00:28+00:00","dateModified":"2025-06-20T10:48:57+00:00","description":"Labor: Durch die zentrale Lage, die gute Erreichbarkeit, die gro\u00dfz\u00fcgigen \u00d6ffnungszeiten, die schnelle und pers\u00f6nliche Betreuung und...","breadcrumb":{"@id":"https:\/\/www.clinicarotger.com\/de\/labor-clinica-rotger-hospital-mallorca\/#breadcrumb"},"inLanguage":"de","potentialAction":[{"@type":"ReadAction","target":["https:\/\/www.clinicarotger.com\/de\/labor-clinica-rotger-hospital-mallorca\/"]}]},{"@type":"ImageObject","inLanguage":"de","@id":"https:\/\/www.clinicarotger.com\/de\/labor-clinica-rotger-hospital-mallorca\/#primaryimage","url":"https:\/\/www.clinicarotger.com\/wp-content\/uploads\/2019\/12\/Clinica-Rotger-Hospital-Mallorca-Laboratorio-Analisis-Clinicos-4.jpg","contentUrl":"https:\/\/www.clinicarotger.com\/wp-content\/uploads\/2019\/12\/Clinica-Rotger-Hospital-Mallorca-Laboratorio-Analisis-Clinicos-4.jpg","width":1200,"height":500,"caption":"Cl\u00ednica-Rotger-Hospital-Mallorca-Laboratorio-An\u00e1lisis-Cl\u00ednicos"},{"@type":"BreadcrumbList","@id":"https:\/\/www.clinicarotger.com\/de\/labor-clinica-rotger-hospital-mallorca\/#breadcrumb","itemListElement":[{"@type":"ListItem","position":1,"name":"Inicio","item":"https:\/\/www.clinicarotger.com\/de\/"},{"@type":"ListItem","position":2,"name":"Labor"}]},{"@type":"WebSite","@id":"https:\/\/www.clinicarotger.com\/de\/#website","url":"https:\/\/www.clinicarotger.com\/de\/","name":"Clinica Rotger","description":"Krankenhaus Mallorca","publisher":{"@id":"https:\/\/www.clinicarotger.com\/de\/#organization"},"potentialAction":[{"@type":"SearchAction","target":{"@type":"EntryPoint","urlTemplate":"https:\/\/www.clinicarotger.com\/de\/?s={search_term_string}"},"query-input":{"@type":"PropertyValueSpecification","valueRequired":true,"valueName":"search_term_string"}}],"inLanguage":"de"},{"@type":"Organization","@id":"https:\/\/www.clinicarotger.com\/de\/#organization","name":"Cl\u00ednica Rotger","url":"https:\/\/www.clinicarotger.com\/de\/","logo":{"@type":"ImageObject","inLanguage":"de","@id":"https:\/\/www.clinicarotger.com\/de\/#\/schema\/logo\/image\/","url":"https:\/\/www.clinicarotger.com\/wp-content\/uploads\/2019\/11\/clinica-rotger-logo-top.png","contentUrl":"https:\/\/www.clinicarotger.com\/wp-content\/uploads\/2019\/11\/clinica-rotger-logo-top.png","width":324,"height":104,"caption":"Cl\u00ednica Rotger"},"image":{"@id":"https:\/\/www.clinicarotger.com\/de\/#\/schema\/logo\/image\/"},"sameAs":["https:\/\/www.facebook.com\/clinica.rotger\/","https:\/\/x.com\/clinicarotger","https:\/\/twitter.com\/clinicarotger","https:\/\/www.instagram.com\/quironsalud\/","https:\/\/www.youtube.com\/channel\/UC1Xp5xg-r2Au-kQdIorviwg"]}]}},"_links":{"self":[{"href":"https:\/\/www.clinicarotger.com\/de\/wp-json\/wp\/v2\/pages\/8173","targetHints":{"allow":["GET"]}}],"collection":[{"href":"https:\/\/www.clinicarotger.com\/de\/wp-json\/wp\/v2\/pages"}],"about":[{"href":"https:\/\/www.clinicarotger.com\/de\/wp-json\/wp\/v2\/types\/page"}],"author":[{"embeddable":true,"href":"https:\/\/www.clinicarotger.com\/de\/wp-json\/wp\/v2\/users\/1"}],"replies":[{"embeddable":true,"href":"https:\/\/www.clinicarotger.com\/de\/wp-json\/wp\/v2\/comments?post=8173"}],"version-history":[{"count":4,"href":"https:\/\/www.clinicarotger.com\/de\/wp-json\/wp\/v2\/pages\/8173\/revisions"}],"predecessor-version":[{"id":10222,"href":"https:\/\/www.clinicarotger.com\/de\/wp-json\/wp\/v2\/pages\/8173\/revisions\/10222"}],"wp:featuredmedia":[{"embeddable":true,"href":"https:\/\/www.clinicarotger.com\/de\/wp-json\/wp\/v2\/media\/4579"}],"wp:attachment":[{"href":"https:\/\/www.clinicarotger.com\/de\/wp-json\/wp\/v2\/media?parent=8173"}],"curies":[{"name":"wp","href":"https:\/\/api.w.org\/{rel}","templated":true}]}}