{"id":8153,"date":"2019-12-04T14:41:37","date_gmt":"2019-12-04T13:41:37","guid":{"rendered":"https:\/\/www.clinicarotger.com\/contacto\/"},"modified":"2022-06-08T13:31:57","modified_gmt":"2022-06-08T11:31:57","slug":"kontakt-clinica-rotger-mallorca-krankenhaus","status":"publish","type":"page","link":"https:\/\/www.clinicarotger.com\/de\/kontakt-clinica-rotger-mallorca-krankenhaus\/","title":{"rendered":"Kontakt"},"content":{"rendered":"\t\t<div data-elementor-type=\"wp-page\" data-elementor-id=\"8153\" class=\"elementor elementor-8153 elementor-2918\">\n\t\t\t\t\t\t<section class=\"elementor-section elementor-top-section elementor-element elementor-element-8378dec elementor-section-boxed elementor-section-height-default elementor-section-height-default\" data-id=\"8378dec\" data-element_type=\"section\" data-e-type=\"section\">\n\t\t\t\t\t\t<div class=\"elementor-container elementor-column-gap-default\">\n\t\t\t\t\t<div class=\"elementor-column elementor-col-100 elementor-top-column elementor-element elementor-element-e2ee13b\" data-id=\"e2ee13b\" data-element_type=\"column\" data-e-type=\"column\">\n\t\t\t<div class=\"elementor-widget-wrap elementor-element-populated\">\n\t\t\t\t\t\t<div class=\"elementor-element elementor-element-c5f1c11 elementor-widget elementor-widget-heading\" data-id=\"c5f1c11\" data-element_type=\"widget\" data-e-type=\"widget\" data-widget_type=\"heading.default\">\n\t\t\t\t<div class=\"elementor-widget-container\">\n\t\t\t\t\t<h1 class=\"elementor-heading-title elementor-size-default\">Kontaktformular<\/h1>\t\t\t\t<\/div>\n\t\t\t\t<\/div>\n\t\t\t\t<div class=\"elementor-element elementor-element-670185f elementor-widget elementor-widget-text-editor\" data-id=\"670185f\" data-element_type=\"widget\" data-e-type=\"widget\" data-widget_type=\"text-editor.default\">\n\t\t\t\t<div class=\"elementor-widget-container\">\n\t\t\t\t\t\t\t\t\t<p style=\"text-align: center;\">Gerne k\u00f6nnen Sie uns eine Anregung oder Frage zu einem der im Web pr\u00e4sentierten Themen senden. Bitte f\u00fcllen Sie das folgende Formular aus und klicken Sie auf &#8220;Senden&#8221;.<\/p>\t\t\t\t\t\t\t\t<\/div>\n\t\t\t\t<\/div>\n\t\t\t\t\t<\/div>\n\t\t<\/div>\n\t\t\t\t\t<\/div>\n\t\t<\/section>\n\t\t\t\t<section class=\"elementor-section elementor-top-section elementor-element elementor-element-aa1fada elementor-section-boxed elementor-section-height-default elementor-section-height-default\" data-id=\"aa1fada\" data-element_type=\"section\" data-e-type=\"section\">\n\t\t\t\t\t\t<div class=\"elementor-container elementor-column-gap-default\">\n\t\t\t\t\t<div class=\"elementor-column elementor-col-100 elementor-top-column elementor-element elementor-element-cc025d1\" data-id=\"cc025d1\" data-element_type=\"column\" data-e-type=\"column\">\n\t\t\t<div class=\"elementor-widget-wrap elementor-element-populated\">\n\t\t\t\t\t\t<div class=\"elementor-element elementor-element-f73e24d elementor-widget elementor-widget-shortcode\" data-id=\"f73e24d\" data-element_type=\"widget\" data-e-type=\"widget\" data-widget_type=\"shortcode.default\">\n\t\t\t\t<div class=\"elementor-widget-container\">\n\t\t\t\t\t\t\t<div class=\"elementor-shortcode\">\n<div class=\"wpcf7 no-js\" id=\"wpcf7-f10403-o1\" lang=\"de-DE\" dir=\"ltr\" data-wpcf7-id=\"10403\">\n<div class=\"screen-reader-response\"><p role=\"status\" aria-live=\"polite\" aria-atomic=\"true\"><\/p> <ul><\/ul><\/div>\n<form action=\"\/de\/wp-json\/wp\/v2\/pages\/8153#wpcf7-f10403-o1\" method=\"post\" class=\"wpcf7-form init\" aria-label=\"Kontaktformular\" novalidate=\"novalidate\" data-status=\"init\">\n<fieldset class=\"hidden-fields-container\"><input type=\"hidden\" name=\"_wpcf7\" value=\"10403\" \/><input type=\"hidden\" name=\"_wpcf7_version\" value=\"6.1.5\" \/><input type=\"hidden\" name=\"_wpcf7_locale\" value=\"de_DE\" \/><input type=\"hidden\" name=\"_wpcf7_unit_tag\" value=\"wpcf7-f10403-o1\" \/><input type=\"hidden\" name=\"_wpcf7_container_post\" value=\"0\" \/><input type=\"hidden\" name=\"_wpcf7_posted_data_hash\" value=\"\" \/><input type=\"hidden\" name=\"redirect_nonce\" value=\"ecc0de6be8\" \/><input type=\"hidden\" name=\"wpcf7cfpdf_hidden_name\" value=\"document-pdf\" \/><input type=\"hidden\" name=\"wpcf7cfpdf_hidden_reference\" value=\"99cb2073\" \/><input type=\"hidden\" name=\"wpcf7cfpdf_hidden_date\" value=\"05012026\" \/><input type=\"hidden\" name=\"_wpcf7_recaptcha_response\" value=\"\" \/>\n<\/fieldset>\n<div class=\"container\">\n  <div class=\"row\">\n    <div class=\"col-6\">\n      <h3>*Obligatorische Angaben<\/h3>\n      <label><span>* Nachname<\/span> <span class=\"wpcf7-form-control-wrap\" data-name=\"txt-apellidos\"><input size=\"40\" maxlength=\"400\" class=\"wpcf7-form-control wpcf7-text wpcf7-validates-as-required\" aria-required=\"true\" aria-invalid=\"false\" value=\"\" type=\"text\" name=\"txt-apellidos\" \/><\/span><\/label>\n      <label><span>* Vorname<\/span> <span class=\"wpcf7-form-control-wrap\" data-name=\"txt-nombre\"><input size=\"40\" maxlength=\"400\" class=\"wpcf7-form-control wpcf7-text wpcf7-validates-as-required\" aria-required=\"true\" aria-invalid=\"false\" value=\"\" type=\"text\" name=\"txt-nombre\" \/><\/span><\/label>\n      <label><span>* E-mail<\/span> <span class=\"wpcf7-form-control-wrap\" data-name=\"txt-emilio\"><input size=\"40\" maxlength=\"400\" class=\"wpcf7-form-control wpcf7-email wpcf7-validates-as-required wpcf7-text wpcf7-validates-as-email\" aria-required=\"true\" aria-invalid=\"false\" value=\"\" type=\"email\" name=\"txt-emilio\" \/><\/span><\/label>\n    <\/div>\n    <div class=\"col-6\">\n      <h3>Weitere Informationen<\/h3>\n      <label><span>Adresse<\/span> <span class=\"wpcf7-form-control-wrap\" data-name=\"txt-domicilio\"><input size=\"40\" maxlength=\"400\" class=\"wpcf7-form-control wpcf7-text\" aria-invalid=\"false\" value=\"\" type=\"text\" name=\"txt-domicilio\" \/><\/span><\/label>\n      <label><span>Bev\u00f6lkerung<\/span> <span class=\"wpcf7-form-control-wrap\" data-name=\"txt-poblacion\"><input size=\"40\" maxlength=\"400\" class=\"wpcf7-form-control wpcf7-text\" aria-invalid=\"false\" value=\"\" type=\"text\" name=\"txt-poblacion\" \/><\/span><\/label>\n      <label><span>Provinz<\/span> <span class=\"wpcf7-form-control-wrap\" data-name=\"txt-provincia\"><input size=\"40\" maxlength=\"400\" class=\"wpcf7-form-control wpcf7-text\" aria-invalid=\"false\" value=\"\" type=\"text\" name=\"txt-provincia\" \/><\/span><\/label>\n      <label><span>Land<\/span> <span class=\"wpcf7-form-control-wrap\" data-name=\"txt-pais\"><input size=\"40\" maxlength=\"400\" class=\"wpcf7-form-control wpcf7-text\" aria-invalid=\"false\" value=\"\" type=\"text\" name=\"txt-pais\" \/><\/span><\/label>\n      <label><span>Telefon<\/span> <span class=\"wpcf7-form-control-wrap\" data-name=\"txt-telefono\"><input size=\"40\" maxlength=\"400\" class=\"wpcf7-form-control wpcf7-text\" aria-invalid=\"false\" value=\"\" type=\"text\" name=\"txt-telefono\" \/><\/span><\/label>\n    <\/div>\n  <\/div>\n  <div class=\"clear\" style=\"height:50px;\"><\/div>\n  <div class=\"row\">\n    <div class=\"col-12\">\n      <h3>Schreiben Sie Ihre Nachricht hier<\/h3>\n      <label><span>* Thema<\/span> <span class=\"wpcf7-form-control-wrap\" data-name=\"txt-asunto\"><input size=\"40\" maxlength=\"400\" class=\"wpcf7-form-control wpcf7-text wpcf7-validates-as-required\" aria-required=\"true\" aria-invalid=\"false\" value=\"\" type=\"text\" name=\"txt-asunto\" \/><\/span><\/label>\n      <label><span>* Nachricht<\/span> <span class=\"wpcf7-form-control-wrap\" data-name=\"txt-mensaje\"><textarea cols=\"40\" rows=\"10\" maxlength=\"2000\" class=\"wpcf7-form-control wpcf7-textarea wpcf7-validates-as-required\" aria-required=\"true\" aria-invalid=\"false\" name=\"txt-mensaje\"><\/textarea><\/span><\/label>\n    <\/div>\n  <\/div>\n  <div class=\"row\">\n    <div class=\"col-6\">\n      <label><span class=\"wpcf7-form-control-wrap\" data-name=\"aceptacion-456\"><span class=\"wpcf7-form-control wpcf7-acceptance\"><span class=\"wpcf7-list-item\"><input type=\"checkbox\" name=\"aceptacion-456\" value=\"1\" aria-invalid=\"false\" \/><\/span><\/span><\/span> <small>Ich habe die <strong><a href=\"https:\/\/www.clinicarotger.com\/politica-de-proteccion-de-datos-clinica-rotger-quironsalud-hospital-mallorca\/\" target=\"_blank\" rel=\"noopener\">Ich habe die Datenschutzrichtlinie<\/a><\/strong>und die Nutzungsbedingungen gelesen und akzeptiert und erkl\u00e4re, dass ich \u00fcber 16 Jahre alt bin*<\/small><\/label>\n    <\/div>\n    <div class=\"col-6\"> <input class=\"wpcf7-form-control wpcf7-submit has-spinner button\" type=\"submit\" value=\"SENDEN\" \/> <\/div>\n  <\/div>\n  <div class=\"clear\" style=\"height:50px;\"><\/div>\n<\/div><div class=\"wpcf7-response-output\" aria-hidden=\"true\"><\/div>\n<\/form>\n<\/div>\n<\/div>\n\t\t\t\t\t\t<\/div>\n\t\t\t\t<\/div>\n\t\t\t\t\t<\/div>\n\t\t<\/div>\n\t\t\t\t\t<\/div>\n\t\t<\/section>\n\t\t\t\t<\/div>\n\t\t","protected":false},"excerpt":{"rendered":"<p>Kontaktformular Gerne k\u00f6nnen Sie uns eine Anregung oder Frage zu einem der im Web pr\u00e4sentierten Themen senden. Bitte f\u00fcllen Sie das folgende Formular aus und klicken Sie auf &#8220;Senden&#8221;.<\/p>\n","protected":false},"author":1,"featured_media":0,"parent":0,"menu_order":0,"comment_status":"closed","ping_status":"closed","template":"page-heroediagonal.php","meta":{"_price":"","_stock":"","_tribe_ticket_header":"","_tribe_default_ticket_provider":"","_tribe_ticket_capacity":"0","_ticket_start_date":"","_ticket_end_date":"","_tribe_ticket_show_description":"","_tribe_ticket_show_not_going":false,"_tribe_ticket_use_global_stock":"","_tribe_ticket_global_stock_level":"","_global_stock_mode":"","_global_stock_cap":"","_tribe_rsvp_for_event":"","_tribe_ticket_going_count":"","_tribe_ticket_not_going_count":"","_tribe_tickets_list":"[]","_tribe_ticket_has_attendee_info_fields":false,"footnotes":""},"class_list":["post-8153","page","type-page","status-publish","hentry"],"yoast_head":"<!-- This site is optimized with the Yoast SEO plugin v26.8 - https:\/\/yoast.com\/product\/yoast-seo-wordpress\/ -->\n<title>Kontakt | Cl\u00ednica Rotger Quir\u00f3nsalud - Mallorca Krankenhaus<\/title>\n<meta name=\"description\" content=\"Kontakt: Cl\u00ednica RotgerCarrer Santiago Rusi\u00f1ol, 9 - V\u00eda Roma, 307012 Palma de MallorcaIlles Balears. T. 971 44 85 00...\" \/>\n<meta name=\"robots\" content=\"index, follow, max-snippet:-1, max-image-preview:large, max-video-preview:-1\" \/>\n<link rel=\"canonical\" href=\"https:\/\/www.clinicarotger.com\/de\/kontakt-clinica-rotger-mallorca-krankenhaus\/\" \/>\n<meta property=\"og:locale\" content=\"de_DE\" \/>\n<meta property=\"og:type\" content=\"article\" \/>\n<meta property=\"og:title\" content=\"Kontakt | Cl\u00ednica Rotger Quir\u00f3nsalud - Mallorca Krankenhaus\" \/>\n<meta property=\"og:description\" content=\"Kontakt: Cl\u00ednica RotgerCarrer Santiago Rusi\u00f1ol, 9 - V\u00eda Roma, 307012 Palma de MallorcaIlles Balears. T. 971 44 85 00...\" \/>\n<meta property=\"og:url\" content=\"https:\/\/www.clinicarotger.com\/de\/kontakt-clinica-rotger-mallorca-krankenhaus\/\" \/>\n<meta property=\"og:site_name\" content=\"Clinica Rotger\" \/>\n<meta property=\"article:publisher\" content=\"https:\/\/www.facebook.com\/clinica.rotger\/\" \/>\n<meta property=\"article:modified_time\" content=\"2022-06-08T11:31:57+00:00\" \/>\n<meta property=\"og:image\" content=\"https:\/\/www.clinicarotger.com\/wp-content\/uploads\/2020\/05\/Applus-Certification-Hospital-Seguro-Covid-Clinica-Rotger-Quironsalud.jpg\" \/>\n\t<meta property=\"og:image:width\" content=\"1600\" \/>\n\t<meta property=\"og:image:height\" content=\"500\" \/>\n\t<meta property=\"og:image:type\" content=\"image\/jpeg\" \/>\n<meta name=\"twitter:card\" content=\"summary_large_image\" \/>\n<meta name=\"twitter:site\" content=\"@clinicarotger\" \/>\n<script type=\"application\/ld+json\" class=\"yoast-schema-graph\">{\"@context\":\"https:\/\/schema.org\",\"@graph\":[{\"@type\":\"WebPage\",\"@id\":\"https:\/\/www.clinicarotger.com\/de\/kontakt-clinica-rotger-mallorca-krankenhaus\/\",\"url\":\"https:\/\/www.clinicarotger.com\/de\/kontakt-clinica-rotger-mallorca-krankenhaus\/\",\"name\":\"Kontakt | Cl\u00ednica Rotger Quir\u00f3nsalud - Mallorca Krankenhaus\",\"isPartOf\":{\"@id\":\"https:\/\/www.clinicarotger.com\/de\/#website\"},\"datePublished\":\"2019-12-04T13:41:37+00:00\",\"dateModified\":\"2022-06-08T11:31:57+00:00\",\"description\":\"Kontakt: Cl\u00ednica RotgerCarrer Santiago Rusi\u00f1ol, 9 - V\u00eda Roma, 307012 Palma de MallorcaIlles Balears. T. 971 44 85 00...\",\"breadcrumb\":{\"@id\":\"https:\/\/www.clinicarotger.com\/de\/kontakt-clinica-rotger-mallorca-krankenhaus\/#breadcrumb\"},\"inLanguage\":\"de\",\"potentialAction\":[{\"@type\":\"ReadAction\",\"target\":[\"https:\/\/www.clinicarotger.com\/de\/kontakt-clinica-rotger-mallorca-krankenhaus\/\"]}]},{\"@type\":\"BreadcrumbList\",\"@id\":\"https:\/\/www.clinicarotger.com\/de\/kontakt-clinica-rotger-mallorca-krankenhaus\/#breadcrumb\",\"itemListElement\":[{\"@type\":\"ListItem\",\"position\":1,\"name\":\"Inicio\",\"item\":\"https:\/\/www.clinicarotger.com\/de\/\"},{\"@type\":\"ListItem\",\"position\":2,\"name\":\"Kontakt\"}]},{\"@type\":\"WebSite\",\"@id\":\"https:\/\/www.clinicarotger.com\/de\/#website\",\"url\":\"https:\/\/www.clinicarotger.com\/de\/\",\"name\":\"Clinica Rotger\",\"description\":\"Krankenhaus Mallorca\",\"publisher\":{\"@id\":\"https:\/\/www.clinicarotger.com\/de\/#organization\"},\"potentialAction\":[{\"@type\":\"SearchAction\",\"target\":{\"@type\":\"EntryPoint\",\"urlTemplate\":\"https:\/\/www.clinicarotger.com\/de\/?s={search_term_string}\"},\"query-input\":{\"@type\":\"PropertyValueSpecification\",\"valueRequired\":true,\"valueName\":\"search_term_string\"}}],\"inLanguage\":\"de\"},{\"@type\":\"Organization\",\"@id\":\"https:\/\/www.clinicarotger.com\/de\/#organization\",\"name\":\"Cl\u00ednica Rotger\",\"url\":\"https:\/\/www.clinicarotger.com\/de\/\",\"logo\":{\"@type\":\"ImageObject\",\"inLanguage\":\"de\",\"@id\":\"https:\/\/www.clinicarotger.com\/de\/#\/schema\/logo\/image\/\",\"url\":\"https:\/\/www.clinicarotger.com\/wp-content\/uploads\/2019\/11\/clinica-rotger-logo-top.png\",\"contentUrl\":\"https:\/\/www.clinicarotger.com\/wp-content\/uploads\/2019\/11\/clinica-rotger-logo-top.png\",\"width\":324,\"height\":104,\"caption\":\"Cl\u00ednica Rotger\"},\"image\":{\"@id\":\"https:\/\/www.clinicarotger.com\/de\/#\/schema\/logo\/image\/\"},\"sameAs\":[\"https:\/\/www.facebook.com\/clinica.rotger\/\",\"https:\/\/x.com\/clinicarotger\",\"https:\/\/twitter.com\/clinicarotger\",\"https:\/\/www.instagram.com\/quironsalud\/\",\"https:\/\/www.youtube.com\/channel\/UC1Xp5xg-r2Au-kQdIorviwg\"]}]}<\/script>\n<!-- \/ Yoast SEO plugin. -->","yoast_head_json":{"title":"Kontakt | Cl\u00ednica Rotger Quir\u00f3nsalud - Mallorca Krankenhaus","description":"Kontakt: Cl\u00ednica RotgerCarrer Santiago Rusi\u00f1ol, 9 - V\u00eda Roma, 307012 Palma de MallorcaIlles Balears. T. 971 44 85 00...","robots":{"index":"index","follow":"follow","max-snippet":"max-snippet:-1","max-image-preview":"max-image-preview:large","max-video-preview":"max-video-preview:-1"},"canonical":"https:\/\/www.clinicarotger.com\/de\/kontakt-clinica-rotger-mallorca-krankenhaus\/","og_locale":"de_DE","og_type":"article","og_title":"Kontakt | Cl\u00ednica Rotger Quir\u00f3nsalud - Mallorca Krankenhaus","og_description":"Kontakt: Cl\u00ednica RotgerCarrer Santiago Rusi\u00f1ol, 9 - V\u00eda Roma, 307012 Palma de MallorcaIlles Balears. T. 971 44 85 00...","og_url":"https:\/\/www.clinicarotger.com\/de\/kontakt-clinica-rotger-mallorca-krankenhaus\/","og_site_name":"Clinica Rotger","article_publisher":"https:\/\/www.facebook.com\/clinica.rotger\/","article_modified_time":"2022-06-08T11:31:57+00:00","og_image":[{"width":1600,"height":500,"url":"https:\/\/www.clinicarotger.com\/wp-content\/uploads\/2020\/05\/Applus-Certification-Hospital-Seguro-Covid-Clinica-Rotger-Quironsalud.jpg","type":"image\/jpeg"}],"twitter_card":"summary_large_image","twitter_site":"@clinicarotger","schema":{"@context":"https:\/\/schema.org","@graph":[{"@type":"WebPage","@id":"https:\/\/www.clinicarotger.com\/de\/kontakt-clinica-rotger-mallorca-krankenhaus\/","url":"https:\/\/www.clinicarotger.com\/de\/kontakt-clinica-rotger-mallorca-krankenhaus\/","name":"Kontakt | Cl\u00ednica Rotger Quir\u00f3nsalud - Mallorca Krankenhaus","isPartOf":{"@id":"https:\/\/www.clinicarotger.com\/de\/#website"},"datePublished":"2019-12-04T13:41:37+00:00","dateModified":"2022-06-08T11:31:57+00:00","description":"Kontakt: Cl\u00ednica RotgerCarrer Santiago Rusi\u00f1ol, 9 - V\u00eda Roma, 307012 Palma de MallorcaIlles Balears. T. 971 44 85 00...","breadcrumb":{"@id":"https:\/\/www.clinicarotger.com\/de\/kontakt-clinica-rotger-mallorca-krankenhaus\/#breadcrumb"},"inLanguage":"de","potentialAction":[{"@type":"ReadAction","target":["https:\/\/www.clinicarotger.com\/de\/kontakt-clinica-rotger-mallorca-krankenhaus\/"]}]},{"@type":"BreadcrumbList","@id":"https:\/\/www.clinicarotger.com\/de\/kontakt-clinica-rotger-mallorca-krankenhaus\/#breadcrumb","itemListElement":[{"@type":"ListItem","position":1,"name":"Inicio","item":"https:\/\/www.clinicarotger.com\/de\/"},{"@type":"ListItem","position":2,"name":"Kontakt"}]},{"@type":"WebSite","@id":"https:\/\/www.clinicarotger.com\/de\/#website","url":"https:\/\/www.clinicarotger.com\/de\/","name":"Clinica Rotger","description":"Krankenhaus Mallorca","publisher":{"@id":"https:\/\/www.clinicarotger.com\/de\/#organization"},"potentialAction":[{"@type":"SearchAction","target":{"@type":"EntryPoint","urlTemplate":"https:\/\/www.clinicarotger.com\/de\/?s={search_term_string}"},"query-input":{"@type":"PropertyValueSpecification","valueRequired":true,"valueName":"search_term_string"}}],"inLanguage":"de"},{"@type":"Organization","@id":"https:\/\/www.clinicarotger.com\/de\/#organization","name":"Cl\u00ednica Rotger","url":"https:\/\/www.clinicarotger.com\/de\/","logo":{"@type":"ImageObject","inLanguage":"de","@id":"https:\/\/www.clinicarotger.com\/de\/#\/schema\/logo\/image\/","url":"https:\/\/www.clinicarotger.com\/wp-content\/uploads\/2019\/11\/clinica-rotger-logo-top.png","contentUrl":"https:\/\/www.clinicarotger.com\/wp-content\/uploads\/2019\/11\/clinica-rotger-logo-top.png","width":324,"height":104,"caption":"Cl\u00ednica Rotger"},"image":{"@id":"https:\/\/www.clinicarotger.com\/de\/#\/schema\/logo\/image\/"},"sameAs":["https:\/\/www.facebook.com\/clinica.rotger\/","https:\/\/x.com\/clinicarotger","https:\/\/twitter.com\/clinicarotger","https:\/\/www.instagram.com\/quironsalud\/","https:\/\/www.youtube.com\/channel\/UC1Xp5xg-r2Au-kQdIorviwg"]}]}},"_links":{"self":[{"href":"https:\/\/www.clinicarotger.com\/de\/wp-json\/wp\/v2\/pages\/8153","targetHints":{"allow":["GET"]}}],"collection":[{"href":"https:\/\/www.clinicarotger.com\/de\/wp-json\/wp\/v2\/pages"}],"about":[{"href":"https:\/\/www.clinicarotger.com\/de\/wp-json\/wp\/v2\/types\/page"}],"author":[{"embeddable":true,"href":"https:\/\/www.clinicarotger.com\/de\/wp-json\/wp\/v2\/users\/1"}],"replies":[{"embeddable":true,"href":"https:\/\/www.clinicarotger.com\/de\/wp-json\/wp\/v2\/comments?post=8153"}],"version-history":[{"count":10,"href":"https:\/\/www.clinicarotger.com\/de\/wp-json\/wp\/v2\/pages\/8153\/revisions"}],"predecessor-version":[{"id":13433,"href":"https:\/\/www.clinicarotger.com\/de\/wp-json\/wp\/v2\/pages\/8153\/revisions\/13433"}],"wp:attachment":[{"href":"https:\/\/www.clinicarotger.com\/de\/wp-json\/wp\/v2\/media?parent=8153"}],"curies":[{"name":"wp","href":"https:\/\/api.w.org\/{rel}","templated":true}]}}