{"id":11571,"date":"2019-12-13T11:00:23","date_gmt":"2019-12-13T10:00:23","guid":{"rendered":"https:\/\/www.clinicarotger.com\/radiologia-clinica-rotger-hospital-mallorca\/"},"modified":"2021-03-25T12:02:04","modified_gmt":"2021-03-25T11:02:04","slug":"radiologia-clinica-rotger-quironsalud-hospital-mallorca","status":"publish","type":"page","link":"https:\/\/www.clinicarotger.com\/ca\/radiologia-clinica-rotger-quironsalud-hospital-mallorca\/","title":{"rendered":"Radiologia"},"content":{"rendered":"<p>Especialistes en neuroradiologia i radiologia card\u00edaca, estudis vasculars, electrofisiologia, radiologia intervencionista aix\u00ed com exploracions de coll, t\u00f2rax, abdomen. Musculoesquel\u00e8tic i diagn\u00f2stic oncol\u00f2gic, amb experts en l&#8217;atenci\u00f3 al c\u00e0ncer de mama, tot amb imatges tridimensionals d&#8217;alta definici\u00f3.<\/p>\n","protected":false},"excerpt":{"rendered":"<p>Especialistes en neuroradiologia i radiologia card\u00edaca, estudis vasculars, electrofisiologia, radiologia intervencionista aix\u00ed com exploracions de coll, t\u00f2rax, abdomen. Musculoesquel\u00e8tic i diagn\u00f2stic oncol\u00f2gic, amb experts en l&#8217;atenci\u00f3 al c\u00e0ncer de mama, tot amb imatges tridimensionals d&#8217;alta definici\u00f3.<\/p>\n","protected":false},"author":1,"featured_media":4436,"parent":0,"menu_order":0,"comment_status":"closed","ping_status":"closed","template":"page-tipoespecialidad.php","meta":{"_price":"","_stock":"","_tribe_ticket_header":"","_tribe_default_ticket_provider":"","_tribe_ticket_capacity":"0","_ticket_start_date":"","_ticket_end_date":"","_tribe_ticket_show_description":"","_tribe_ticket_show_not_going":false,"_tribe_ticket_use_global_stock":"","_tribe_ticket_global_stock_level":"","_global_stock_mode":"","_global_stock_cap":"","_tribe_rsvp_for_event":"","_tribe_ticket_going_count":"","_tribe_ticket_not_going_count":"","_tribe_tickets_list":"[]","_tribe_ticket_has_attendee_info_fields":false,"footnotes":""},"class_list":["post-11571","page","type-page","status-publish","has-post-thumbnail","hentry"],"yoast_head":"<!-- This site is optimized with the Yoast SEO plugin v26.8 - https:\/\/yoast.com\/product\/yoast-seo-wordpress\/ -->\n<title>Radiologia | Cl\u00ednica Rotger Quir\u00f3nsalud - Hospital Mallorca<\/title>\n<meta name=\"description\" content=\"Radiologia: Especialistes en neuroradiologia i radiologia card\u00edaca, estudis vasculars, electrofisiologia, radiologia intervencionista...\" \/>\n<meta name=\"robots\" content=\"index, follow, max-snippet:-1, max-image-preview:large, max-video-preview:-1\" \/>\n<link rel=\"canonical\" href=\"https:\/\/www.clinicarotger.com\/ca\/radiologia-clinica-rotger-quironsalud-hospital-mallorca\/\" \/>\n<meta property=\"og:locale\" content=\"ca_ES\" \/>\n<meta property=\"og:type\" content=\"article\" \/>\n<meta property=\"og:title\" content=\"Radiologia | Cl\u00ednica Rotger Quir\u00f3nsalud - Hospital Mallorca\" \/>\n<meta property=\"og:description\" content=\"Radiologia: Especialistes en neuroradiologia i radiologia card\u00edaca, estudis vasculars, electrofisiologia, radiologia intervencionista...\" \/>\n<meta property=\"og:url\" content=\"https:\/\/www.clinicarotger.com\/ca\/radiologia-clinica-rotger-quironsalud-hospital-mallorca\/\" \/>\n<meta property=\"og:site_name\" content=\"Cl\u00ednica Rotger\" \/>\n<meta property=\"article:publisher\" content=\"https:\/\/www.facebook.com\/clinica.rotger\/\" \/>\n<meta property=\"article:modified_time\" content=\"2021-03-25T11:02:04+00:00\" \/>\n<meta property=\"og:image\" content=\"https:\/\/www.clinicarotger.com\/wp-content\/uploads\/2019\/11\/Resonancia-Magnetica-Clinica-Rotger-Hospital-Mallorca-3.jpg\" \/>\n\t<meta property=\"og:image:width\" content=\"1200\" \/>\n\t<meta property=\"og:image:height\" content=\"500\" \/>\n\t<meta property=\"og:image:type\" content=\"image\/jpeg\" \/>\n<meta name=\"twitter:card\" content=\"summary_large_image\" \/>\n<meta name=\"twitter:site\" content=\"@clinicarotger\" \/>\n<meta name=\"twitter:label1\" content=\"Temps estimat de lectura\" \/>\n\t<meta name=\"twitter:data1\" content=\"1 minut\" \/>\n<script type=\"application\/ld+json\" class=\"yoast-schema-graph\">{\"@context\":\"https:\/\/schema.org\",\"@graph\":[{\"@type\":\"WebPage\",\"@id\":\"https:\/\/www.clinicarotger.com\/ca\/radiologia-clinica-rotger-quironsalud-hospital-mallorca\/\",\"url\":\"https:\/\/www.clinicarotger.com\/ca\/radiologia-clinica-rotger-quironsalud-hospital-mallorca\/\",\"name\":\"Radiologia | Cl\u00ednica Rotger Quir\u00f3nsalud - Hospital Mallorca\",\"isPartOf\":{\"@id\":\"https:\/\/www.clinicarotger.com\/ca\/#website\"},\"primaryImageOfPage\":{\"@id\":\"https:\/\/www.clinicarotger.com\/ca\/radiologia-clinica-rotger-quironsalud-hospital-mallorca\/#primaryimage\"},\"image\":{\"@id\":\"https:\/\/www.clinicarotger.com\/ca\/radiologia-clinica-rotger-quironsalud-hospital-mallorca\/#primaryimage\"},\"thumbnailUrl\":\"https:\/\/www.clinicarotger.com\/wp-content\/uploads\/2019\/11\/Resonancia-Magnetica-Clinica-Rotger-Hospital-Mallorca-3.jpg\",\"datePublished\":\"2019-12-13T10:00:23+00:00\",\"dateModified\":\"2021-03-25T11:02:04+00:00\",\"description\":\"Radiologia: Especialistes en neuroradiologia i radiologia card\u00edaca, estudis vasculars, electrofisiologia, radiologia intervencionista...\",\"breadcrumb\":{\"@id\":\"https:\/\/www.clinicarotger.com\/ca\/radiologia-clinica-rotger-quironsalud-hospital-mallorca\/#breadcrumb\"},\"inLanguage\":\"ca\",\"potentialAction\":[{\"@type\":\"ReadAction\",\"target\":[\"https:\/\/www.clinicarotger.com\/ca\/radiologia-clinica-rotger-quironsalud-hospital-mallorca\/\"]}]},{\"@type\":\"ImageObject\",\"inLanguage\":\"ca\",\"@id\":\"https:\/\/www.clinicarotger.com\/ca\/radiologia-clinica-rotger-quironsalud-hospital-mallorca\/#primaryimage\",\"url\":\"https:\/\/www.clinicarotger.com\/wp-content\/uploads\/2019\/11\/Resonancia-Magnetica-Clinica-Rotger-Hospital-Mallorca-3.jpg\",\"contentUrl\":\"https:\/\/www.clinicarotger.com\/wp-content\/uploads\/2019\/11\/Resonancia-Magnetica-Clinica-Rotger-Hospital-Mallorca-3.jpg\",\"width\":1200,\"height\":500,\"caption\":\"Resonancia-Magn\u00e9tica-Cl\u00ednica-Rotger-Hospital-Mallorca\"},{\"@type\":\"BreadcrumbList\",\"@id\":\"https:\/\/www.clinicarotger.com\/ca\/radiologia-clinica-rotger-quironsalud-hospital-mallorca\/#breadcrumb\",\"itemListElement\":[{\"@type\":\"ListItem\",\"position\":1,\"name\":\"Inicio\",\"item\":\"https:\/\/www.clinicarotger.com\/ca\/\"},{\"@type\":\"ListItem\",\"position\":2,\"name\":\"Radiologia\"}]},{\"@type\":\"WebSite\",\"@id\":\"https:\/\/www.clinicarotger.com\/ca\/#website\",\"url\":\"https:\/\/www.clinicarotger.com\/ca\/\",\"name\":\"Cl\u00ednica Rotger\",\"description\":\"Hospital Mallorca\",\"publisher\":{\"@id\":\"https:\/\/www.clinicarotger.com\/ca\/#organization\"},\"potentialAction\":[{\"@type\":\"SearchAction\",\"target\":{\"@type\":\"EntryPoint\",\"urlTemplate\":\"https:\/\/www.clinicarotger.com\/ca\/?s={search_term_string}\"},\"query-input\":{\"@type\":\"PropertyValueSpecification\",\"valueRequired\":true,\"valueName\":\"search_term_string\"}}],\"inLanguage\":\"ca\"},{\"@type\":\"Organization\",\"@id\":\"https:\/\/www.clinicarotger.com\/ca\/#organization\",\"name\":\"Cl\u00ednica Rotger\",\"url\":\"https:\/\/www.clinicarotger.com\/ca\/\",\"logo\":{\"@type\":\"ImageObject\",\"inLanguage\":\"ca\",\"@id\":\"https:\/\/www.clinicarotger.com\/ca\/#\/schema\/logo\/image\/\",\"url\":\"https:\/\/www.clinicarotger.com\/wp-content\/uploads\/2019\/11\/clinica-rotger-logo-top.png\",\"contentUrl\":\"https:\/\/www.clinicarotger.com\/wp-content\/uploads\/2019\/11\/clinica-rotger-logo-top.png\",\"width\":324,\"height\":104,\"caption\":\"Cl\u00ednica Rotger\"},\"image\":{\"@id\":\"https:\/\/www.clinicarotger.com\/ca\/#\/schema\/logo\/image\/\"},\"sameAs\":[\"https:\/\/www.facebook.com\/clinica.rotger\/\",\"https:\/\/x.com\/clinicarotger\",\"https:\/\/twitter.com\/clinicarotger\",\"https:\/\/www.instagram.com\/quironsalud\/\",\"https:\/\/www.youtube.com\/channel\/UC1Xp5xg-r2Au-kQdIorviwg\"]}]}<\/script>\n<!-- \/ Yoast SEO plugin. -->","yoast_head_json":{"title":"Radiologia | Cl\u00ednica Rotger Quir\u00f3nsalud - Hospital Mallorca","description":"Radiologia: Especialistes en neuroradiologia i radiologia card\u00edaca, estudis vasculars, electrofisiologia, radiologia intervencionista...","robots":{"index":"index","follow":"follow","max-snippet":"max-snippet:-1","max-image-preview":"max-image-preview:large","max-video-preview":"max-video-preview:-1"},"canonical":"https:\/\/www.clinicarotger.com\/ca\/radiologia-clinica-rotger-quironsalud-hospital-mallorca\/","og_locale":"ca_ES","og_type":"article","og_title":"Radiologia | Cl\u00ednica Rotger Quir\u00f3nsalud - Hospital Mallorca","og_description":"Radiologia: Especialistes en neuroradiologia i radiologia card\u00edaca, estudis vasculars, electrofisiologia, radiologia intervencionista...","og_url":"https:\/\/www.clinicarotger.com\/ca\/radiologia-clinica-rotger-quironsalud-hospital-mallorca\/","og_site_name":"Cl\u00ednica Rotger","article_publisher":"https:\/\/www.facebook.com\/clinica.rotger\/","article_modified_time":"2021-03-25T11:02:04+00:00","og_image":[{"width":1200,"height":500,"url":"https:\/\/www.clinicarotger.com\/wp-content\/uploads\/2019\/11\/Resonancia-Magnetica-Clinica-Rotger-Hospital-Mallorca-3.jpg","type":"image\/jpeg"}],"twitter_card":"summary_large_image","twitter_site":"@clinicarotger","twitter_misc":{"Temps estimat de lectura":"1 minut"},"schema":{"@context":"https:\/\/schema.org","@graph":[{"@type":"WebPage","@id":"https:\/\/www.clinicarotger.com\/ca\/radiologia-clinica-rotger-quironsalud-hospital-mallorca\/","url":"https:\/\/www.clinicarotger.com\/ca\/radiologia-clinica-rotger-quironsalud-hospital-mallorca\/","name":"Radiologia | Cl\u00ednica Rotger Quir\u00f3nsalud - Hospital Mallorca","isPartOf":{"@id":"https:\/\/www.clinicarotger.com\/ca\/#website"},"primaryImageOfPage":{"@id":"https:\/\/www.clinicarotger.com\/ca\/radiologia-clinica-rotger-quironsalud-hospital-mallorca\/#primaryimage"},"image":{"@id":"https:\/\/www.clinicarotger.com\/ca\/radiologia-clinica-rotger-quironsalud-hospital-mallorca\/#primaryimage"},"thumbnailUrl":"https:\/\/www.clinicarotger.com\/wp-content\/uploads\/2019\/11\/Resonancia-Magnetica-Clinica-Rotger-Hospital-Mallorca-3.jpg","datePublished":"2019-12-13T10:00:23+00:00","dateModified":"2021-03-25T11:02:04+00:00","description":"Radiologia: Especialistes en neuroradiologia i radiologia card\u00edaca, estudis vasculars, electrofisiologia, radiologia intervencionista...","breadcrumb":{"@id":"https:\/\/www.clinicarotger.com\/ca\/radiologia-clinica-rotger-quironsalud-hospital-mallorca\/#breadcrumb"},"inLanguage":"ca","potentialAction":[{"@type":"ReadAction","target":["https:\/\/www.clinicarotger.com\/ca\/radiologia-clinica-rotger-quironsalud-hospital-mallorca\/"]}]},{"@type":"ImageObject","inLanguage":"ca","@id":"https:\/\/www.clinicarotger.com\/ca\/radiologia-clinica-rotger-quironsalud-hospital-mallorca\/#primaryimage","url":"https:\/\/www.clinicarotger.com\/wp-content\/uploads\/2019\/11\/Resonancia-Magnetica-Clinica-Rotger-Hospital-Mallorca-3.jpg","contentUrl":"https:\/\/www.clinicarotger.com\/wp-content\/uploads\/2019\/11\/Resonancia-Magnetica-Clinica-Rotger-Hospital-Mallorca-3.jpg","width":1200,"height":500,"caption":"Resonancia-Magn\u00e9tica-Cl\u00ednica-Rotger-Hospital-Mallorca"},{"@type":"BreadcrumbList","@id":"https:\/\/www.clinicarotger.com\/ca\/radiologia-clinica-rotger-quironsalud-hospital-mallorca\/#breadcrumb","itemListElement":[{"@type":"ListItem","position":1,"name":"Inicio","item":"https:\/\/www.clinicarotger.com\/ca\/"},{"@type":"ListItem","position":2,"name":"Radiologia"}]},{"@type":"WebSite","@id":"https:\/\/www.clinicarotger.com\/ca\/#website","url":"https:\/\/www.clinicarotger.com\/ca\/","name":"Cl\u00ednica Rotger","description":"Hospital Mallorca","publisher":{"@id":"https:\/\/www.clinicarotger.com\/ca\/#organization"},"potentialAction":[{"@type":"SearchAction","target":{"@type":"EntryPoint","urlTemplate":"https:\/\/www.clinicarotger.com\/ca\/?s={search_term_string}"},"query-input":{"@type":"PropertyValueSpecification","valueRequired":true,"valueName":"search_term_string"}}],"inLanguage":"ca"},{"@type":"Organization","@id":"https:\/\/www.clinicarotger.com\/ca\/#organization","name":"Cl\u00ednica Rotger","url":"https:\/\/www.clinicarotger.com\/ca\/","logo":{"@type":"ImageObject","inLanguage":"ca","@id":"https:\/\/www.clinicarotger.com\/ca\/#\/schema\/logo\/image\/","url":"https:\/\/www.clinicarotger.com\/wp-content\/uploads\/2019\/11\/clinica-rotger-logo-top.png","contentUrl":"https:\/\/www.clinicarotger.com\/wp-content\/uploads\/2019\/11\/clinica-rotger-logo-top.png","width":324,"height":104,"caption":"Cl\u00ednica Rotger"},"image":{"@id":"https:\/\/www.clinicarotger.com\/ca\/#\/schema\/logo\/image\/"},"sameAs":["https:\/\/www.facebook.com\/clinica.rotger\/","https:\/\/x.com\/clinicarotger","https:\/\/twitter.com\/clinicarotger","https:\/\/www.instagram.com\/quironsalud\/","https:\/\/www.youtube.com\/channel\/UC1Xp5xg-r2Au-kQdIorviwg"]}]}},"_links":{"self":[{"href":"https:\/\/www.clinicarotger.com\/ca\/wp-json\/wp\/v2\/pages\/11571","targetHints":{"allow":["GET"]}}],"collection":[{"href":"https:\/\/www.clinicarotger.com\/ca\/wp-json\/wp\/v2\/pages"}],"about":[{"href":"https:\/\/www.clinicarotger.com\/ca\/wp-json\/wp\/v2\/types\/page"}],"author":[{"embeddable":true,"href":"https:\/\/www.clinicarotger.com\/ca\/wp-json\/wp\/v2\/users\/1"}],"replies":[{"embeddable":true,"href":"https:\/\/www.clinicarotger.com\/ca\/wp-json\/wp\/v2\/comments?post=11571"}],"version-history":[{"count":4,"href":"https:\/\/www.clinicarotger.com\/ca\/wp-json\/wp\/v2\/pages\/11571\/revisions"}],"predecessor-version":[{"id":13846,"href":"https:\/\/www.clinicarotger.com\/ca\/wp-json\/wp\/v2\/pages\/11571\/revisions\/13846"}],"wp:featuredmedia":[{"embeddable":true,"href":"https:\/\/www.clinicarotger.com\/ca\/wp-json\/wp\/v2\/media\/4436"}],"wp:attachment":[{"href":"https:\/\/www.clinicarotger.com\/ca\/wp-json\/wp\/v2\/media?parent=11571"}],"curies":[{"name":"wp","href":"https:\/\/api.w.org\/{rel}","templated":true}]}}