{"id":11564,"date":"2019-11-12T17:18:28","date_gmt":"2019-11-12T16:18:28","guid":{"rendered":"https:\/\/www.clinicarotger.com\/preguntas-frecuentes\/"},"modified":"2021-07-23T11:13:29","modified_gmt":"2021-07-23T09:13:29","slug":"preguntes-frequents-clinica-rotger-hospital-mallorca","status":"publish","type":"page","link":"https:\/\/www.clinicarotger.com\/ca\/preguntes-frequents-clinica-rotger-hospital-mallorca\/","title":{"rendered":"Preguntes Freq\u00fcents"},"content":{"rendered":"\t\t<div data-elementor-type=\"wp-page\" data-elementor-id=\"11564\" class=\"elementor elementor-11564 elementor-21\">\n\t\t\t\t\t\t<section class=\"elementor-section elementor-top-section elementor-element elementor-element-5520fdf elementor-section-boxed elementor-section-height-default elementor-section-height-default\" data-id=\"5520fdf\" data-element_type=\"section\" data-e-type=\"section\">\n\t\t\t\t\t\t<div class=\"elementor-container elementor-column-gap-default\">\n\t\t\t\t\t<div class=\"elementor-column elementor-col-100 elementor-top-column elementor-element elementor-element-1f05a61\" data-id=\"1f05a61\" data-element_type=\"column\" data-e-type=\"column\">\n\t\t\t<div class=\"elementor-widget-wrap elementor-element-populated\">\n\t\t\t\t\t\t<div class=\"elementor-element elementor-element-cbe615a elementor-widget elementor-widget-spacer\" data-id=\"cbe615a\" data-element_type=\"widget\" data-e-type=\"widget\" data-widget_type=\"spacer.default\">\n\t\t\t\t<div class=\"elementor-widget-container\">\n\t\t\t\t\t\t\t<div class=\"elementor-spacer\">\n\t\t\t<div class=\"elementor-spacer-inner\"><\/div>\n\t\t<\/div>\n\t\t\t\t\t\t<\/div>\n\t\t\t\t<\/div>\n\t\t\t\t\t<\/div>\n\t\t<\/div>\n\t\t\t\t\t<\/div>\n\t\t<\/section>\n\t\t\t\t<section class=\"elementor-section elementor-top-section elementor-element elementor-element-e9dcc55 elementor-section-boxed elementor-section-height-default elementor-section-height-default\" data-id=\"e9dcc55\" data-element_type=\"section\" data-e-type=\"section\">\n\t\t\t\t\t\t<div class=\"elementor-container elementor-column-gap-default\">\n\t\t\t\t\t<div class=\"elementor-column elementor-col-100 elementor-top-column elementor-element elementor-element-90ab211\" data-id=\"90ab211\" data-element_type=\"column\" data-e-type=\"column\">\n\t\t\t<div class=\"elementor-widget-wrap elementor-element-populated\">\n\t\t\t\t\t\t<section class=\"elementor-section elementor-inner-section elementor-element elementor-element-3f2f64a elementor-section-boxed elementor-section-height-default elementor-section-height-default\" data-id=\"3f2f64a\" data-element_type=\"section\" data-e-type=\"section\">\n\t\t\t\t\t\t<div class=\"elementor-container elementor-column-gap-default\">\n\t\t\t\t\t<div class=\"elementor-column elementor-col-50 elementor-inner-column elementor-element elementor-element-909669a\" data-id=\"909669a\" data-element_type=\"column\" data-e-type=\"column\">\n\t\t\t<div class=\"elementor-widget-wrap elementor-element-populated\">\n\t\t\t\t\t\t<div class=\"elementor-element elementor-element-659b086 elementor-widget elementor-widget-text-editor\" data-id=\"659b086\" data-element_type=\"widget\" data-e-type=\"widget\" data-widget_type=\"text-editor.default\">\n\t\t\t\t<div class=\"elementor-widget-container\">\n\t\t\t\t\t\t\t\t\t<p style=\"text-align: justify;\"><strong>On \u00e9s la cl\u00ednica?<\/strong><br \/>Ocupa la totalitat d&#8217;un edifici hist\u00f2ric al centre de Palma, amb entrades per Via Roma 3 (sense barreres arquitect\u00f2niques) i pel carrer Santiago Russi\u00f1ol, 9. Al carrer Santiago Russi\u00f1ol 11 es troba l&#8217;entrada a Urg\u00e8ncies per a vehicles i vianants.Tenim un aparcament p\u00fablic a pocs metres<\/p><p style=\"text-align: justify;\"><strong>\u00c9s un centre sanitari p\u00fablic o privat?<\/strong><br \/>\u00c9s una cl\u00ednica privada des de la seva fundaci\u00f3 a l\u2019any 1944.<\/p><p style=\"text-align: justify;\"><strong>\u00bfAmb quines companyies d&#8217;assegurances m\u00e8diques treballen?<\/strong><br \/>Amb totes les assegurances m\u00e8diques privades nacionals i internacionals, aix\u00ed com amb les assegurances de viatge. Podeu consultar la relaci\u00f3 dels principals en aquesta p\u00e0gina. Si t\u00e9 algun dubte, contacti amb nosaltres.<\/p><p style=\"text-align: justify;\"><strong>No tinc asseguran\u00e7a m\u00e8dica, puc anar a la cl\u00ednica?<\/strong><br \/>Si. No dubti en posar-se en contacte amb nosaltres. Segur que trobarem la manera de adequar-nos a les seves necessitats a trav\u00e9s del nostre programa \u201cSolucions M\u00e8diques\u201d . Demani pressupost sense comprom\u00eds.<\/p><p style=\"text-align: justify;\"><strong>Com puc demanar una cita?<\/strong><br \/>Trucant directament al tel\u00e8fon de cada servei o especialitat, o b\u00e9 al tel\u00e8fon de centraleta 971 448 500. Si es tracta d&#8217;una visita m\u00e8dica, li recomanem el portal del pacient, on a m\u00e9s de gestionar les seves cites podr\u00e0 consultar resultats i informes.<\/p><p style=\"text-align: justify;\"><strong>Quin horari d&#8217;obertura t\u00e9 la cl\u00ednica?<\/strong><br \/>La cl\u00ednica est\u00e0 oberta ininterrompudament. Per con\u00e8ixer els horaris dels diferents serveis i consultes m\u00e8diques, pot informar-se\u2019n consulti l&#8217;apartat ESPECIALITATS d&#8217;aquest web.<\/p><p style=\"text-align: justify;\"><strong>Quin horari t\u00e9 el seu servei d&#8217;Urg\u00e8ncies?<\/strong><br \/>El nostre servei d&#8217;Urg\u00e8ncies est\u00e0 operatiu les 24 hores els 365 dies de l&#8217;any. Compta amb un equip multidisciplinari que at\u00e9n urg\u00e8ncies de medicina general, pediatria i traumatologia. Aix\u00ed mateix estan localitzats permanentment especialistes d&#8217;altres \u00e0rees en cas de necessitar la seva intervenci\u00f3. Tot aix\u00f2 amb el suport permanent de Radiodiagn\u00f2stic i del Laboratori d&#8217;An\u00e0lisis Cl\u00edniques.<\/p><p style=\"text-align: justify;\"><strong>Puc consultar els resultats de les meves an\u00e0lisis cl\u00edniques per Internet?<\/strong><br \/>S\u00ed, pot consultar-los, i tamb\u00e9 gestionar les seves cites, al portal del pacient.<\/p><p style=\"text-align: justify;\"><strong>Quina documentaci\u00f3 he de portar per ingressar a la cl\u00ednica?<\/strong><br \/>Autoritzaci\u00f3 de la companyia asseguradora, targeta de l&#8217;asseguran\u00e7a m\u00e8dica, DNI, proves preoperat\u00f2ries i consentiments informats signats en el cas que el seu metge aix\u00ed ho hagi indicat.<\/p>\t\t\t\t\t\t\t\t<\/div>\n\t\t\t\t<\/div>\n\t\t\t\t\t<\/div>\n\t\t<\/div>\n\t\t\t\t<div class=\"elementor-column elementor-col-50 elementor-inner-column elementor-element elementor-element-9ad4967\" data-id=\"9ad4967\" data-element_type=\"column\" data-e-type=\"column\">\n\t\t\t<div class=\"elementor-widget-wrap elementor-element-populated\">\n\t\t\t\t\t\t<div class=\"elementor-element elementor-element-eef55b5 elementor-widget elementor-widget-text-editor\" data-id=\"eef55b5\" data-element_type=\"widget\" data-e-type=\"widget\" data-widget_type=\"text-editor.default\">\n\t\t\t\t<div class=\"elementor-widget-container\">\n\t\t\t\t\t\t\t\t\t<p style=\"text-align: justify;\"><strong>Quins objectes personals he de portar per ingressar a la cl\u00ednica?<\/strong><br \/>Pijama, bata i sabatilles; els seus efectes personals i la seva medicaci\u00f3 habitual.<\/p><p style=\"text-align: justify;\"><strong>Quin horari de visites a pacients tenen establert?<\/strong><\/p><p>A les habitacions, l&#8217;horari de visites \u00e9s lliure, llevat de contraindicaci\u00f3 m\u00e8dica. Es recomana, per\u00f2, evitar les visites abans de les 9 i passades les 21 hores per preservar el descans dels pacients. Amb la mateixa finalitat, aconsellem tamb\u00e9 limitar el nombre d&#8217;acompanyants durant el dia per evitar aglomeracions i soroll.<\/p><p>Aquest principi general es veu limitat per les restriccions que imposa la pand\u00e8mia.<\/p><p><strong>Per obtenir m\u00e9s informaci\u00f3 consulteu:<\/strong><br \/>&#8220;<a href=\"https:\/\/www.clinicarotger.com\/ca\/nous-criteris-sobre-acompanyants-i-visites-clinica-rotger-hospital-mallorca\/\"><span style=\"text-decoration: underline;\"><span style=\"color: #33cccc;\"><strong>Criteris d&#8217;acompanyament i visites a pacients<\/strong><\/span><\/span><\/a>&#8220;<\/p><p style=\"text-align: justify;\"><strong>Vaig a donar a llum a la seva cl\u00ednica. Quina roba he de portar per al nad\u00f3?<\/strong><br \/>Si es tracta d&#8217;un part natural, hauria de portar 6 bodis, 4 pijames i roba per sortir de la cl\u00ednica.<\/p><p style=\"text-align: justify;\">Si \u00e9s un part per ces\u00e0ria, aconsellem que augmenti el nombre de bodis i pijames ja que s&#8217;incrementaran els dies d&#8217;estada a la cl\u00ednica.<\/p><p style=\"text-align: justify;\">Els bolquers, objectes de bany, biberons, etc. se li facilitaran directament des del nostre servei de Nius.<\/p><p style=\"text-align: justify;\"><strong>Hi ha limitacions en la utilitzaci\u00f3 de tel\u00e8fons m\u00f2bils o altres aparells electr\u00f2nics?<\/strong><br \/>No hi ha limitaci\u00f3, excepte en les zones t\u00e8cniques, per\u00f2 els preguem que tinguin present en tot moment el descans de la resta de pacients.<\/p><p style=\"text-align: justify;\"><strong>Disposen totes les habitacions de TV i Wi-Fi?<\/strong><br \/>S\u00ed, totes les habitacions disposen de TV sat\u00e8l\u00b7lit amb canals en diversos idiomes i<br \/>Wi-Fi gratu\u00efta.<br \/>Si estan interessats, sol\u00b7licitin m\u00e9s informaci\u00f3 al Departament d&#8217;Admissi\u00f3.<\/p><p style=\"text-align: justify;\"><strong>\u00bfAmb quins altres serveis compte la cl\u00ednica?<\/strong><br \/>Premsa di\u00e0ria gratu\u00efta, cafeteria-restaurant, zona de jocs infantils, sala d&#8217;actes i capella.<\/p><p style=\"text-align: justify;\"><strong>Disposen d&#8217;int\u00e8rprets a la cl\u00ednica?<\/strong><br \/>S\u00ed, disposem de personal multiling\u00fce les 24 hores del dia, donant suport a el pacient internacional en tots els seus tr\u00e0mits i actuant com a interlocutor davant del personal sanitari. A m\u00e9s disposem de servei de traducci\u00f3 simult\u00e0nia per confer\u00e8ncia en m\u00e9s de 50 idiomes.<\/p><p style=\"text-align: justify;\"><strong>A quina hora he d&#8217;abandonar l&#8217;habitaci\u00f3 quan rebi l&#8217;alta m\u00e8dica?<\/strong><br \/>Li preguem que abandoni l&#8217;habitaci\u00f3 en la primera hora despr\u00e9s de rebre l&#8217;alta m\u00e8dica per facilitar l&#8217;ingr\u00e9s de nous pacients.<\/p>\t\t\t\t\t\t\t\t<\/div>\n\t\t\t\t<\/div>\n\t\t\t\t\t<\/div>\n\t\t<\/div>\n\t\t\t\t\t<\/div>\n\t\t<\/section>\n\t\t\t\t\t<\/div>\n\t\t<\/div>\n\t\t\t\t\t<\/div>\n\t\t<\/section>\n\t\t\t\t<section class=\"elementor-section elementor-top-section elementor-element elementor-element-635771f elementor-section-boxed elementor-section-height-default elementor-section-height-default\" data-id=\"635771f\" data-element_type=\"section\" data-e-type=\"section\">\n\t\t\t\t\t\t<div class=\"elementor-container elementor-column-gap-default\">\n\t\t\t\t\t<div class=\"elementor-column elementor-col-100 elementor-top-column elementor-element elementor-element-d1a6c3c\" data-id=\"d1a6c3c\" data-element_type=\"column\" data-e-type=\"column\">\n\t\t\t<div class=\"elementor-widget-wrap elementor-element-populated\">\n\t\t\t\t\t\t<div class=\"elementor-element elementor-element-6b3c33a elementor-widget elementor-widget-spacer\" data-id=\"6b3c33a\" data-element_type=\"widget\" data-e-type=\"widget\" data-widget_type=\"spacer.default\">\n\t\t\t\t<div class=\"elementor-widget-container\">\n\t\t\t\t\t\t\t<div class=\"elementor-spacer\">\n\t\t\t<div class=\"elementor-spacer-inner\"><\/div>\n\t\t<\/div>\n\t\t\t\t\t\t<\/div>\n\t\t\t\t<\/div>\n\t\t\t\t\t<\/div>\n\t\t<\/div>\n\t\t\t\t\t<\/div>\n\t\t<\/section>\n\t\t\t\t<\/div>\n\t\t","protected":false},"excerpt":{"rendered":"<p>On \u00e9s la cl\u00ednica?Ocupa la totalitat d&#8217;un edifici hist\u00f2ric al centre de Palma, amb entrades per Via Roma 3 (sense barreres arquitect\u00f2niques) i pel carrer Santiago Russi\u00f1ol, 9. Al carrer Santiago Russi\u00f1ol 11 es troba l&#8217;entrada a Urg\u00e8ncies per a vehicles i vianants.Tenim un aparcament p\u00fablic a pocs metres \u00c9s un centre sanitari p\u00fablic o&#8230;<\/p>\n","protected":false},"author":1,"featured_media":2902,"parent":0,"menu_order":0,"comment_status":"closed","ping_status":"closed","template":"","meta":{"_price":"","_stock":"","_tribe_ticket_header":"","_tribe_default_ticket_provider":"","_tribe_ticket_capacity":"0","_ticket_start_date":"","_ticket_end_date":"","_tribe_ticket_show_description":"","_tribe_ticket_show_not_going":false,"_tribe_ticket_use_global_stock":"","_tribe_ticket_global_stock_level":"","_global_stock_mode":"","_global_stock_cap":"","_tribe_rsvp_for_event":"","_tribe_ticket_going_count":"","_tribe_ticket_not_going_count":"","_tribe_tickets_list":"[]","_tribe_ticket_has_attendee_info_fields":false,"footnotes":""},"class_list":["post-11564","page","type-page","status-publish","has-post-thumbnail","hentry"],"yoast_head":"<!-- This site is optimized with the Yoast SEO plugin v26.8 - https:\/\/yoast.com\/product\/yoast-seo-wordpress\/ -->\n<title>Preguntes Freq\u00fcents| Cl\u00ednica Rotger Quir\u00f3nsalud - Hospital Mallorca<\/title>\n<meta name=\"description\" content=\"Preguntes Freq\u00fcents: On es la cl\u00ednica?, Ocupa la totalitat d&#039;un edifici hist\u00f2ric al centre de Palma, amb entrades per Via Roma 3...\" \/>\n<meta name=\"robots\" content=\"index, follow, max-snippet:-1, max-image-preview:large, max-video-preview:-1\" \/>\n<link rel=\"canonical\" href=\"https:\/\/www.clinicarotger.com\/ca\/preguntes-frequents-clinica-rotger-hospital-mallorca\/\" \/>\n<meta property=\"og:locale\" content=\"ca_ES\" \/>\n<meta property=\"og:type\" content=\"article\" \/>\n<meta property=\"og:title\" content=\"Preguntes Freq\u00fcents| Cl\u00ednica Rotger Quir\u00f3nsalud - Hospital Mallorca\" \/>\n<meta property=\"og:description\" content=\"Preguntes Freq\u00fcents: On es la cl\u00ednica?, Ocupa la totalitat d&#039;un edifici hist\u00f2ric al centre de Palma, amb entrades per Via Roma 3...\" \/>\n<meta property=\"og:url\" content=\"https:\/\/www.clinicarotger.com\/ca\/preguntes-frequents-clinica-rotger-hospital-mallorca\/\" \/>\n<meta property=\"og:site_name\" content=\"Cl\u00ednica Rotger\" \/>\n<meta property=\"article:publisher\" content=\"https:\/\/www.facebook.com\/clinica.rotger\/\" \/>\n<meta property=\"article:modified_time\" content=\"2021-07-23T09:13:29+00:00\" \/>\n<meta property=\"og:image\" content=\"https:\/\/www.clinicarotger.com\/wp-content\/uploads\/2019\/11\/Implantes-Capilares-Clinica-Rotger-Hospital-Mallorca-Equipo.jpg\" \/>\n\t<meta property=\"og:image:width\" content=\"1600\" \/>\n\t<meta property=\"og:image:height\" content=\"791\" \/>\n\t<meta property=\"og:image:type\" content=\"image\/jpeg\" \/>\n<meta name=\"twitter:card\" content=\"summary_large_image\" \/>\n<meta name=\"twitter:site\" content=\"@clinicarotger\" \/>\n<meta name=\"twitter:label1\" content=\"Temps estimat de lectura\" \/>\n\t<meta name=\"twitter:data1\" content=\"4 minuts\" \/>\n<script type=\"application\/ld+json\" class=\"yoast-schema-graph\">{\"@context\":\"https:\/\/schema.org\",\"@graph\":[{\"@type\":\"WebPage\",\"@id\":\"https:\/\/www.clinicarotger.com\/ca\/preguntes-frequents-clinica-rotger-hospital-mallorca\/\",\"url\":\"https:\/\/www.clinicarotger.com\/ca\/preguntes-frequents-clinica-rotger-hospital-mallorca\/\",\"name\":\"Preguntes Freq\u00fcents| Cl\u00ednica Rotger Quir\u00f3nsalud - Hospital Mallorca\",\"isPartOf\":{\"@id\":\"https:\/\/www.clinicarotger.com\/ca\/#website\"},\"primaryImageOfPage\":{\"@id\":\"https:\/\/www.clinicarotger.com\/ca\/preguntes-frequents-clinica-rotger-hospital-mallorca\/#primaryimage\"},\"image\":{\"@id\":\"https:\/\/www.clinicarotger.com\/ca\/preguntes-frequents-clinica-rotger-hospital-mallorca\/#primaryimage\"},\"thumbnailUrl\":\"https:\/\/www.clinicarotger.com\/wp-content\/uploads\/2019\/11\/Implantes-Capilares-Clinica-Rotger-Hospital-Mallorca-Equipo.jpg\",\"datePublished\":\"2019-11-12T16:18:28+00:00\",\"dateModified\":\"2021-07-23T09:13:29+00:00\",\"description\":\"Preguntes Freq\u00fcents: On es la cl\u00ednica?, Ocupa la totalitat d'un edifici hist\u00f2ric al centre de Palma, amb entrades per Via Roma 3...\",\"breadcrumb\":{\"@id\":\"https:\/\/www.clinicarotger.com\/ca\/preguntes-frequents-clinica-rotger-hospital-mallorca\/#breadcrumb\"},\"inLanguage\":\"ca\",\"potentialAction\":[{\"@type\":\"ReadAction\",\"target\":[\"https:\/\/www.clinicarotger.com\/ca\/preguntes-frequents-clinica-rotger-hospital-mallorca\/\"]}]},{\"@type\":\"ImageObject\",\"inLanguage\":\"ca\",\"@id\":\"https:\/\/www.clinicarotger.com\/ca\/preguntes-frequents-clinica-rotger-hospital-mallorca\/#primaryimage\",\"url\":\"https:\/\/www.clinicarotger.com\/wp-content\/uploads\/2019\/11\/Implantes-Capilares-Clinica-Rotger-Hospital-Mallorca-Equipo.jpg\",\"contentUrl\":\"https:\/\/www.clinicarotger.com\/wp-content\/uploads\/2019\/11\/Implantes-Capilares-Clinica-Rotger-Hospital-Mallorca-Equipo.jpg\",\"width\":1600,\"height\":791,\"caption\":\"Implantes-Capilares-Cl\u00ednica-Rotger-Hospital-Mallorca-Equipo\"},{\"@type\":\"BreadcrumbList\",\"@id\":\"https:\/\/www.clinicarotger.com\/ca\/preguntes-frequents-clinica-rotger-hospital-mallorca\/#breadcrumb\",\"itemListElement\":[{\"@type\":\"ListItem\",\"position\":1,\"name\":\"Inicio\",\"item\":\"https:\/\/www.clinicarotger.com\/ca\/\"},{\"@type\":\"ListItem\",\"position\":2,\"name\":\"Preguntes Freq\u00fcents\"}]},{\"@type\":\"WebSite\",\"@id\":\"https:\/\/www.clinicarotger.com\/ca\/#website\",\"url\":\"https:\/\/www.clinicarotger.com\/ca\/\",\"name\":\"Cl\u00ednica Rotger\",\"description\":\"Hospital Mallorca\",\"publisher\":{\"@id\":\"https:\/\/www.clinicarotger.com\/ca\/#organization\"},\"potentialAction\":[{\"@type\":\"SearchAction\",\"target\":{\"@type\":\"EntryPoint\",\"urlTemplate\":\"https:\/\/www.clinicarotger.com\/ca\/?s={search_term_string}\"},\"query-input\":{\"@type\":\"PropertyValueSpecification\",\"valueRequired\":true,\"valueName\":\"search_term_string\"}}],\"inLanguage\":\"ca\"},{\"@type\":\"Organization\",\"@id\":\"https:\/\/www.clinicarotger.com\/ca\/#organization\",\"name\":\"Cl\u00ednica Rotger\",\"url\":\"https:\/\/www.clinicarotger.com\/ca\/\",\"logo\":{\"@type\":\"ImageObject\",\"inLanguage\":\"ca\",\"@id\":\"https:\/\/www.clinicarotger.com\/ca\/#\/schema\/logo\/image\/\",\"url\":\"https:\/\/www.clinicarotger.com\/wp-content\/uploads\/2019\/11\/clinica-rotger-logo-top.png\",\"contentUrl\":\"https:\/\/www.clinicarotger.com\/wp-content\/uploads\/2019\/11\/clinica-rotger-logo-top.png\",\"width\":324,\"height\":104,\"caption\":\"Cl\u00ednica Rotger\"},\"image\":{\"@id\":\"https:\/\/www.clinicarotger.com\/ca\/#\/schema\/logo\/image\/\"},\"sameAs\":[\"https:\/\/www.facebook.com\/clinica.rotger\/\",\"https:\/\/x.com\/clinicarotger\",\"https:\/\/twitter.com\/clinicarotger\",\"https:\/\/www.instagram.com\/quironsalud\/\",\"https:\/\/www.youtube.com\/channel\/UC1Xp5xg-r2Au-kQdIorviwg\"]}]}<\/script>\n<!-- \/ Yoast SEO plugin. -->","yoast_head_json":{"title":"Preguntes Freq\u00fcents| Cl\u00ednica Rotger Quir\u00f3nsalud - Hospital Mallorca","description":"Preguntes Freq\u00fcents: On es la cl\u00ednica?, Ocupa la totalitat d'un edifici hist\u00f2ric al centre de Palma, amb entrades per Via Roma 3...","robots":{"index":"index","follow":"follow","max-snippet":"max-snippet:-1","max-image-preview":"max-image-preview:large","max-video-preview":"max-video-preview:-1"},"canonical":"https:\/\/www.clinicarotger.com\/ca\/preguntes-frequents-clinica-rotger-hospital-mallorca\/","og_locale":"ca_ES","og_type":"article","og_title":"Preguntes Freq\u00fcents| Cl\u00ednica Rotger Quir\u00f3nsalud - Hospital Mallorca","og_description":"Preguntes Freq\u00fcents: On es la cl\u00ednica?, Ocupa la totalitat d'un edifici hist\u00f2ric al centre de Palma, amb entrades per Via Roma 3...","og_url":"https:\/\/www.clinicarotger.com\/ca\/preguntes-frequents-clinica-rotger-hospital-mallorca\/","og_site_name":"Cl\u00ednica Rotger","article_publisher":"https:\/\/www.facebook.com\/clinica.rotger\/","article_modified_time":"2021-07-23T09:13:29+00:00","og_image":[{"width":1600,"height":791,"url":"https:\/\/www.clinicarotger.com\/wp-content\/uploads\/2019\/11\/Implantes-Capilares-Clinica-Rotger-Hospital-Mallorca-Equipo.jpg","type":"image\/jpeg"}],"twitter_card":"summary_large_image","twitter_site":"@clinicarotger","twitter_misc":{"Temps estimat de lectura":"4 minuts"},"schema":{"@context":"https:\/\/schema.org","@graph":[{"@type":"WebPage","@id":"https:\/\/www.clinicarotger.com\/ca\/preguntes-frequents-clinica-rotger-hospital-mallorca\/","url":"https:\/\/www.clinicarotger.com\/ca\/preguntes-frequents-clinica-rotger-hospital-mallorca\/","name":"Preguntes Freq\u00fcents| Cl\u00ednica Rotger Quir\u00f3nsalud - Hospital Mallorca","isPartOf":{"@id":"https:\/\/www.clinicarotger.com\/ca\/#website"},"primaryImageOfPage":{"@id":"https:\/\/www.clinicarotger.com\/ca\/preguntes-frequents-clinica-rotger-hospital-mallorca\/#primaryimage"},"image":{"@id":"https:\/\/www.clinicarotger.com\/ca\/preguntes-frequents-clinica-rotger-hospital-mallorca\/#primaryimage"},"thumbnailUrl":"https:\/\/www.clinicarotger.com\/wp-content\/uploads\/2019\/11\/Implantes-Capilares-Clinica-Rotger-Hospital-Mallorca-Equipo.jpg","datePublished":"2019-11-12T16:18:28+00:00","dateModified":"2021-07-23T09:13:29+00:00","description":"Preguntes Freq\u00fcents: On es la cl\u00ednica?, Ocupa la totalitat d'un edifici hist\u00f2ric al centre de Palma, amb entrades per Via Roma 3...","breadcrumb":{"@id":"https:\/\/www.clinicarotger.com\/ca\/preguntes-frequents-clinica-rotger-hospital-mallorca\/#breadcrumb"},"inLanguage":"ca","potentialAction":[{"@type":"ReadAction","target":["https:\/\/www.clinicarotger.com\/ca\/preguntes-frequents-clinica-rotger-hospital-mallorca\/"]}]},{"@type":"ImageObject","inLanguage":"ca","@id":"https:\/\/www.clinicarotger.com\/ca\/preguntes-frequents-clinica-rotger-hospital-mallorca\/#primaryimage","url":"https:\/\/www.clinicarotger.com\/wp-content\/uploads\/2019\/11\/Implantes-Capilares-Clinica-Rotger-Hospital-Mallorca-Equipo.jpg","contentUrl":"https:\/\/www.clinicarotger.com\/wp-content\/uploads\/2019\/11\/Implantes-Capilares-Clinica-Rotger-Hospital-Mallorca-Equipo.jpg","width":1600,"height":791,"caption":"Implantes-Capilares-Cl\u00ednica-Rotger-Hospital-Mallorca-Equipo"},{"@type":"BreadcrumbList","@id":"https:\/\/www.clinicarotger.com\/ca\/preguntes-frequents-clinica-rotger-hospital-mallorca\/#breadcrumb","itemListElement":[{"@type":"ListItem","position":1,"name":"Inicio","item":"https:\/\/www.clinicarotger.com\/ca\/"},{"@type":"ListItem","position":2,"name":"Preguntes Freq\u00fcents"}]},{"@type":"WebSite","@id":"https:\/\/www.clinicarotger.com\/ca\/#website","url":"https:\/\/www.clinicarotger.com\/ca\/","name":"Cl\u00ednica Rotger","description":"Hospital Mallorca","publisher":{"@id":"https:\/\/www.clinicarotger.com\/ca\/#organization"},"potentialAction":[{"@type":"SearchAction","target":{"@type":"EntryPoint","urlTemplate":"https:\/\/www.clinicarotger.com\/ca\/?s={search_term_string}"},"query-input":{"@type":"PropertyValueSpecification","valueRequired":true,"valueName":"search_term_string"}}],"inLanguage":"ca"},{"@type":"Organization","@id":"https:\/\/www.clinicarotger.com\/ca\/#organization","name":"Cl\u00ednica Rotger","url":"https:\/\/www.clinicarotger.com\/ca\/","logo":{"@type":"ImageObject","inLanguage":"ca","@id":"https:\/\/www.clinicarotger.com\/ca\/#\/schema\/logo\/image\/","url":"https:\/\/www.clinicarotger.com\/wp-content\/uploads\/2019\/11\/clinica-rotger-logo-top.png","contentUrl":"https:\/\/www.clinicarotger.com\/wp-content\/uploads\/2019\/11\/clinica-rotger-logo-top.png","width":324,"height":104,"caption":"Cl\u00ednica Rotger"},"image":{"@id":"https:\/\/www.clinicarotger.com\/ca\/#\/schema\/logo\/image\/"},"sameAs":["https:\/\/www.facebook.com\/clinica.rotger\/","https:\/\/x.com\/clinicarotger","https:\/\/twitter.com\/clinicarotger","https:\/\/www.instagram.com\/quironsalud\/","https:\/\/www.youtube.com\/channel\/UC1Xp5xg-r2Au-kQdIorviwg"]}]}},"_links":{"self":[{"href":"https:\/\/www.clinicarotger.com\/ca\/wp-json\/wp\/v2\/pages\/11564","targetHints":{"allow":["GET"]}}],"collection":[{"href":"https:\/\/www.clinicarotger.com\/ca\/wp-json\/wp\/v2\/pages"}],"about":[{"href":"https:\/\/www.clinicarotger.com\/ca\/wp-json\/wp\/v2\/types\/page"}],"author":[{"embeddable":true,"href":"https:\/\/www.clinicarotger.com\/ca\/wp-json\/wp\/v2\/users\/1"}],"replies":[{"embeddable":true,"href":"https:\/\/www.clinicarotger.com\/ca\/wp-json\/wp\/v2\/comments?post=11564"}],"version-history":[{"count":41,"href":"https:\/\/www.clinicarotger.com\/ca\/wp-json\/wp\/v2\/pages\/11564\/revisions"}],"predecessor-version":[{"id":16563,"href":"https:\/\/www.clinicarotger.com\/ca\/wp-json\/wp\/v2\/pages\/11564\/revisions\/16563"}],"wp:featuredmedia":[{"embeddable":true,"href":"https:\/\/www.clinicarotger.com\/ca\/wp-json\/wp\/v2\/media\/2902"}],"wp:attachment":[{"href":"https:\/\/www.clinicarotger.com\/ca\/wp-json\/wp\/v2\/media?parent=11564"}],"curies":[{"name":"wp","href":"https:\/\/api.w.org\/{rel}","templated":true}]}}