{"id":11557,"date":"2020-01-08T12:05:18","date_gmt":"2020-01-08T11:05:18","guid":{"rendered":"https:\/\/www.clinicarotger.com\/politica-de-cookies-clinica-rotger-quironsalud-hospital-mallorca\/"},"modified":"2020-09-09T14:48:55","modified_gmt":"2020-09-09T12:48:55","slug":"politica-de-cookies-clinica-rotger-quironsalud-hospital-mallorca","status":"publish","type":"page","link":"https:\/\/www.clinicarotger.com\/ca\/politica-de-cookies-clinica-rotger-quironsalud-hospital-mallorca\/","title":{"rendered":"Pol\u00edtica de Cookies"},"content":{"rendered":"\t\t<div data-elementor-type=\"wp-page\" data-elementor-id=\"11557\" class=\"elementor elementor-11557 elementor-6050\">\n\t\t\t\t\t\t<section class=\"elementor-section elementor-top-section elementor-element elementor-element-3f3740e elementor-section-boxed elementor-section-height-default elementor-section-height-default\" data-id=\"3f3740e\" data-element_type=\"section\" data-e-type=\"section\">\n\t\t\t\t\t\t<div class=\"elementor-container elementor-column-gap-default\">\n\t\t\t\t\t<div class=\"elementor-column elementor-col-100 elementor-top-column elementor-element elementor-element-51614ba\" data-id=\"51614ba\" data-element_type=\"column\" data-e-type=\"column\">\n\t\t\t<div class=\"elementor-widget-wrap elementor-element-populated\">\n\t\t\t\t\t\t<div class=\"elementor-element elementor-element-6ddd115 elementor-widget elementor-widget-spacer\" data-id=\"6ddd115\" data-element_type=\"widget\" data-e-type=\"widget\" data-widget_type=\"spacer.default\">\n\t\t\t\t<div class=\"elementor-widget-container\">\n\t\t\t\t\t\t\t<div class=\"elementor-spacer\">\n\t\t\t<div class=\"elementor-spacer-inner\"><\/div>\n\t\t<\/div>\n\t\t\t\t\t\t<\/div>\n\t\t\t\t<\/div>\n\t\t\t\t<div class=\"elementor-element elementor-element-a40f05a elementor-widget elementor-widget-text-editor\" data-id=\"a40f05a\" data-element_type=\"widget\" data-e-type=\"widget\" data-widget_type=\"text-editor.default\">\n\t\t\t\t<div class=\"elementor-widget-container\">\n\t\t\t\t\t\t\t\t\t<p class=\"cmParagraph\" style=\"text-align: justify;\"><strong>El Grupo Hospitalario Quir\u00f3nsalud le informa acerca del uso de las cookies en sus p\u00e1ginas web.<\/strong><\/p><p class=\"cmParagraph\" style=\"text-align: justify;\">Las cookies son archivos que se pueden descargar en su equipo a trav\u00e9s de las p\u00e1ginas web. Son herramientas que tienen un papel esencial para la prestaci\u00f3n de numerosos servicios de la sociedad de la informaci\u00f3n. Entre otros, permiten a una p\u00e1gina web almacenar y recuperar informaci\u00f3n sobre los h\u00e1bitos de navegaci\u00f3n de un usuario o de su equipo y, dependiendo de la informaci\u00f3n obtenida, se pueden utilizar para reconocer al usuario y mejorar el servicio ofrecido.<\/p><p class=\"cmParagraph\" style=\"text-align: justify;\"><strong>Tipos de cookies<\/strong><\/p><p class=\"cmParagraph\" style=\"text-align: justify;\">Seg\u00fan quien sea la entidad que gestione el dominio desde donde se env\u00edan las cookies y trate los datos que se obtengan se pueden distinguir:<\/p><ul style=\"text-align: justify;\"><li><strong>Cookies propias:\u00a0<\/strong>Son aqu\u00e9llas que se env\u00edan al equipo terminal del usuario desde un equipo o dominio gestionado por el propio editor y desde el que se presta el servicio solicitado por el usuario.<\/li><li><strong>Cookies de terceros:\u00a0<\/strong>Son aqu\u00e9llas que se env\u00edan al equipo terminal del usuario desde un equipo o dominio que no es gestionado por el editor, sino por otra entidad que trata los datos obtenidos trav\u00e9s de las cookies.<\/li><\/ul><p class=\"cmParagraph\" style=\"text-align: justify;\">Seg\u00fan el plazo de tiempo que permanecen activadas en el equipo terminal podemos distinguir:<\/p><ul style=\"text-align: justify;\"><li><strong>Cookies de sesi\u00f3n:<\/strong>\u00a0Son un tipo de cookies dise\u00f1adas para recabar y almacenar datos mientras el usuario accede a una P\u00e1gina Web. Se suelen emplear para almacenar informaci\u00f3n que solo interesa conservar para la prestaci\u00f3n del servicio solicitado por el usuario en una sola ocasi\u00f3n y caducan al cerrar sesi\u00f3n o cerrar el navegador.<\/li><li><strong>Cookies persistentes:<\/strong>\u00a0Son un tipo de cookies en el que los datos siguen almacenados en el terminal para que sean accedidos y utilizados en m\u00e1s de una sesi\u00f3n. Pueden ser accedidos y tratados durante un periodo definido por el responsable de la cookie, y que puede ir de unos minutos a varios a\u00f1os.<\/li><\/ul><p class=\"cmParagraph\" style=\"text-align: justify;\">Seg\u00fan la finalidad para la que se traten los datos obtenidos a trav\u00e9s de las cookies, estas pueden ser:<\/p><ul style=\"text-align: justify;\"><li><strong>Cookies t\u00e9cnicas:<\/strong>\u00a0Son aqu\u00e9llas que permiten al usuario la navegaci\u00f3n a trav\u00e9s de una P\u00e1gina Web, plataforma o P\u00e1gina Web y la utilizaci\u00f3n de las diferentes opciones o servicios que en ella existan como, por ejemplo, controlar el tr\u00e1fico y la comunicaci\u00f3n de datos, identificar la sesi\u00f3n, acceder a partes de acceso restringido.<\/li><li><strong>Cookies de personalizaci\u00f3n:<\/strong>\u00a0Son aqu\u00e9llas que permiten al usuario acceder al servicio con algunas caracter\u00edsticas de car\u00e1cter general predefinidas en funci\u00f3n de una serie de criterios en el terminal del usuario como por ejemplo serian el idioma, el tipo de navegador.<\/li><li><strong>Cookies de an\u00e1lisis:<\/strong>\u00a0Son aqu\u00e9llas que permiten al responsable de las mismas, el seguimiento y an\u00e1lisis del comportamiento de los usuarios a los que est\u00e1n vinculadas. La informaci\u00f3n recogida mediante este tipo de cookies se utiliza en la medici\u00f3n de la actividad de los sitios web, P\u00e1gina Web o plataforma y para la elaboraci\u00f3n de perfiles de navegaci\u00f3n de los usuarios.<\/li><li><strong>Cookies publicitarias:<\/strong>\u00a0Son aqu\u00e9llas que permiten la gesti\u00f3n, de la forma m\u00e1s eficaz posible, de los espacios publicitarios.<\/li><li><strong>Cookies de publicidad comportamental:<\/strong>\u00a0Estas cookies almacenan informaci\u00f3n del comportamiento de los usuarios obtenida a trav\u00e9s de la observaci\u00f3n continuada de sus h\u00e1bitos de navegaci\u00f3n, lo que permite desarrollar un perfil espec\u00edfico para mostrar publicidad en funci\u00f3n del mismo.<\/li><\/ul><p class=\"cmParagraph\" style=\"text-align: justify;\">Para m\u00e1s informaci\u00f3n a este respecto puede consultar la\u00a0<a title=\"Este enlace se abrir\u00e1 en una ventana nueva\" href=\"http:\/\/www.agpd.es\/portalwebAGPD\/canaldocumentacion\/publicaciones\/common\/Guias\/Guia_Cookies.pdf\" target=\"_blank\" rel=\"noopener\">Gu\u00eda sobre el uso de las cookies de la Agencia Espa\u00f1ola de Protecci\u00f3n de Datos\u00a0<img decoding=\"async\" class=\"cmPopupIcon\" src=\"https:\/\/www.quironsalud.es\/idcsalud-client\/imagenes\/popup\/popup_external_small.gif\" alt=\"Este enlace se abrir\u00e1 en una ventana nueva\" \/><\/a><\/p><p class=\"cmParagraph\" style=\"text-align: justify;\"><strong>Cookies utilizadas en la web<\/strong><\/p><p class=\"cmParagraph\" style=\"text-align: justify;\">A continuaci\u00f3n se identifican las cookies que est\u00e1n siendo utilizadas en este portal as\u00ed como su tipolog\u00eda y funci\u00f3n:<\/p><p class=\"cmParagraph\" style=\"text-align: justify;\">Las p\u00e1ginas web del Grupo Hospitalario Quir\u00f3nsalud utiliza\u00a0<strong>Google Analytics\u00a0<\/strong>, un servicio de an\u00e1lisis de accesos web desarrollada por Google, que permite la medici\u00f3n y an\u00e1lisis de la navegaci\u00f3n en las p\u00e1ginas web. Seg\u00fan la tipolog\u00eda anterior se trata de cookies propias, de sesi\u00f3n y de an\u00e1lisis. Puede encontrar m\u00e1s informaci\u00f3n al respecto e inhabilitar el uso de estas cookies\u00a0<a title=\"Este enlace se abrir\u00e1 en una ventana nueva\" href=\"http:\/\/www.google.es\/intl\/es\/analytics\/privacyoverview.html\" target=\"_blank\" rel=\"noopener\">www.google.es\/intl\/es\/analytics\/privacyoverview.html\u00a0<img decoding=\"async\" class=\"cmPopupIcon\" src=\"https:\/\/www.quironsalud.es\/idcsalud-client\/imagenes\/popup\/popup_external_small.gif\" alt=\"Este enlace se abrir\u00e1 en una ventana nueva\" \/><\/a>.<\/p><p class=\"cmParagraph\" style=\"text-align: justify;\">A trav\u00e9s de la anal\u00edtica web se obtiene informaci\u00f3n relativa al n\u00famero de usuarios que acceden a la web, el n\u00famero de p\u00e1ginas vistas, la frecuencia y repetici\u00f3n de las visitas, su duraci\u00f3n, el navegador utilizado, el operador que presta el servicio, el idioma, el terminal que utiliza, o la ciudad a la que est\u00e1 asignada su direcci\u00f3n IP. Informaci\u00f3n que posibilita un mejor y m\u00e1s apropiado servicio por parte de este portal.<\/p><p class=\"cmParagraph\" style=\"text-align: justify;\">El portal del Grupo Hospitalario Quir\u00f3nsalud usa adem\u00e1s una cookie propia de identificaci\u00f3n de sesi\u00f3n que se utiliza para el mantenimiento de la sesi\u00f3n de usuario en el navegador. Se trata de una cookie exceptuada y t\u00e9cnica utilizada para garantizar el correcto funcionamiento de la p\u00e1gina.<\/p><p class=\"cmParagraph\" style=\"text-align: justify;\"><strong>C\u00f3mo modificar la configuraci\u00f3n de las cookies<\/strong><\/p><p class=\"cmParagraph\" style=\"text-align: justify;\">Usted puede restringir, bloquear o borrar las cookies de quir\u00f3nsalud o cualquier otra p\u00e1gina web, utilizando su navegador. En cada navegador la operativa es diferente, la funci\u00f3n de &#8216;Ayuda&#8217; le mostrar\u00e1 c\u00f3mo hacerlo.<\/p><ul style=\"text-align: justify;\"><li><strong>Internet Explorer:\u00a0<\/strong><a title=\"Este enlace se abrir\u00e1 en una ventana nueva\" href=\"http:\/\/windows.microsoft.com\/es-xl\/internet-explorer\/delete-manage-cookies#ie=ie-10\" target=\"_blank\" rel=\"noopener\">windows.microsoft.com\/es-xl\/internet-explorer\/delete-manage-cookies#ie=ie-10\u00a0<img decoding=\"async\" class=\"cmPopupIcon\" src=\"https:\/\/www.quironsalud.es\/idcsalud-client\/imagenes\/popup\/popup_external_small.gif\" alt=\"Este enlace se abrir\u00e1 en una ventana nueva\" \/><\/a><\/li><li><strong>FireFox:\u00a0<\/strong><a title=\"Este enlace se abrir\u00e1 en una ventana nueva\" href=\"https:\/\/support.mozilla.org\/es\/kb\/Borrar%20cookies\" target=\"_blank\" rel=\"noopener\">support.mozilla.org\/es\/kb\/Borrar%20cookies\u00a0<img decoding=\"async\" class=\"cmPopupIcon\" src=\"https:\/\/www.quironsalud.es\/idcsalud-client\/imagenes\/popup\/popup_external_small.gif\" alt=\"Este enlace se abrir\u00e1 en una ventana nueva\" \/><\/a><\/li><li><strong>Chrome:\u00a0<\/strong><a title=\"Este enlace se abrir\u00e1 en una ventana nueva\" href=\"https:\/\/support.google.com\/chrome\/answer\/95647?hl=es\" target=\"_blank\" rel=\"noopener\">support.google.com\/chrome\/answer\/95647?hl=es\u00a0<img decoding=\"async\" class=\"cmPopupIcon\" src=\"https:\/\/www.quironsalud.es\/idcsalud-client\/imagenes\/popup\/popup_external_small.gif\" alt=\"Este enlace se abrir\u00e1 en una ventana nueva\" \/><\/a><\/li><li><strong>Safari:\u00a0<\/strong><a title=\"Este enlace se abrir\u00e1 en una ventana nueva\" href=\"http:\/\/www.apple.com\/es\/privacy\/use-of-cookies\/\" target=\"_blank\" rel=\"noopener\">www.apple.com\/es\/privacy\/use-of-cookies\/\u00a0<img decoding=\"async\" class=\"cmPopupIcon\" src=\"https:\/\/www.quironsalud.es\/idcsalud-client\/imagenes\/popup\/popup_external_small.gif\" alt=\"Este enlace se abrir\u00e1 en una ventana nueva\" \/><\/a><\/li><\/ul><p class=\"cmParagraph\" style=\"text-align: justify;\">Adem\u00e1s, tambi\u00e9n puede gestionar el almac\u00e9n de cookies en su navegador a trav\u00e9s de herramientas como las siguientes:<\/p><ul><li style=\"text-align: justify;\">Ghostery:\u00a0<a title=\"Este enlace se abrir\u00e1 en una ventana nueva\" href=\"http:\/\/www.ghostery.com\/\" target=\"_blank\" rel=\"noopener\">www.ghostery.com\/\u00a0<img decoding=\"async\" class=\"cmPopupIcon\" src=\"https:\/\/www.quironsalud.es\/idcsalud-client\/imagenes\/popup\/popup_external_small.gif\" alt=\"Este enlace se abrir\u00e1 en una ventana nueva\" \/><\/a><\/li><li style=\"text-align: justify;\">Your online choices:\u00a0<a title=\"Este enlace se abrir\u00e1 en una ventana nueva\" href=\"http:\/\/www.youronlinechoices.com\/es\/\" target=\"_blank\" rel=\"noopener\">www.youronlinechoices.com\/es\/\u00a0<img decoding=\"async\" class=\"cmPopupIcon\" src=\"https:\/\/www.quironsalud.es\/idcsalud-client\/imagenes\/popup\/popup_external_small.gif\" alt=\"Este enlace se abrir\u00e1 en una ventana nueva\" \/><\/a><\/li><\/ul>\t\t\t\t\t\t\t\t<\/div>\n\t\t\t\t<\/div>\n\t\t\t\t\t<\/div>\n\t\t<\/div>\n\t\t\t\t\t<\/div>\n\t\t<\/section>\n\t\t\t\t<\/div>\n\t\t","protected":false},"excerpt":{"rendered":"<p>El Grupo Hospitalario Quir\u00f3nsalud le informa acerca del uso de las cookies en sus p\u00e1ginas web. Las cookies son archivos que se pueden descargar en su equipo a trav\u00e9s de las p\u00e1ginas web. Son herramientas que tienen un papel esencial para la prestaci\u00f3n de numerosos servicios de la sociedad de la informaci\u00f3n. Entre otros, permiten&#8230;<\/p>\n","protected":false},"author":2,"featured_media":0,"parent":0,"menu_order":0,"comment_status":"closed","ping_status":"closed","template":"","meta":{"_price":"","_stock":"","_tribe_ticket_header":"","_tribe_default_ticket_provider":"","_tribe_ticket_capacity":"0","_ticket_start_date":"","_ticket_end_date":"","_tribe_ticket_show_description":"","_tribe_ticket_show_not_going":false,"_tribe_ticket_use_global_stock":"","_tribe_ticket_global_stock_level":"","_global_stock_mode":"","_global_stock_cap":"","_tribe_rsvp_for_event":"","_tribe_ticket_going_count":"","_tribe_ticket_not_going_count":"","_tribe_tickets_list":"[]","_tribe_ticket_has_attendee_info_fields":false,"footnotes":""},"class_list":["post-11557","page","type-page","status-publish","hentry"],"yoast_head":"<!-- This site is optimized with the Yoast SEO plugin v26.8 - https:\/\/yoast.com\/product\/yoast-seo-wordpress\/ -->\n<title>Pol\u00edtica de Cookies | Cl\u00ednica Rotger - Hospital Mallorca<\/title>\n<meta name=\"description\" content=\"Pol\u00edtica de Cookies: El Grup Hospitalari Quir\u00f3nsalud l&#039;informa sobre l&#039;\u00fas de les cookies en les seves p\u00e0gines web. Les cookies s\u00f3n arxius...\" \/>\n<meta name=\"robots\" content=\"index, follow, max-snippet:-1, max-image-preview:large, max-video-preview:-1\" \/>\n<link rel=\"canonical\" href=\"https:\/\/www.clinicarotger.com\/ca\/politica-de-cookies-clinica-rotger-quironsalud-hospital-mallorca\/\" \/>\n<meta property=\"og:locale\" content=\"ca_ES\" \/>\n<meta property=\"og:type\" content=\"article\" \/>\n<meta property=\"og:title\" content=\"Pol\u00edtica de Cookies | Cl\u00ednica Rotger - Hospital Mallorca\" \/>\n<meta property=\"og:description\" content=\"Pol\u00edtica de Cookies: El Grup Hospitalari Quir\u00f3nsalud l&#039;informa sobre l&#039;\u00fas de les cookies en les seves p\u00e0gines web. Les cookies s\u00f3n arxius...\" \/>\n<meta property=\"og:url\" content=\"https:\/\/www.clinicarotger.com\/ca\/politica-de-cookies-clinica-rotger-quironsalud-hospital-mallorca\/\" \/>\n<meta property=\"og:site_name\" content=\"Cl\u00ednica Rotger\" \/>\n<meta property=\"article:publisher\" content=\"https:\/\/www.facebook.com\/clinica.rotger\/\" \/>\n<meta property=\"article:modified_time\" content=\"2020-09-09T12:48:55+00:00\" \/>\n<meta property=\"og:image\" content=\"https:\/\/www.quironsalud.es\/idcsalud-client\/imagenes\/popup\/popup_external_small.gif\" \/>\n<meta name=\"twitter:card\" content=\"summary_large_image\" \/>\n<meta name=\"twitter:site\" content=\"@clinicarotger\" \/>\n<meta name=\"twitter:label1\" content=\"Temps estimat de lectura\" \/>\n\t<meta name=\"twitter:data1\" content=\"5 minuts\" \/>\n<script type=\"application\/ld+json\" class=\"yoast-schema-graph\">{\"@context\":\"https:\/\/schema.org\",\"@graph\":[{\"@type\":\"WebPage\",\"@id\":\"https:\/\/www.clinicarotger.com\/ca\/politica-de-cookies-clinica-rotger-quironsalud-hospital-mallorca\/\",\"url\":\"https:\/\/www.clinicarotger.com\/ca\/politica-de-cookies-clinica-rotger-quironsalud-hospital-mallorca\/\",\"name\":\"Pol\u00edtica de Cookies | Cl\u00ednica Rotger - Hospital Mallorca\",\"isPartOf\":{\"@id\":\"https:\/\/www.clinicarotger.com\/ca\/#website\"},\"primaryImageOfPage\":{\"@id\":\"https:\/\/www.clinicarotger.com\/ca\/politica-de-cookies-clinica-rotger-quironsalud-hospital-mallorca\/#primaryimage\"},\"image\":{\"@id\":\"https:\/\/www.clinicarotger.com\/ca\/politica-de-cookies-clinica-rotger-quironsalud-hospital-mallorca\/#primaryimage\"},\"thumbnailUrl\":\"https:\/\/www.quironsalud.es\/idcsalud-client\/imagenes\/popup\/popup_external_small.gif\",\"datePublished\":\"2020-01-08T11:05:18+00:00\",\"dateModified\":\"2020-09-09T12:48:55+00:00\",\"description\":\"Pol\u00edtica de Cookies: El Grup Hospitalari Quir\u00f3nsalud l'informa sobre l'\u00fas de les cookies en les seves p\u00e0gines web. Les cookies s\u00f3n arxius...\",\"breadcrumb\":{\"@id\":\"https:\/\/www.clinicarotger.com\/ca\/politica-de-cookies-clinica-rotger-quironsalud-hospital-mallorca\/#breadcrumb\"},\"inLanguage\":\"ca\",\"potentialAction\":[{\"@type\":\"ReadAction\",\"target\":[\"https:\/\/www.clinicarotger.com\/ca\/politica-de-cookies-clinica-rotger-quironsalud-hospital-mallorca\/\"]}]},{\"@type\":\"ImageObject\",\"inLanguage\":\"ca\",\"@id\":\"https:\/\/www.clinicarotger.com\/ca\/politica-de-cookies-clinica-rotger-quironsalud-hospital-mallorca\/#primaryimage\",\"url\":\"https:\/\/www.quironsalud.es\/idcsalud-client\/imagenes\/popup\/popup_external_small.gif\",\"contentUrl\":\"https:\/\/www.quironsalud.es\/idcsalud-client\/imagenes\/popup\/popup_external_small.gif\"},{\"@type\":\"BreadcrumbList\",\"@id\":\"https:\/\/www.clinicarotger.com\/ca\/politica-de-cookies-clinica-rotger-quironsalud-hospital-mallorca\/#breadcrumb\",\"itemListElement\":[{\"@type\":\"ListItem\",\"position\":1,\"name\":\"Inicio\",\"item\":\"https:\/\/www.clinicarotger.com\/ca\/\"},{\"@type\":\"ListItem\",\"position\":2,\"name\":\"Pol\u00edtica de Cookies\"}]},{\"@type\":\"WebSite\",\"@id\":\"https:\/\/www.clinicarotger.com\/ca\/#website\",\"url\":\"https:\/\/www.clinicarotger.com\/ca\/\",\"name\":\"Cl\u00ednica Rotger\",\"description\":\"Hospital Mallorca\",\"publisher\":{\"@id\":\"https:\/\/www.clinicarotger.com\/ca\/#organization\"},\"potentialAction\":[{\"@type\":\"SearchAction\",\"target\":{\"@type\":\"EntryPoint\",\"urlTemplate\":\"https:\/\/www.clinicarotger.com\/ca\/?s={search_term_string}\"},\"query-input\":{\"@type\":\"PropertyValueSpecification\",\"valueRequired\":true,\"valueName\":\"search_term_string\"}}],\"inLanguage\":\"ca\"},{\"@type\":\"Organization\",\"@id\":\"https:\/\/www.clinicarotger.com\/ca\/#organization\",\"name\":\"Cl\u00ednica Rotger\",\"url\":\"https:\/\/www.clinicarotger.com\/ca\/\",\"logo\":{\"@type\":\"ImageObject\",\"inLanguage\":\"ca\",\"@id\":\"https:\/\/www.clinicarotger.com\/ca\/#\/schema\/logo\/image\/\",\"url\":\"https:\/\/www.clinicarotger.com\/wp-content\/uploads\/2019\/11\/clinica-rotger-logo-top.png\",\"contentUrl\":\"https:\/\/www.clinicarotger.com\/wp-content\/uploads\/2019\/11\/clinica-rotger-logo-top.png\",\"width\":324,\"height\":104,\"caption\":\"Cl\u00ednica Rotger\"},\"image\":{\"@id\":\"https:\/\/www.clinicarotger.com\/ca\/#\/schema\/logo\/image\/\"},\"sameAs\":[\"https:\/\/www.facebook.com\/clinica.rotger\/\",\"https:\/\/x.com\/clinicarotger\",\"https:\/\/twitter.com\/clinicarotger\",\"https:\/\/www.instagram.com\/quironsalud\/\",\"https:\/\/www.youtube.com\/channel\/UC1Xp5xg-r2Au-kQdIorviwg\"]}]}<\/script>\n<!-- \/ Yoast SEO plugin. -->","yoast_head_json":{"title":"Pol\u00edtica de Cookies | Cl\u00ednica Rotger - Hospital Mallorca","description":"Pol\u00edtica de Cookies: El Grup Hospitalari Quir\u00f3nsalud l'informa sobre l'\u00fas de les cookies en les seves p\u00e0gines web. Les cookies s\u00f3n arxius...","robots":{"index":"index","follow":"follow","max-snippet":"max-snippet:-1","max-image-preview":"max-image-preview:large","max-video-preview":"max-video-preview:-1"},"canonical":"https:\/\/www.clinicarotger.com\/ca\/politica-de-cookies-clinica-rotger-quironsalud-hospital-mallorca\/","og_locale":"ca_ES","og_type":"article","og_title":"Pol\u00edtica de Cookies | Cl\u00ednica Rotger - Hospital Mallorca","og_description":"Pol\u00edtica de Cookies: El Grup Hospitalari Quir\u00f3nsalud l'informa sobre l'\u00fas de les cookies en les seves p\u00e0gines web. Les cookies s\u00f3n arxius...","og_url":"https:\/\/www.clinicarotger.com\/ca\/politica-de-cookies-clinica-rotger-quironsalud-hospital-mallorca\/","og_site_name":"Cl\u00ednica Rotger","article_publisher":"https:\/\/www.facebook.com\/clinica.rotger\/","article_modified_time":"2020-09-09T12:48:55+00:00","og_image":[{"url":"https:\/\/www.quironsalud.es\/idcsalud-client\/imagenes\/popup\/popup_external_small.gif","type":"","width":"","height":""}],"twitter_card":"summary_large_image","twitter_site":"@clinicarotger","twitter_misc":{"Temps estimat de lectura":"5 minuts"},"schema":{"@context":"https:\/\/schema.org","@graph":[{"@type":"WebPage","@id":"https:\/\/www.clinicarotger.com\/ca\/politica-de-cookies-clinica-rotger-quironsalud-hospital-mallorca\/","url":"https:\/\/www.clinicarotger.com\/ca\/politica-de-cookies-clinica-rotger-quironsalud-hospital-mallorca\/","name":"Pol\u00edtica de Cookies | Cl\u00ednica Rotger - Hospital Mallorca","isPartOf":{"@id":"https:\/\/www.clinicarotger.com\/ca\/#website"},"primaryImageOfPage":{"@id":"https:\/\/www.clinicarotger.com\/ca\/politica-de-cookies-clinica-rotger-quironsalud-hospital-mallorca\/#primaryimage"},"image":{"@id":"https:\/\/www.clinicarotger.com\/ca\/politica-de-cookies-clinica-rotger-quironsalud-hospital-mallorca\/#primaryimage"},"thumbnailUrl":"https:\/\/www.quironsalud.es\/idcsalud-client\/imagenes\/popup\/popup_external_small.gif","datePublished":"2020-01-08T11:05:18+00:00","dateModified":"2020-09-09T12:48:55+00:00","description":"Pol\u00edtica de Cookies: El Grup Hospitalari Quir\u00f3nsalud l'informa sobre l'\u00fas de les cookies en les seves p\u00e0gines web. Les cookies s\u00f3n arxius...","breadcrumb":{"@id":"https:\/\/www.clinicarotger.com\/ca\/politica-de-cookies-clinica-rotger-quironsalud-hospital-mallorca\/#breadcrumb"},"inLanguage":"ca","potentialAction":[{"@type":"ReadAction","target":["https:\/\/www.clinicarotger.com\/ca\/politica-de-cookies-clinica-rotger-quironsalud-hospital-mallorca\/"]}]},{"@type":"ImageObject","inLanguage":"ca","@id":"https:\/\/www.clinicarotger.com\/ca\/politica-de-cookies-clinica-rotger-quironsalud-hospital-mallorca\/#primaryimage","url":"https:\/\/www.quironsalud.es\/idcsalud-client\/imagenes\/popup\/popup_external_small.gif","contentUrl":"https:\/\/www.quironsalud.es\/idcsalud-client\/imagenes\/popup\/popup_external_small.gif"},{"@type":"BreadcrumbList","@id":"https:\/\/www.clinicarotger.com\/ca\/politica-de-cookies-clinica-rotger-quironsalud-hospital-mallorca\/#breadcrumb","itemListElement":[{"@type":"ListItem","position":1,"name":"Inicio","item":"https:\/\/www.clinicarotger.com\/ca\/"},{"@type":"ListItem","position":2,"name":"Pol\u00edtica de Cookies"}]},{"@type":"WebSite","@id":"https:\/\/www.clinicarotger.com\/ca\/#website","url":"https:\/\/www.clinicarotger.com\/ca\/","name":"Cl\u00ednica Rotger","description":"Hospital Mallorca","publisher":{"@id":"https:\/\/www.clinicarotger.com\/ca\/#organization"},"potentialAction":[{"@type":"SearchAction","target":{"@type":"EntryPoint","urlTemplate":"https:\/\/www.clinicarotger.com\/ca\/?s={search_term_string}"},"query-input":{"@type":"PropertyValueSpecification","valueRequired":true,"valueName":"search_term_string"}}],"inLanguage":"ca"},{"@type":"Organization","@id":"https:\/\/www.clinicarotger.com\/ca\/#organization","name":"Cl\u00ednica Rotger","url":"https:\/\/www.clinicarotger.com\/ca\/","logo":{"@type":"ImageObject","inLanguage":"ca","@id":"https:\/\/www.clinicarotger.com\/ca\/#\/schema\/logo\/image\/","url":"https:\/\/www.clinicarotger.com\/wp-content\/uploads\/2019\/11\/clinica-rotger-logo-top.png","contentUrl":"https:\/\/www.clinicarotger.com\/wp-content\/uploads\/2019\/11\/clinica-rotger-logo-top.png","width":324,"height":104,"caption":"Cl\u00ednica Rotger"},"image":{"@id":"https:\/\/www.clinicarotger.com\/ca\/#\/schema\/logo\/image\/"},"sameAs":["https:\/\/www.facebook.com\/clinica.rotger\/","https:\/\/x.com\/clinicarotger","https:\/\/twitter.com\/clinicarotger","https:\/\/www.instagram.com\/quironsalud\/","https:\/\/www.youtube.com\/channel\/UC1Xp5xg-r2Au-kQdIorviwg"]}]}},"_links":{"self":[{"href":"https:\/\/www.clinicarotger.com\/ca\/wp-json\/wp\/v2\/pages\/11557","targetHints":{"allow":["GET"]}}],"collection":[{"href":"https:\/\/www.clinicarotger.com\/ca\/wp-json\/wp\/v2\/pages"}],"about":[{"href":"https:\/\/www.clinicarotger.com\/ca\/wp-json\/wp\/v2\/types\/page"}],"author":[{"embeddable":true,"href":"https:\/\/www.clinicarotger.com\/ca\/wp-json\/wp\/v2\/users\/2"}],"replies":[{"embeddable":true,"href":"https:\/\/www.clinicarotger.com\/ca\/wp-json\/wp\/v2\/comments?post=11557"}],"version-history":[{"count":1,"href":"https:\/\/www.clinicarotger.com\/ca\/wp-json\/wp\/v2\/pages\/11557\/revisions"}],"predecessor-version":[{"id":11558,"href":"https:\/\/www.clinicarotger.com\/ca\/wp-json\/wp\/v2\/pages\/11557\/revisions\/11558"}],"wp:attachment":[{"href":"https:\/\/www.clinicarotger.com\/ca\/wp-json\/wp\/v2\/media?parent=11557"}],"curies":[{"name":"wp","href":"https:\/\/api.w.org\/{rel}","templated":true}]}}