{"id":11548,"date":"2019-11-12T17:18:41","date_gmt":"2019-11-12T16:18:41","guid":{"rendered":"https:\/\/www.clinicarotger.com\/mapa-web\/"},"modified":"2022-10-26T18:01:32","modified_gmt":"2022-10-26T16:01:32","slug":"mapa-web-clinica-rotger-hospital-mallorca","status":"publish","type":"page","link":"https:\/\/www.clinicarotger.com\/ca\/mapa-web-clinica-rotger-hospital-mallorca\/","title":{"rendered":"Mapa Web"},"content":{"rendered":"","protected":false},"excerpt":{"rendered":"","protected":false},"author":1,"featured_media":0,"parent":0,"menu_order":0,"comment_status":"closed","ping_status":"closed","template":"page-sitemap.php","meta":{"_price":"","_stock":"","_tribe_ticket_header":"","_tribe_default_ticket_provider":"","_tribe_ticket_capacity":"0","_ticket_start_date":"","_ticket_end_date":"","_tribe_ticket_show_description":"","_tribe_ticket_show_not_going":false,"_tribe_ticket_use_global_stock":"","_tribe_ticket_global_stock_level":"","_global_stock_mode":"","_global_stock_cap":"","_tribe_rsvp_for_event":"","_tribe_ticket_going_count":"","_tribe_ticket_not_going_count":"","_tribe_tickets_list":"[]","_tribe_ticket_has_attendee_info_fields":false,"footnotes":""},"class_list":["post-11548","page","type-page","status-publish","hentry"],"yoast_head":"<!-- This site is optimized with the Yoast SEO plugin v26.8 - https:\/\/yoast.com\/product\/yoast-seo-wordpress\/ -->\n<title>Mapa Web | Cl\u00ednica Rotger - Hospital Mallorca<\/title>\n<meta name=\"description\" content=\"Mapa Web: Des de 1944 la Cl\u00ednica Rotger s&#039;ha caracteritzat per una assist\u00e8ncia sanit\u00e0ria molt professional juntament amb una acurada atenci\u00f3...\" \/>\n<meta name=\"robots\" content=\"index, follow, max-snippet:-1, max-image-preview:large, max-video-preview:-1\" \/>\n<link rel=\"canonical\" href=\"https:\/\/www.clinicarotger.com\/ca\/mapa-web-clinica-rotger-hospital-mallorca\/\" \/>\n<meta property=\"og:locale\" content=\"ca_ES\" \/>\n<meta property=\"og:type\" content=\"article\" \/>\n<meta property=\"og:title\" content=\"Mapa Web | Cl\u00ednica Rotger - Hospital Mallorca\" \/>\n<meta property=\"og:description\" content=\"Mapa Web: Des de 1944 la Cl\u00ednica Rotger s&#039;ha caracteritzat per una assist\u00e8ncia sanit\u00e0ria molt professional juntament amb una acurada atenci\u00f3...\" \/>\n<meta property=\"og:url\" content=\"https:\/\/www.clinicarotger.com\/ca\/mapa-web-clinica-rotger-hospital-mallorca\/\" \/>\n<meta property=\"og:site_name\" content=\"Cl\u00ednica Rotger\" \/>\n<meta property=\"article:publisher\" content=\"https:\/\/www.facebook.com\/clinica.rotger\/\" \/>\n<meta property=\"article:modified_time\" content=\"2022-10-26T16:01:32+00:00\" \/>\n<meta property=\"og:image\" content=\"https:\/\/www.clinicarotger.com\/wp-content\/uploads\/2020\/05\/Applus-Certification-Hospital-Seguro-Covid-Clinica-Rotger-Quironsalud.jpg\" \/>\n\t<meta property=\"og:image:width\" content=\"1600\" \/>\n\t<meta property=\"og:image:height\" content=\"500\" \/>\n\t<meta property=\"og:image:type\" content=\"image\/jpeg\" \/>\n<meta name=\"twitter:card\" content=\"summary_large_image\" \/>\n<meta name=\"twitter:site\" content=\"@clinicarotger\" \/>\n<meta name=\"twitter:label1\" content=\"Temps estimat de lectura\" \/>\n\t<meta name=\"twitter:data1\" content=\"1 minut\" \/>\n<script type=\"application\/ld+json\" class=\"yoast-schema-graph\">{\"@context\":\"https:\/\/schema.org\",\"@graph\":[{\"@type\":\"WebPage\",\"@id\":\"https:\/\/www.clinicarotger.com\/ca\/mapa-web-clinica-rotger-hospital-mallorca\/\",\"url\":\"https:\/\/www.clinicarotger.com\/ca\/mapa-web-clinica-rotger-hospital-mallorca\/\",\"name\":\"Mapa Web | Cl\u00ednica Rotger - Hospital Mallorca\",\"isPartOf\":{\"@id\":\"https:\/\/www.clinicarotger.com\/ca\/#website\"},\"datePublished\":\"2019-11-12T16:18:41+00:00\",\"dateModified\":\"2022-10-26T16:01:32+00:00\",\"description\":\"Mapa Web: Des de 1944 la Cl\u00ednica Rotger s'ha caracteritzat per una assist\u00e8ncia sanit\u00e0ria molt professional juntament amb una acurada atenci\u00f3...\",\"breadcrumb\":{\"@id\":\"https:\/\/www.clinicarotger.com\/ca\/mapa-web-clinica-rotger-hospital-mallorca\/#breadcrumb\"},\"inLanguage\":\"ca\",\"potentialAction\":[{\"@type\":\"ReadAction\",\"target\":[\"https:\/\/www.clinicarotger.com\/ca\/mapa-web-clinica-rotger-hospital-mallorca\/\"]}]},{\"@type\":\"BreadcrumbList\",\"@id\":\"https:\/\/www.clinicarotger.com\/ca\/mapa-web-clinica-rotger-hospital-mallorca\/#breadcrumb\",\"itemListElement\":[{\"@type\":\"ListItem\",\"position\":1,\"name\":\"Inicio\",\"item\":\"https:\/\/www.clinicarotger.com\/ca\/\"},{\"@type\":\"ListItem\",\"position\":2,\"name\":\"Mapa Web\"}]},{\"@type\":\"WebSite\",\"@id\":\"https:\/\/www.clinicarotger.com\/ca\/#website\",\"url\":\"https:\/\/www.clinicarotger.com\/ca\/\",\"name\":\"Cl\u00ednica Rotger\",\"description\":\"Hospital Mallorca\",\"publisher\":{\"@id\":\"https:\/\/www.clinicarotger.com\/ca\/#organization\"},\"potentialAction\":[{\"@type\":\"SearchAction\",\"target\":{\"@type\":\"EntryPoint\",\"urlTemplate\":\"https:\/\/www.clinicarotger.com\/ca\/?s={search_term_string}\"},\"query-input\":{\"@type\":\"PropertyValueSpecification\",\"valueRequired\":true,\"valueName\":\"search_term_string\"}}],\"inLanguage\":\"ca\"},{\"@type\":\"Organization\",\"@id\":\"https:\/\/www.clinicarotger.com\/ca\/#organization\",\"name\":\"Cl\u00ednica Rotger\",\"url\":\"https:\/\/www.clinicarotger.com\/ca\/\",\"logo\":{\"@type\":\"ImageObject\",\"inLanguage\":\"ca\",\"@id\":\"https:\/\/www.clinicarotger.com\/ca\/#\/schema\/logo\/image\/\",\"url\":\"https:\/\/www.clinicarotger.com\/wp-content\/uploads\/2019\/11\/clinica-rotger-logo-top.png\",\"contentUrl\":\"https:\/\/www.clinicarotger.com\/wp-content\/uploads\/2019\/11\/clinica-rotger-logo-top.png\",\"width\":324,\"height\":104,\"caption\":\"Cl\u00ednica Rotger\"},\"image\":{\"@id\":\"https:\/\/www.clinicarotger.com\/ca\/#\/schema\/logo\/image\/\"},\"sameAs\":[\"https:\/\/www.facebook.com\/clinica.rotger\/\",\"https:\/\/x.com\/clinicarotger\",\"https:\/\/twitter.com\/clinicarotger\",\"https:\/\/www.instagram.com\/quironsalud\/\",\"https:\/\/www.youtube.com\/channel\/UC1Xp5xg-r2Au-kQdIorviwg\"]}]}<\/script>\n<!-- \/ Yoast SEO plugin. -->","yoast_head_json":{"title":"Mapa Web | Cl\u00ednica Rotger - Hospital Mallorca","description":"Mapa Web: Des de 1944 la Cl\u00ednica Rotger s'ha caracteritzat per una assist\u00e8ncia sanit\u00e0ria molt professional juntament amb una acurada atenci\u00f3...","robots":{"index":"index","follow":"follow","max-snippet":"max-snippet:-1","max-image-preview":"max-image-preview:large","max-video-preview":"max-video-preview:-1"},"canonical":"https:\/\/www.clinicarotger.com\/ca\/mapa-web-clinica-rotger-hospital-mallorca\/","og_locale":"ca_ES","og_type":"article","og_title":"Mapa Web | Cl\u00ednica Rotger - Hospital Mallorca","og_description":"Mapa Web: Des de 1944 la Cl\u00ednica Rotger s'ha caracteritzat per una assist\u00e8ncia sanit\u00e0ria molt professional juntament amb una acurada atenci\u00f3...","og_url":"https:\/\/www.clinicarotger.com\/ca\/mapa-web-clinica-rotger-hospital-mallorca\/","og_site_name":"Cl\u00ednica Rotger","article_publisher":"https:\/\/www.facebook.com\/clinica.rotger\/","article_modified_time":"2022-10-26T16:01:32+00:00","og_image":[{"width":1600,"height":500,"url":"https:\/\/www.clinicarotger.com\/wp-content\/uploads\/2020\/05\/Applus-Certification-Hospital-Seguro-Covid-Clinica-Rotger-Quironsalud.jpg","type":"image\/jpeg"}],"twitter_card":"summary_large_image","twitter_site":"@clinicarotger","twitter_misc":{"Temps estimat de lectura":"1 minut"},"schema":{"@context":"https:\/\/schema.org","@graph":[{"@type":"WebPage","@id":"https:\/\/www.clinicarotger.com\/ca\/mapa-web-clinica-rotger-hospital-mallorca\/","url":"https:\/\/www.clinicarotger.com\/ca\/mapa-web-clinica-rotger-hospital-mallorca\/","name":"Mapa Web | Cl\u00ednica Rotger - Hospital Mallorca","isPartOf":{"@id":"https:\/\/www.clinicarotger.com\/ca\/#website"},"datePublished":"2019-11-12T16:18:41+00:00","dateModified":"2022-10-26T16:01:32+00:00","description":"Mapa Web: Des de 1944 la Cl\u00ednica Rotger s'ha caracteritzat per una assist\u00e8ncia sanit\u00e0ria molt professional juntament amb una acurada atenci\u00f3...","breadcrumb":{"@id":"https:\/\/www.clinicarotger.com\/ca\/mapa-web-clinica-rotger-hospital-mallorca\/#breadcrumb"},"inLanguage":"ca","potentialAction":[{"@type":"ReadAction","target":["https:\/\/www.clinicarotger.com\/ca\/mapa-web-clinica-rotger-hospital-mallorca\/"]}]},{"@type":"BreadcrumbList","@id":"https:\/\/www.clinicarotger.com\/ca\/mapa-web-clinica-rotger-hospital-mallorca\/#breadcrumb","itemListElement":[{"@type":"ListItem","position":1,"name":"Inicio","item":"https:\/\/www.clinicarotger.com\/ca\/"},{"@type":"ListItem","position":2,"name":"Mapa Web"}]},{"@type":"WebSite","@id":"https:\/\/www.clinicarotger.com\/ca\/#website","url":"https:\/\/www.clinicarotger.com\/ca\/","name":"Cl\u00ednica Rotger","description":"Hospital Mallorca","publisher":{"@id":"https:\/\/www.clinicarotger.com\/ca\/#organization"},"potentialAction":[{"@type":"SearchAction","target":{"@type":"EntryPoint","urlTemplate":"https:\/\/www.clinicarotger.com\/ca\/?s={search_term_string}"},"query-input":{"@type":"PropertyValueSpecification","valueRequired":true,"valueName":"search_term_string"}}],"inLanguage":"ca"},{"@type":"Organization","@id":"https:\/\/www.clinicarotger.com\/ca\/#organization","name":"Cl\u00ednica Rotger","url":"https:\/\/www.clinicarotger.com\/ca\/","logo":{"@type":"ImageObject","inLanguage":"ca","@id":"https:\/\/www.clinicarotger.com\/ca\/#\/schema\/logo\/image\/","url":"https:\/\/www.clinicarotger.com\/wp-content\/uploads\/2019\/11\/clinica-rotger-logo-top.png","contentUrl":"https:\/\/www.clinicarotger.com\/wp-content\/uploads\/2019\/11\/clinica-rotger-logo-top.png","width":324,"height":104,"caption":"Cl\u00ednica Rotger"},"image":{"@id":"https:\/\/www.clinicarotger.com\/ca\/#\/schema\/logo\/image\/"},"sameAs":["https:\/\/www.facebook.com\/clinica.rotger\/","https:\/\/x.com\/clinicarotger","https:\/\/twitter.com\/clinicarotger","https:\/\/www.instagram.com\/quironsalud\/","https:\/\/www.youtube.com\/channel\/UC1Xp5xg-r2Au-kQdIorviwg"]}]}},"_links":{"self":[{"href":"https:\/\/www.clinicarotger.com\/ca\/wp-json\/wp\/v2\/pages\/11548","targetHints":{"allow":["GET"]}}],"collection":[{"href":"https:\/\/www.clinicarotger.com\/ca\/wp-json\/wp\/v2\/pages"}],"about":[{"href":"https:\/\/www.clinicarotger.com\/ca\/wp-json\/wp\/v2\/types\/page"}],"author":[{"embeddable":true,"href":"https:\/\/www.clinicarotger.com\/ca\/wp-json\/wp\/v2\/users\/1"}],"replies":[{"embeddable":true,"href":"https:\/\/www.clinicarotger.com\/ca\/wp-json\/wp\/v2\/comments?post=11548"}],"version-history":[{"count":2,"href":"https:\/\/www.clinicarotger.com\/ca\/wp-json\/wp\/v2\/pages\/11548\/revisions"}],"predecessor-version":[{"id":24631,"href":"https:\/\/www.clinicarotger.com\/ca\/wp-json\/wp\/v2\/pages\/11548\/revisions\/24631"}],"wp:attachment":[{"href":"https:\/\/www.clinicarotger.com\/ca\/wp-json\/wp\/v2\/media?parent=11548"}],"curies":[{"name":"wp","href":"https:\/\/api.w.org\/{rel}","templated":true}]}}