{"id":11545,"date":"2019-12-13T11:00:28","date_gmt":"2019-12-13T10:00:28","guid":{"rendered":"https:\/\/www.clinicarotger.com\/laboratorio-clinica-rotger-hospital-mallorca\/"},"modified":"2025-06-20T12:48:05","modified_gmt":"2025-06-20T10:48:05","slug":"laboratori-clinica-rotger-hospital-mallorca","status":"publish","type":"page","link":"https:\/\/www.clinicarotger.com\/ca\/laboratori-clinica-rotger-hospital-mallorca\/","title":{"rendered":"Laboratori"},"content":{"rendered":"<p style=\"text-align: justify;\">Cl\u00ednica Rotger ofereix un servei d&#8217;An\u00e0lisis Cl\u00ednics amb una avan\u00e7ada dotaci\u00f3 tecnol\u00f2gica per assumir t\u00e8cniques d&#8217;alta complexitat aix\u00ed com a garantia de rapidesa i fiabilitat en el lliurament dels resultats. La seva ubicaci\u00f3 c\u00e8ntrica, la seva accessibilitat, els seus amplis horaris, l&#8217;atenci\u00f3 r\u00e0pida i personalitzada, aix\u00ed com el f\u00e0cil acc\u00e9s a resultats en l&#8217;Aplicaci\u00f3 del Portal del Pacient de Quir\u00f3nsalud, el converteixen en un excel\u00b7lent centre de prevenci\u00f3, diagn\u00f2stic preco\u00e7 i seguiment de les patologies.<\/p>\n","protected":false},"excerpt":{"rendered":"<p>Cl\u00ednica Rotger ofereix un servei d&#8217;An\u00e0lisis Cl\u00ednics amb una avan\u00e7ada dotaci\u00f3 tecnol\u00f2gica per assumir t\u00e8cniques d&#8217;alta complexitat aix\u00ed com a garantia de rapidesa i fiabilitat en el lliurament dels resultats. La seva ubicaci\u00f3 c\u00e8ntrica, la seva accessibilitat, els seus amplis horaris, l&#8217;atenci\u00f3 r\u00e0pida i personalitzada, aix\u00ed com el f\u00e0cil acc\u00e9s a resultats en l&#8217;Aplicaci\u00f3 del&#8230;<\/p>\n","protected":false},"author":1,"featured_media":4577,"parent":0,"menu_order":0,"comment_status":"closed","ping_status":"closed","template":"page-tipoespecialidad.php","meta":{"_price":"","_stock":"","_tribe_ticket_header":"","_tribe_default_ticket_provider":"","_tribe_ticket_capacity":"0","_ticket_start_date":"","_ticket_end_date":"","_tribe_ticket_show_description":"","_tribe_ticket_show_not_going":false,"_tribe_ticket_use_global_stock":"","_tribe_ticket_global_stock_level":"","_global_stock_mode":"","_global_stock_cap":"","_tribe_rsvp_for_event":"","_tribe_ticket_going_count":"","_tribe_ticket_not_going_count":"","_tribe_tickets_list":"[]","_tribe_ticket_has_attendee_info_fields":false,"footnotes":""},"class_list":["post-11545","page","type-page","status-publish","has-post-thumbnail","hentry"],"yoast_head":"<!-- This site is optimized with the Yoast SEO plugin v26.8 - https:\/\/yoast.com\/product\/yoast-seo-wordpress\/ -->\n<title>Laboratori An\u00e0lisis Cl\u00edniques | Cl\u00ednica Rotger - Hospital Mallorca<\/title>\n<meta name=\"description\" content=\"Laboratori An\u00e0lisis Cl\u00edniques: Cl\u00ednica Rotger ofereix un servei d&#039;An\u00e0lisis Cl\u00edniques amb una avan\u00e7ada dotaci\u00f3 tecnol\u00f2gica...\" \/>\n<meta name=\"robots\" content=\"index, follow, max-snippet:-1, max-image-preview:large, max-video-preview:-1\" \/>\n<link rel=\"canonical\" href=\"https:\/\/www.clinicarotger.com\/ca\/laboratori-clinica-rotger-hospital-mallorca\/\" \/>\n<meta property=\"og:locale\" content=\"ca_ES\" \/>\n<meta property=\"og:type\" content=\"article\" \/>\n<meta property=\"og:title\" content=\"Laboratori An\u00e0lisis Cl\u00edniques | Cl\u00ednica Rotger - Hospital Mallorca\" \/>\n<meta property=\"og:description\" content=\"Laboratori An\u00e0lisis Cl\u00edniques: Cl\u00ednica Rotger ofereix un servei d&#039;An\u00e0lisis Cl\u00edniques amb una avan\u00e7ada dotaci\u00f3 tecnol\u00f2gica...\" \/>\n<meta property=\"og:url\" content=\"https:\/\/www.clinicarotger.com\/ca\/laboratori-clinica-rotger-hospital-mallorca\/\" \/>\n<meta property=\"og:site_name\" content=\"Cl\u00ednica Rotger\" \/>\n<meta property=\"article:publisher\" content=\"https:\/\/www.facebook.com\/clinica.rotger\/\" \/>\n<meta property=\"article:modified_time\" content=\"2025-06-20T10:48:05+00:00\" \/>\n<meta property=\"og:image\" content=\"https:\/\/www.clinicarotger.com\/wp-content\/uploads\/2019\/12\/Clinica-Rotger-Hospital-Mallorca-Laboratorio-Analisis-Clinicos-4.jpg\" \/>\n\t<meta property=\"og:image:width\" content=\"1200\" \/>\n\t<meta property=\"og:image:height\" content=\"500\" \/>\n\t<meta property=\"og:image:type\" content=\"image\/jpeg\" \/>\n<meta name=\"twitter:card\" content=\"summary_large_image\" \/>\n<meta name=\"twitter:site\" content=\"@clinicarotger\" \/>\n<meta name=\"twitter:label1\" content=\"Temps estimat de lectura\" \/>\n\t<meta name=\"twitter:data1\" content=\"1 minut\" \/>\n<script type=\"application\/ld+json\" class=\"yoast-schema-graph\">{\"@context\":\"https:\/\/schema.org\",\"@graph\":[{\"@type\":\"WebPage\",\"@id\":\"https:\/\/www.clinicarotger.com\/ca\/laboratori-clinica-rotger-hospital-mallorca\/\",\"url\":\"https:\/\/www.clinicarotger.com\/ca\/laboratori-clinica-rotger-hospital-mallorca\/\",\"name\":\"Laboratori An\u00e0lisis Cl\u00edniques | Cl\u00ednica Rotger - Hospital Mallorca\",\"isPartOf\":{\"@id\":\"https:\/\/www.clinicarotger.com\/ca\/#website\"},\"primaryImageOfPage\":{\"@id\":\"https:\/\/www.clinicarotger.com\/ca\/laboratori-clinica-rotger-hospital-mallorca\/#primaryimage\"},\"image\":{\"@id\":\"https:\/\/www.clinicarotger.com\/ca\/laboratori-clinica-rotger-hospital-mallorca\/#primaryimage\"},\"thumbnailUrl\":\"https:\/\/www.clinicarotger.com\/wp-content\/uploads\/2019\/12\/Clinica-Rotger-Hospital-Mallorca-Laboratorio-Analisis-Clinicos-4.jpg\",\"datePublished\":\"2019-12-13T10:00:28+00:00\",\"dateModified\":\"2025-06-20T10:48:05+00:00\",\"description\":\"Laboratori An\u00e0lisis Cl\u00edniques: Cl\u00ednica Rotger ofereix un servei d'An\u00e0lisis Cl\u00edniques amb una avan\u00e7ada dotaci\u00f3 tecnol\u00f2gica...\",\"breadcrumb\":{\"@id\":\"https:\/\/www.clinicarotger.com\/ca\/laboratori-clinica-rotger-hospital-mallorca\/#breadcrumb\"},\"inLanguage\":\"ca\",\"potentialAction\":[{\"@type\":\"ReadAction\",\"target\":[\"https:\/\/www.clinicarotger.com\/ca\/laboratori-clinica-rotger-hospital-mallorca\/\"]}]},{\"@type\":\"ImageObject\",\"inLanguage\":\"ca\",\"@id\":\"https:\/\/www.clinicarotger.com\/ca\/laboratori-clinica-rotger-hospital-mallorca\/#primaryimage\",\"url\":\"https:\/\/www.clinicarotger.com\/wp-content\/uploads\/2019\/12\/Clinica-Rotger-Hospital-Mallorca-Laboratorio-Analisis-Clinicos-4.jpg\",\"contentUrl\":\"https:\/\/www.clinicarotger.com\/wp-content\/uploads\/2019\/12\/Clinica-Rotger-Hospital-Mallorca-Laboratorio-Analisis-Clinicos-4.jpg\",\"width\":1200,\"height\":500,\"caption\":\"Cl\u00ednica-Rotger-Hospital-Mallorca-Laboratorio-An\u00e1lisis-Cl\u00ednicos\"},{\"@type\":\"BreadcrumbList\",\"@id\":\"https:\/\/www.clinicarotger.com\/ca\/laboratori-clinica-rotger-hospital-mallorca\/#breadcrumb\",\"itemListElement\":[{\"@type\":\"ListItem\",\"position\":1,\"name\":\"Inicio\",\"item\":\"https:\/\/www.clinicarotger.com\/ca\/\"},{\"@type\":\"ListItem\",\"position\":2,\"name\":\"Laboratori\"}]},{\"@type\":\"WebSite\",\"@id\":\"https:\/\/www.clinicarotger.com\/ca\/#website\",\"url\":\"https:\/\/www.clinicarotger.com\/ca\/\",\"name\":\"Cl\u00ednica Rotger\",\"description\":\"Hospital Mallorca\",\"publisher\":{\"@id\":\"https:\/\/www.clinicarotger.com\/ca\/#organization\"},\"potentialAction\":[{\"@type\":\"SearchAction\",\"target\":{\"@type\":\"EntryPoint\",\"urlTemplate\":\"https:\/\/www.clinicarotger.com\/ca\/?s={search_term_string}\"},\"query-input\":{\"@type\":\"PropertyValueSpecification\",\"valueRequired\":true,\"valueName\":\"search_term_string\"}}],\"inLanguage\":\"ca\"},{\"@type\":\"Organization\",\"@id\":\"https:\/\/www.clinicarotger.com\/ca\/#organization\",\"name\":\"Cl\u00ednica Rotger\",\"url\":\"https:\/\/www.clinicarotger.com\/ca\/\",\"logo\":{\"@type\":\"ImageObject\",\"inLanguage\":\"ca\",\"@id\":\"https:\/\/www.clinicarotger.com\/ca\/#\/schema\/logo\/image\/\",\"url\":\"https:\/\/www.clinicarotger.com\/wp-content\/uploads\/2019\/11\/clinica-rotger-logo-top.png\",\"contentUrl\":\"https:\/\/www.clinicarotger.com\/wp-content\/uploads\/2019\/11\/clinica-rotger-logo-top.png\",\"width\":324,\"height\":104,\"caption\":\"Cl\u00ednica Rotger\"},\"image\":{\"@id\":\"https:\/\/www.clinicarotger.com\/ca\/#\/schema\/logo\/image\/\"},\"sameAs\":[\"https:\/\/www.facebook.com\/clinica.rotger\/\",\"https:\/\/x.com\/clinicarotger\",\"https:\/\/twitter.com\/clinicarotger\",\"https:\/\/www.instagram.com\/quironsalud\/\",\"https:\/\/www.youtube.com\/channel\/UC1Xp5xg-r2Au-kQdIorviwg\"]}]}<\/script>\n<!-- \/ Yoast SEO plugin. -->","yoast_head_json":{"title":"Laboratori An\u00e0lisis Cl\u00edniques | Cl\u00ednica Rotger - Hospital Mallorca","description":"Laboratori An\u00e0lisis Cl\u00edniques: Cl\u00ednica Rotger ofereix un servei d'An\u00e0lisis Cl\u00edniques amb una avan\u00e7ada dotaci\u00f3 tecnol\u00f2gica...","robots":{"index":"index","follow":"follow","max-snippet":"max-snippet:-1","max-image-preview":"max-image-preview:large","max-video-preview":"max-video-preview:-1"},"canonical":"https:\/\/www.clinicarotger.com\/ca\/laboratori-clinica-rotger-hospital-mallorca\/","og_locale":"ca_ES","og_type":"article","og_title":"Laboratori An\u00e0lisis Cl\u00edniques | Cl\u00ednica Rotger - Hospital Mallorca","og_description":"Laboratori An\u00e0lisis Cl\u00edniques: Cl\u00ednica Rotger ofereix un servei d'An\u00e0lisis Cl\u00edniques amb una avan\u00e7ada dotaci\u00f3 tecnol\u00f2gica...","og_url":"https:\/\/www.clinicarotger.com\/ca\/laboratori-clinica-rotger-hospital-mallorca\/","og_site_name":"Cl\u00ednica Rotger","article_publisher":"https:\/\/www.facebook.com\/clinica.rotger\/","article_modified_time":"2025-06-20T10:48:05+00:00","og_image":[{"width":1200,"height":500,"url":"https:\/\/www.clinicarotger.com\/wp-content\/uploads\/2019\/12\/Clinica-Rotger-Hospital-Mallorca-Laboratorio-Analisis-Clinicos-4.jpg","type":"image\/jpeg"}],"twitter_card":"summary_large_image","twitter_site":"@clinicarotger","twitter_misc":{"Temps estimat de lectura":"1 minut"},"schema":{"@context":"https:\/\/schema.org","@graph":[{"@type":"WebPage","@id":"https:\/\/www.clinicarotger.com\/ca\/laboratori-clinica-rotger-hospital-mallorca\/","url":"https:\/\/www.clinicarotger.com\/ca\/laboratori-clinica-rotger-hospital-mallorca\/","name":"Laboratori An\u00e0lisis Cl\u00edniques | Cl\u00ednica Rotger - Hospital Mallorca","isPartOf":{"@id":"https:\/\/www.clinicarotger.com\/ca\/#website"},"primaryImageOfPage":{"@id":"https:\/\/www.clinicarotger.com\/ca\/laboratori-clinica-rotger-hospital-mallorca\/#primaryimage"},"image":{"@id":"https:\/\/www.clinicarotger.com\/ca\/laboratori-clinica-rotger-hospital-mallorca\/#primaryimage"},"thumbnailUrl":"https:\/\/www.clinicarotger.com\/wp-content\/uploads\/2019\/12\/Clinica-Rotger-Hospital-Mallorca-Laboratorio-Analisis-Clinicos-4.jpg","datePublished":"2019-12-13T10:00:28+00:00","dateModified":"2025-06-20T10:48:05+00:00","description":"Laboratori An\u00e0lisis Cl\u00edniques: Cl\u00ednica Rotger ofereix un servei d'An\u00e0lisis Cl\u00edniques amb una avan\u00e7ada dotaci\u00f3 tecnol\u00f2gica...","breadcrumb":{"@id":"https:\/\/www.clinicarotger.com\/ca\/laboratori-clinica-rotger-hospital-mallorca\/#breadcrumb"},"inLanguage":"ca","potentialAction":[{"@type":"ReadAction","target":["https:\/\/www.clinicarotger.com\/ca\/laboratori-clinica-rotger-hospital-mallorca\/"]}]},{"@type":"ImageObject","inLanguage":"ca","@id":"https:\/\/www.clinicarotger.com\/ca\/laboratori-clinica-rotger-hospital-mallorca\/#primaryimage","url":"https:\/\/www.clinicarotger.com\/wp-content\/uploads\/2019\/12\/Clinica-Rotger-Hospital-Mallorca-Laboratorio-Analisis-Clinicos-4.jpg","contentUrl":"https:\/\/www.clinicarotger.com\/wp-content\/uploads\/2019\/12\/Clinica-Rotger-Hospital-Mallorca-Laboratorio-Analisis-Clinicos-4.jpg","width":1200,"height":500,"caption":"Cl\u00ednica-Rotger-Hospital-Mallorca-Laboratorio-An\u00e1lisis-Cl\u00ednicos"},{"@type":"BreadcrumbList","@id":"https:\/\/www.clinicarotger.com\/ca\/laboratori-clinica-rotger-hospital-mallorca\/#breadcrumb","itemListElement":[{"@type":"ListItem","position":1,"name":"Inicio","item":"https:\/\/www.clinicarotger.com\/ca\/"},{"@type":"ListItem","position":2,"name":"Laboratori"}]},{"@type":"WebSite","@id":"https:\/\/www.clinicarotger.com\/ca\/#website","url":"https:\/\/www.clinicarotger.com\/ca\/","name":"Cl\u00ednica Rotger","description":"Hospital Mallorca","publisher":{"@id":"https:\/\/www.clinicarotger.com\/ca\/#organization"},"potentialAction":[{"@type":"SearchAction","target":{"@type":"EntryPoint","urlTemplate":"https:\/\/www.clinicarotger.com\/ca\/?s={search_term_string}"},"query-input":{"@type":"PropertyValueSpecification","valueRequired":true,"valueName":"search_term_string"}}],"inLanguage":"ca"},{"@type":"Organization","@id":"https:\/\/www.clinicarotger.com\/ca\/#organization","name":"Cl\u00ednica Rotger","url":"https:\/\/www.clinicarotger.com\/ca\/","logo":{"@type":"ImageObject","inLanguage":"ca","@id":"https:\/\/www.clinicarotger.com\/ca\/#\/schema\/logo\/image\/","url":"https:\/\/www.clinicarotger.com\/wp-content\/uploads\/2019\/11\/clinica-rotger-logo-top.png","contentUrl":"https:\/\/www.clinicarotger.com\/wp-content\/uploads\/2019\/11\/clinica-rotger-logo-top.png","width":324,"height":104,"caption":"Cl\u00ednica Rotger"},"image":{"@id":"https:\/\/www.clinicarotger.com\/ca\/#\/schema\/logo\/image\/"},"sameAs":["https:\/\/www.facebook.com\/clinica.rotger\/","https:\/\/x.com\/clinicarotger","https:\/\/twitter.com\/clinicarotger","https:\/\/www.instagram.com\/quironsalud\/","https:\/\/www.youtube.com\/channel\/UC1Xp5xg-r2Au-kQdIorviwg"]}]}},"_links":{"self":[{"href":"https:\/\/www.clinicarotger.com\/ca\/wp-json\/wp\/v2\/pages\/11545","targetHints":{"allow":["GET"]}}],"collection":[{"href":"https:\/\/www.clinicarotger.com\/ca\/wp-json\/wp\/v2\/pages"}],"about":[{"href":"https:\/\/www.clinicarotger.com\/ca\/wp-json\/wp\/v2\/types\/page"}],"author":[{"embeddable":true,"href":"https:\/\/www.clinicarotger.com\/ca\/wp-json\/wp\/v2\/users\/1"}],"replies":[{"embeddable":true,"href":"https:\/\/www.clinicarotger.com\/ca\/wp-json\/wp\/v2\/comments?post=11545"}],"version-history":[{"count":4,"href":"https:\/\/www.clinicarotger.com\/ca\/wp-json\/wp\/v2\/pages\/11545\/revisions"}],"predecessor-version":[{"id":13848,"href":"https:\/\/www.clinicarotger.com\/ca\/wp-json\/wp\/v2\/pages\/11545\/revisions\/13848"}],"wp:featuredmedia":[{"embeddable":true,"href":"https:\/\/www.clinicarotger.com\/ca\/wp-json\/wp\/v2\/media\/4577"}],"wp:attachment":[{"href":"https:\/\/www.clinicarotger.com\/ca\/wp-json\/wp\/v2\/media?parent=11545"}],"curies":[{"name":"wp","href":"https:\/\/api.w.org\/{rel}","templated":true}]}}